{"id":131892,"date":"2022-02-18T13:22:03","date_gmt":"2022-02-18T12:22:03","guid":{"rendered":"https:\/\/www.mdirector.com\/sms-marketing\/"},"modified":"2024-05-03T11:29:17","modified_gmt":"2024-05-03T09:29:17","slug":"sms-marketing-mobile","status":"publish","type":"page","link":"https:\/\/www.mdirector.com\/fr\/sms-marketing-mobile\/","title":{"rendered":"SMS Marketing"},"content":{"rendered":"<p>Augmentez l&rsquo;efficacit\u00e9 de vos campagnes de Marketing Digital avec le SMS, un outil direct et rapide avec un taux d&rsquo;ouverture \u00e9lev\u00e9. Ainsi, vous pouvez informer vos clients des nouveaux produits, des promotions, des mises \u00e0 jour, de l&rsquo;\u00e9tat des commandes et faire passer votre communication au niveau sup\u00e9rieur.<\/p>\n","protected":false},"excerpt":{"rendered":"<p>Augmentez l&rsquo;efficacit\u00e9 de vos campagnes de Marketing Digital avec le SMS, un outil direct et rapide avec un taux d&rsquo;ouverture \u00e9lev\u00e9. Ainsi, vous pouvez informer vos clients des nouveaux produits, des promotions, des mises \u00e0 [&hellip;]<\/p>\n","protected":false},"author":5,"featured_media":144972,"parent":132131,"menu_order":20,"comment_status":"closed","ping_status":"closed","template":"template-solution.php","meta":{"_lmt_disableupdate":"","_lmt_disable":"","rating_form_position":"","rating_results_position":"","mr_structured_data_type":"","footnotes":""},"class_list":["post-131892","page","type-page","status-publish","has-post-thumbnail","hentry"],"acf":[],"yoast_head":"<!-- This site is optimized with the Yoast SEO plugin v25.3 - https:\/\/yoast.com\/wordpress\/plugins\/seo\/ -->\n<title>Plataforma de SMS Marketing<\/title>\n<meta name=\"description\" content=\"Complementa tu estrategia de emailing con SMS Marketing. Env\u00eda SMS masivos a cualquier pa\u00eds del mundo y llega al dispositivo de mayor uso con MDirector.\" \/>\n<meta name=\"robots\" content=\"noindex, nofollow\" \/>\n<meta property=\"og:locale\" content=\"fr_FR\" \/>\n<meta property=\"og:type\" content=\"article\" \/>\n<meta property=\"og:title\" content=\"Plataforma de SMS Marketing\" \/>\n<meta property=\"og:description\" content=\"Complementa tu estrategia de emailing con SMS Marketing. Env\u00eda SMS masivos a cualquier pa\u00eds del mundo y llega al dispositivo de mayor uso con MDirector.\" \/>\n<meta property=\"og:url\" content=\"https:\/\/www.mdirector.com\/fr\/sms-marketing-mobile\/\" \/>\n<meta property=\"og:site_name\" content=\"MDirector\" \/>\n<meta property=\"article:publisher\" content=\"https:\/\/www.facebook.com\/MDirector.es\" \/>\n<meta property=\"article:modified_time\" content=\"2024-05-03T09:29:17+00:00\" \/>\n<meta property=\"og:image\" content=\"https:\/\/www.mdirector.com\/wp-content\/uploads\/2023\/04\/home-slider-02.png\" \/>\n\t<meta property=\"og:image:width\" content=\"800\" \/>\n\t<meta property=\"og:image:height\" content=\"600\" \/>\n\t<meta property=\"og:image:type\" content=\"image\/png\" \/>\n<meta name=\"twitter:card\" content=\"summary_large_image\" \/>\n<meta name=\"twitter:site\" content=\"@emailMDirector\" \/>\n<meta name=\"twitter:label1\" content=\"Dur\u00e9e de lecture estim\u00e9e\" \/>\n\t<meta name=\"twitter:data1\" content=\"1 minute\" \/>\n<script type=\"application\/ld+json\" class=\"yoast-schema-graph\">{\"@context\":\"https:\/\/schema.org\",\"@graph\":[{\"@type\":\"WebPage\",\"@id\":\"https:\/\/www.mdirector.com\/fr\/sms-marketing-mobile\/\",\"url\":\"https:\/\/www.mdirector.com\/fr\/sms-marketing-mobile\/\",\"name\":\"Plataforma de SMS Marketing\",\"isPartOf\":{\"@id\":\"https:\/\/www.mdirector.com\/fr\/#website\"},\"primaryImageOfPage\":{\"@id\":\"https:\/\/www.mdirector.com\/fr\/sms-marketing-mobile\/#primaryimage\"},\"image\":{\"@id\":\"https:\/\/www.mdirector.com\/fr\/sms-marketing-mobile\/#primaryimage\"},\"thumbnailUrl\":\"https:\/\/www.mdirector.com\/wp-content\/uploads\/2023\/04\/home-slider-02.png\",\"datePublished\":\"2022-02-18T12:22:03+00:00\",\"dateModified\":\"2024-05-03T09:29:17+00:00\",\"description\":\"Complementa tu estrategia de emailing con SMS Marketing. Env\u00eda SMS masivos a cualquier pa\u00eds del mundo y llega al dispositivo de mayor uso con MDirector.\",\"breadcrumb\":{\"@id\":\"https:\/\/www.mdirector.com\/fr\/sms-marketing-mobile\/#breadcrumb\"},\"inLanguage\":\"fr-FR\",\"potentialAction\":[{\"@type\":\"ReadAction\",\"target\":[\"https:\/\/www.mdirector.com\/fr\/sms-marketing-mobile\/\"]}]},{\"@type\":\"ImageObject\",\"inLanguage\":\"fr-FR\",\"@id\":\"https:\/\/www.mdirector.com\/fr\/sms-marketing-mobile\/#primaryimage\",\"url\":\"https:\/\/www.mdirector.com\/wp-content\/uploads\/2023\/04\/home-slider-02.png\",\"contentUrl\":\"https:\/\/www.mdirector.com\/wp-content\/uploads\/2023\/04\/home-slider-02.png\",\"width\":800,\"height\":600},{\"@type\":\"BreadcrumbList\",\"@id\":\"https:\/\/www.mdirector.com\/fr\/sms-marketing-mobile\/#breadcrumb\",\"itemListElement\":[{\"@type\":\"ListItem\",\"position\":1,\"name\":\"Inicio\",\"item\":\"https:\/\/www.mdirector.com\/fr\/\"},{\"@type\":\"ListItem\",\"position\":2,\"name\":\"Soluciones\",\"item\":\"https:\/\/www.mdirector.com\/fr\/soluciones\/\"},{\"@type\":\"ListItem\",\"position\":3,\"name\":\"SMS Marketing\"}]},{\"@type\":\"WebSite\",\"@id\":\"https:\/\/www.mdirector.com\/fr\/#website\",\"url\":\"https:\/\/www.mdirector.com\/fr\/\",\"name\":\"MDirector\",\"description\":\"\",\"publisher\":{\"@id\":\"https:\/\/www.mdirector.com\/fr\/#organization\"},\"potentialAction\":[{\"@type\":\"SearchAction\",\"target\":{\"@type\":\"EntryPoint\",\"urlTemplate\":\"https:\/\/www.mdirector.com\/fr\/?s={search_term_string}\"},\"query-input\":{\"@type\":\"PropertyValueSpecification\",\"valueRequired\":true,\"valueName\":\"search_term_string\"}}],\"inLanguage\":\"fr-FR\"},{\"@type\":\"Organization\",\"@id\":\"https:\/\/www.mdirector.com\/fr\/#organization\",\"name\":\"MDirector\",\"url\":\"https:\/\/www.mdirector.com\/fr\/\",\"logo\":{\"@type\":\"ImageObject\",\"inLanguage\":\"fr-FR\",\"@id\":\"https:\/\/www.mdirector.com\/fr\/#\/schema\/logo\/image\/\",\"url\":\"https:\/\/www.mdirector.com\/wp-content\/uploads\/2023\/01\/mdirectorbimi-ok23-tiny-ps.svg\",\"contentUrl\":\"https:\/\/www.mdirector.com\/wp-content\/uploads\/2023\/01\/mdirectorbimi-ok23-tiny-ps.svg\",\"width\":401,\"height\":401,\"caption\":\"MDirector\"},\"image\":{\"@id\":\"https:\/\/www.mdirector.com\/fr\/#\/schema\/logo\/image\/\"},\"sameAs\":[\"https:\/\/www.facebook.com\/MDirector.es\",\"https:\/\/x.com\/emailMDirector\",\"https:\/\/www.linkedin.com\/company\/1373906\/\"]}]}<\/script>\n<!-- \/ Yoast SEO plugin. -->","yoast_head_json":{"title":"Plataforma de SMS Marketing","description":"Complementa tu estrategia de emailing con SMS Marketing. Env\u00eda SMS masivos a cualquier pa\u00eds del mundo y llega al dispositivo de mayor uso con MDirector.","robots":{"index":"noindex","follow":"nofollow"},"og_locale":"fr_FR","og_type":"article","og_title":"Plataforma de SMS Marketing","og_description":"Complementa tu estrategia de emailing con SMS Marketing. Env\u00eda SMS masivos a cualquier pa\u00eds del mundo y llega al dispositivo de mayor uso con MDirector.","og_url":"https:\/\/www.mdirector.com\/fr\/sms-marketing-mobile\/","og_site_name":"MDirector","article_publisher":"https:\/\/www.facebook.com\/MDirector.es","article_modified_time":"2024-05-03T09:29:17+00:00","og_image":[{"width":800,"height":600,"url":"https:\/\/www.mdirector.com\/wp-content\/uploads\/2023\/04\/home-slider-02.png","type":"image\/png"}],"twitter_card":"summary_large_image","twitter_site":"@emailMDirector","twitter_misc":{"Dur\u00e9e de lecture estim\u00e9e":"1 minute"},"schema":{"@context":"https:\/\/schema.org","@graph":[{"@type":"WebPage","@id":"https:\/\/www.mdirector.com\/fr\/sms-marketing-mobile\/","url":"https:\/\/www.mdirector.com\/fr\/sms-marketing-mobile\/","name":"Plataforma de SMS Marketing","isPartOf":{"@id":"https:\/\/www.mdirector.com\/fr\/#website"},"primaryImageOfPage":{"@id":"https:\/\/www.mdirector.com\/fr\/sms-marketing-mobile\/#primaryimage"},"image":{"@id":"https:\/\/www.mdirector.com\/fr\/sms-marketing-mobile\/#primaryimage"},"thumbnailUrl":"https:\/\/www.mdirector.com\/wp-content\/uploads\/2023\/04\/home-slider-02.png","datePublished":"2022-02-18T12:22:03+00:00","dateModified":"2024-05-03T09:29:17+00:00","description":"Complementa tu estrategia de emailing con SMS Marketing. Env\u00eda SMS masivos a cualquier pa\u00eds del mundo y llega al dispositivo de mayor uso con MDirector.","breadcrumb":{"@id":"https:\/\/www.mdirector.com\/fr\/sms-marketing-mobile\/#breadcrumb"},"inLanguage":"fr-FR","potentialAction":[{"@type":"ReadAction","target":["https:\/\/www.mdirector.com\/fr\/sms-marketing-mobile\/"]}]},{"@type":"ImageObject","inLanguage":"fr-FR","@id":"https:\/\/www.mdirector.com\/fr\/sms-marketing-mobile\/#primaryimage","url":"https:\/\/www.mdirector.com\/wp-content\/uploads\/2023\/04\/home-slider-02.png","contentUrl":"https:\/\/www.mdirector.com\/wp-content\/uploads\/2023\/04\/home-slider-02.png","width":800,"height":600},{"@type":"BreadcrumbList","@id":"https:\/\/www.mdirector.com\/fr\/sms-marketing-mobile\/#breadcrumb","itemListElement":[{"@type":"ListItem","position":1,"name":"Inicio","item":"https:\/\/www.mdirector.com\/fr\/"},{"@type":"ListItem","position":2,"name":"Soluciones","item":"https:\/\/www.mdirector.com\/fr\/soluciones\/"},{"@type":"ListItem","position":3,"name":"SMS Marketing"}]},{"@type":"WebSite","@id":"https:\/\/www.mdirector.com\/fr\/#website","url":"https:\/\/www.mdirector.com\/fr\/","name":"MDirector","description":"","publisher":{"@id":"https:\/\/www.mdirector.com\/fr\/#organization"},"potentialAction":[{"@type":"SearchAction","target":{"@type":"EntryPoint","urlTemplate":"https:\/\/www.mdirector.com\/fr\/?s={search_term_string}"},"query-input":{"@type":"PropertyValueSpecification","valueRequired":true,"valueName":"search_term_string"}}],"inLanguage":"fr-FR"},{"@type":"Organization","@id":"https:\/\/www.mdirector.com\/fr\/#organization","name":"MDirector","url":"https:\/\/www.mdirector.com\/fr\/","logo":{"@type":"ImageObject","inLanguage":"fr-FR","@id":"https:\/\/www.mdirector.com\/fr\/#\/schema\/logo\/image\/","url":"https:\/\/www.mdirector.com\/wp-content\/uploads\/2023\/01\/mdirectorbimi-ok23-tiny-ps.svg","contentUrl":"https:\/\/www.mdirector.com\/wp-content\/uploads\/2023\/01\/mdirectorbimi-ok23-tiny-ps.svg","width":401,"height":401,"caption":"MDirector"},"image":{"@id":"https:\/\/www.mdirector.com\/fr\/#\/schema\/logo\/image\/"},"sameAs":["https:\/\/www.facebook.com\/MDirector.es","https:\/\/x.com\/emailMDirector","https:\/\/www.linkedin.com\/company\/1373906\/"]}]}},"multi-rating":{"mr_rating_results":[]},"_links":{"self":[{"href":"https:\/\/www.mdirector.com\/fr\/wp-json\/wp\/v2\/pages\/131892","targetHints":{"allow":["GET"]}}],"collection":[{"href":"https:\/\/www.mdirector.com\/fr\/wp-json\/wp\/v2\/pages"}],"about":[{"href":"https:\/\/www.mdirector.com\/fr\/wp-json\/wp\/v2\/types\/page"}],"author":[{"embeddable":true,"href":"https:\/\/www.mdirector.com\/fr\/wp-json\/wp\/v2\/users\/5"}],"replies":[{"embeddable":true,"href":"https:\/\/www.mdirector.com\/fr\/wp-json\/wp\/v2\/comments?post=131892"}],"version-history":[{"count":0,"href":"https:\/\/www.mdirector.com\/fr\/wp-json\/wp\/v2\/pages\/131892\/revisions"}],"up":[{"embeddable":true,"href":"https:\/\/www.mdirector.com\/fr\/wp-json\/wp\/v2\/pages\/132131"}],"wp:featuredmedia":[{"embeddable":true,"href":"https:\/\/www.mdirector.com\/fr\/wp-json\/wp\/v2\/media\/144972"}],"wp:attachment":[{"href":"https:\/\/www.mdirector.com\/fr\/wp-json\/wp\/v2\/media?parent=131892"}],"curies":[{"name":"wp","href":"https:\/\/api.w.org\/{rel}","templated":true}]}}