{"id":131907,"date":"2022-02-18T13:22:23","date_gmt":"2022-02-18T12:22:23","guid":{"rendered":"https:\/\/www.mdirector.com\/landing-optimizer\/"},"modified":"2024-05-03T11:29:13","modified_gmt":"2024-05-03T09:29:13","slug":"landing-optimizer","status":"publish","type":"page","link":"https:\/\/www.mdirector.com\/fr\/landing-optimizer\/","title":{"rendered":"Landing Optimizer"},"content":{"rendered":"<p>Attirez du trafic vers votre entreprise sans vous laisser distraire gr\u00e2ce \u00e0 <strong>Landing Optimizer<\/strong>, qui cr\u00e9e des pages de renvoi d\u00e9di\u00e9es et optimis\u00e9es en fonction de vos objectifs commerciaux. Concevez facilement vos mod\u00e8les gr\u00e2ce \u00e0 nos mod\u00e8les pr\u00e9con\u00e7us et \u00e0 notre \u00e9diteur Drag &amp; Drop. Vous pouvez ainsi g\u00e9n\u00e9rer des pistes et les inciter \u00e0 agir.<\/p>\n","protected":false},"excerpt":{"rendered":"<p>Attirez du trafic vers votre entreprise sans vous laisser distraire gr\u00e2ce \u00e0 Landing Optimizer, qui cr\u00e9e des pages de renvoi d\u00e9di\u00e9es et optimis\u00e9es en fonction de vos objectifs commerciaux. Concevez facilement vos mod\u00e8les gr\u00e2ce \u00e0 [&hellip;]<\/p>\n","protected":false},"author":5,"featured_media":144982,"parent":132131,"menu_order":19,"comment_status":"closed","ping_status":"closed","template":"template-solution.php","meta":{"_lmt_disableupdate":"","_lmt_disable":"","rating_form_position":"","rating_results_position":"","mr_structured_data_type":"","footnotes":""},"class_list":["post-131907","page","type-page","status-publish","has-post-thumbnail","hentry"],"acf":[],"yoast_head":"<!-- This site is optimized with the Yoast SEO plugin v25.3 - https:\/\/yoast.com\/wordpress\/plugins\/seo\/ -->\n<title>Landing Optimizer - Software de landing pages<\/title>\n<meta name=\"description\" content=\"Crea de forma sencilla y sin necesidad de conocimientos t\u00e9cnicos p\u00e1ginas de aterrizaje de alta conversi\u00f3n con Landing Optimizer el software de MDirector.\" \/>\n<meta name=\"robots\" content=\"noindex, nofollow\" \/>\n<meta property=\"og:locale\" content=\"fr_FR\" \/>\n<meta property=\"og:type\" content=\"article\" \/>\n<meta property=\"og:title\" content=\"Landing Optimizer - Software de landing pages\" \/>\n<meta property=\"og:description\" content=\"Crea de forma sencilla y sin necesidad de conocimientos t\u00e9cnicos p\u00e1ginas de aterrizaje de alta conversi\u00f3n con Landing Optimizer el software de MDirector.\" \/>\n<meta property=\"og:url\" content=\"https:\/\/www.mdirector.com\/fr\/landing-optimizer\/\" \/>\n<meta property=\"og:site_name\" content=\"MDirector\" \/>\n<meta property=\"article:publisher\" content=\"https:\/\/www.facebook.com\/MDirector.es\" \/>\n<meta property=\"article:modified_time\" content=\"2024-05-03T09:29:13+00:00\" \/>\n<meta property=\"og:image\" content=\"https:\/\/www.mdirector.com\/wp-content\/uploads\/2023\/04\/home-slider-04.png\" \/>\n\t<meta property=\"og:image:width\" content=\"800\" \/>\n\t<meta property=\"og:image:height\" content=\"600\" \/>\n\t<meta property=\"og:image:type\" content=\"image\/png\" \/>\n<meta name=\"twitter:card\" content=\"summary_large_image\" \/>\n<meta name=\"twitter:site\" content=\"@emailMDirector\" \/>\n<meta name=\"twitter:label1\" content=\"Dur\u00e9e de lecture estim\u00e9e\" \/>\n\t<meta name=\"twitter:data1\" content=\"1 minute\" \/>\n<script type=\"application\/ld+json\" class=\"yoast-schema-graph\">{\"@context\":\"https:\/\/schema.org\",\"@graph\":[{\"@type\":\"WebPage\",\"@id\":\"https:\/\/www.mdirector.com\/fr\/landing-optimizer\/\",\"url\":\"https:\/\/www.mdirector.com\/fr\/landing-optimizer\/\",\"name\":\"Landing Optimizer - Software de landing pages\",\"isPartOf\":{\"@id\":\"https:\/\/www.mdirector.com\/fr\/#website\"},\"primaryImageOfPage\":{\"@id\":\"https:\/\/www.mdirector.com\/fr\/landing-optimizer\/#primaryimage\"},\"image\":{\"@id\":\"https:\/\/www.mdirector.com\/fr\/landing-optimizer\/#primaryimage\"},\"thumbnailUrl\":\"https:\/\/www.mdirector.com\/wp-content\/uploads\/2023\/04\/home-slider-04.png\",\"datePublished\":\"2022-02-18T12:22:23+00:00\",\"dateModified\":\"2024-05-03T09:29:13+00:00\",\"description\":\"Crea de forma sencilla y sin necesidad de conocimientos t\u00e9cnicos p\u00e1ginas de aterrizaje de alta conversi\u00f3n con Landing Optimizer el software de MDirector.\",\"breadcrumb\":{\"@id\":\"https:\/\/www.mdirector.com\/fr\/landing-optimizer\/#breadcrumb\"},\"inLanguage\":\"fr-FR\",\"potentialAction\":[{\"@type\":\"ReadAction\",\"target\":[\"https:\/\/www.mdirector.com\/fr\/landing-optimizer\/\"]}]},{\"@type\":\"ImageObject\",\"inLanguage\":\"fr-FR\",\"@id\":\"https:\/\/www.mdirector.com\/fr\/landing-optimizer\/#primaryimage\",\"url\":\"https:\/\/www.mdirector.com\/wp-content\/uploads\/2023\/04\/home-slider-04.png\",\"contentUrl\":\"https:\/\/www.mdirector.com\/wp-content\/uploads\/2023\/04\/home-slider-04.png\",\"width\":800,\"height\":600},{\"@type\":\"BreadcrumbList\",\"@id\":\"https:\/\/www.mdirector.com\/fr\/landing-optimizer\/#breadcrumb\",\"itemListElement\":[{\"@type\":\"ListItem\",\"position\":1,\"name\":\"Inicio\",\"item\":\"https:\/\/www.mdirector.com\/fr\/\"},{\"@type\":\"ListItem\",\"position\":2,\"name\":\"Soluciones\",\"item\":\"https:\/\/www.mdirector.com\/fr\/soluciones\/\"},{\"@type\":\"ListItem\",\"position\":3,\"name\":\"Landing Optimizer\"}]},{\"@type\":\"WebSite\",\"@id\":\"https:\/\/www.mdirector.com\/fr\/#website\",\"url\":\"https:\/\/www.mdirector.com\/fr\/\",\"name\":\"MDirector\",\"description\":\"\",\"publisher\":{\"@id\":\"https:\/\/www.mdirector.com\/fr\/#organization\"},\"potentialAction\":[{\"@type\":\"SearchAction\",\"target\":{\"@type\":\"EntryPoint\",\"urlTemplate\":\"https:\/\/www.mdirector.com\/fr\/?s={search_term_string}\"},\"query-input\":{\"@type\":\"PropertyValueSpecification\",\"valueRequired\":true,\"valueName\":\"search_term_string\"}}],\"inLanguage\":\"fr-FR\"},{\"@type\":\"Organization\",\"@id\":\"https:\/\/www.mdirector.com\/fr\/#organization\",\"name\":\"MDirector\",\"url\":\"https:\/\/www.mdirector.com\/fr\/\",\"logo\":{\"@type\":\"ImageObject\",\"inLanguage\":\"fr-FR\",\"@id\":\"https:\/\/www.mdirector.com\/fr\/#\/schema\/logo\/image\/\",\"url\":\"https:\/\/www.mdirector.com\/wp-content\/uploads\/2023\/01\/mdirectorbimi-ok23-tiny-ps.svg\",\"contentUrl\":\"https:\/\/www.mdirector.com\/wp-content\/uploads\/2023\/01\/mdirectorbimi-ok23-tiny-ps.svg\",\"width\":401,\"height\":401,\"caption\":\"MDirector\"},\"image\":{\"@id\":\"https:\/\/www.mdirector.com\/fr\/#\/schema\/logo\/image\/\"},\"sameAs\":[\"https:\/\/www.facebook.com\/MDirector.es\",\"https:\/\/x.com\/emailMDirector\",\"https:\/\/www.linkedin.com\/company\/1373906\/\"]}]}<\/script>\n<!-- \/ Yoast SEO plugin. -->","yoast_head_json":{"title":"Landing Optimizer - Software de landing pages","description":"Crea de forma sencilla y sin necesidad de conocimientos t\u00e9cnicos p\u00e1ginas de aterrizaje de alta conversi\u00f3n con Landing Optimizer el software de MDirector.","robots":{"index":"noindex","follow":"nofollow"},"og_locale":"fr_FR","og_type":"article","og_title":"Landing Optimizer - Software de landing pages","og_description":"Crea de forma sencilla y sin necesidad de conocimientos t\u00e9cnicos p\u00e1ginas de aterrizaje de alta conversi\u00f3n con Landing Optimizer el software de MDirector.","og_url":"https:\/\/www.mdirector.com\/fr\/landing-optimizer\/","og_site_name":"MDirector","article_publisher":"https:\/\/www.facebook.com\/MDirector.es","article_modified_time":"2024-05-03T09:29:13+00:00","og_image":[{"width":800,"height":600,"url":"https:\/\/www.mdirector.com\/wp-content\/uploads\/2023\/04\/home-slider-04.png","type":"image\/png"}],"twitter_card":"summary_large_image","twitter_site":"@emailMDirector","twitter_misc":{"Dur\u00e9e de lecture estim\u00e9e":"1 minute"},"schema":{"@context":"https:\/\/schema.org","@graph":[{"@type":"WebPage","@id":"https:\/\/www.mdirector.com\/fr\/landing-optimizer\/","url":"https:\/\/www.mdirector.com\/fr\/landing-optimizer\/","name":"Landing Optimizer - Software de landing pages","isPartOf":{"@id":"https:\/\/www.mdirector.com\/fr\/#website"},"primaryImageOfPage":{"@id":"https:\/\/www.mdirector.com\/fr\/landing-optimizer\/#primaryimage"},"image":{"@id":"https:\/\/www.mdirector.com\/fr\/landing-optimizer\/#primaryimage"},"thumbnailUrl":"https:\/\/www.mdirector.com\/wp-content\/uploads\/2023\/04\/home-slider-04.png","datePublished":"2022-02-18T12:22:23+00:00","dateModified":"2024-05-03T09:29:13+00:00","description":"Crea de forma sencilla y sin necesidad de conocimientos t\u00e9cnicos p\u00e1ginas de aterrizaje de alta conversi\u00f3n con Landing Optimizer el software de MDirector.","breadcrumb":{"@id":"https:\/\/www.mdirector.com\/fr\/landing-optimizer\/#breadcrumb"},"inLanguage":"fr-FR","potentialAction":[{"@type":"ReadAction","target":["https:\/\/www.mdirector.com\/fr\/landing-optimizer\/"]}]},{"@type":"ImageObject","inLanguage":"fr-FR","@id":"https:\/\/www.mdirector.com\/fr\/landing-optimizer\/#primaryimage","url":"https:\/\/www.mdirector.com\/wp-content\/uploads\/2023\/04\/home-slider-04.png","contentUrl":"https:\/\/www.mdirector.com\/wp-content\/uploads\/2023\/04\/home-slider-04.png","width":800,"height":600},{"@type":"BreadcrumbList","@id":"https:\/\/www.mdirector.com\/fr\/landing-optimizer\/#breadcrumb","itemListElement":[{"@type":"ListItem","position":1,"name":"Inicio","item":"https:\/\/www.mdirector.com\/fr\/"},{"@type":"ListItem","position":2,"name":"Soluciones","item":"https:\/\/www.mdirector.com\/fr\/soluciones\/"},{"@type":"ListItem","position":3,"name":"Landing Optimizer"}]},{"@type":"WebSite","@id":"https:\/\/www.mdirector.com\/fr\/#website","url":"https:\/\/www.mdirector.com\/fr\/","name":"MDirector","description":"","publisher":{"@id":"https:\/\/www.mdirector.com\/fr\/#organization"},"potentialAction":[{"@type":"SearchAction","target":{"@type":"EntryPoint","urlTemplate":"https:\/\/www.mdirector.com\/fr\/?s={search_term_string}"},"query-input":{"@type":"PropertyValueSpecification","valueRequired":true,"valueName":"search_term_string"}}],"inLanguage":"fr-FR"},{"@type":"Organization","@id":"https:\/\/www.mdirector.com\/fr\/#organization","name":"MDirector","url":"https:\/\/www.mdirector.com\/fr\/","logo":{"@type":"ImageObject","inLanguage":"fr-FR","@id":"https:\/\/www.mdirector.com\/fr\/#\/schema\/logo\/image\/","url":"https:\/\/www.mdirector.com\/wp-content\/uploads\/2023\/01\/mdirectorbimi-ok23-tiny-ps.svg","contentUrl":"https:\/\/www.mdirector.com\/wp-content\/uploads\/2023\/01\/mdirectorbimi-ok23-tiny-ps.svg","width":401,"height":401,"caption":"MDirector"},"image":{"@id":"https:\/\/www.mdirector.com\/fr\/#\/schema\/logo\/image\/"},"sameAs":["https:\/\/www.facebook.com\/MDirector.es","https:\/\/x.com\/emailMDirector","https:\/\/www.linkedin.com\/company\/1373906\/"]}]}},"multi-rating":{"mr_rating_results":[]},"_links":{"self":[{"href":"https:\/\/www.mdirector.com\/fr\/wp-json\/wp\/v2\/pages\/131907","targetHints":{"allow":["GET"]}}],"collection":[{"href":"https:\/\/www.mdirector.com\/fr\/wp-json\/wp\/v2\/pages"}],"about":[{"href":"https:\/\/www.mdirector.com\/fr\/wp-json\/wp\/v2\/types\/page"}],"author":[{"embeddable":true,"href":"https:\/\/www.mdirector.com\/fr\/wp-json\/wp\/v2\/users\/5"}],"replies":[{"embeddable":true,"href":"https:\/\/www.mdirector.com\/fr\/wp-json\/wp\/v2\/comments?post=131907"}],"version-history":[{"count":0,"href":"https:\/\/www.mdirector.com\/fr\/wp-json\/wp\/v2\/pages\/131907\/revisions"}],"up":[{"embeddable":true,"href":"https:\/\/www.mdirector.com\/fr\/wp-json\/wp\/v2\/pages\/132131"}],"wp:featuredmedia":[{"embeddable":true,"href":"https:\/\/www.mdirector.com\/fr\/wp-json\/wp\/v2\/media\/144982"}],"wp:attachment":[{"href":"https:\/\/www.mdirector.com\/fr\/wp-json\/wp\/v2\/media?parent=131907"}],"curies":[{"name":"wp","href":"https:\/\/api.w.org\/{rel}","templated":true}]}}