{"id":132042,"date":"2022-03-21T15:54:44","date_gmt":"2022-03-21T14:54:44","guid":{"rendered":"https:\/\/www.mdirector.com\/la-empresa-2\/delegaciones\/"},"modified":"2023-06-19T17:27:58","modified_gmt":"2023-06-19T15:27:58","slug":"a-propos","status":"publish","type":"page","link":"https:\/\/www.mdirector.com\/fr\/enterprise\/a-propos\/","title":{"rendered":"D\u00e9l\u00e9gations"},"content":{"rendered":"","protected":false},"excerpt":{"rendered":"","protected":false},"author":5,"featured_media":0,"parent":132032,"menu_order":2,"comment_status":"closed","ping_status":"closed","template":"template-corporate.php","meta":{"_lmt_disableupdate":"","_lmt_disable":"","rating_form_position":"","rating_results_position":"","mr_structured_data_type":"","footnotes":""},"class_list":["post-132042","page","type-page","status-publish","hentry"],"acf":[],"yoast_head":"<!-- This site is optimized with the Yoast SEO plugin v25.3 - https:\/\/yoast.com\/wordpress\/plugins\/seo\/ -->\n<title>Delegaciones MDirector<\/title>\n<meta name=\"description\" content=\"La sede social se sit\u00faa en Madrid y tiene oficinas operativas alrededor de todo el mundo: Par\u00eds, Mil\u00e1n, Nueva York, Ciudad de M\u00e9xico, Buenos Aires y Bogot\u00e1.\" \/>\n<meta name=\"robots\" content=\"noindex, nofollow\" \/>\n<meta property=\"og:locale\" content=\"fr_FR\" \/>\n<meta property=\"og:type\" content=\"article\" \/>\n<meta property=\"og:title\" content=\"Delegaciones MDirector\" \/>\n<meta property=\"og:description\" content=\"La sede social se sit\u00faa en Madrid y tiene oficinas operativas alrededor de todo el mundo: Par\u00eds, Mil\u00e1n, Nueva York, Ciudad de M\u00e9xico, Buenos Aires y Bogot\u00e1.\" \/>\n<meta property=\"og:url\" content=\"https:\/\/www.mdirector.com\/fr\/enterprise\/a-propos\/\" \/>\n<meta property=\"og:site_name\" content=\"MDirector\" \/>\n<meta property=\"article:publisher\" content=\"https:\/\/www.facebook.com\/MDirector.es\" \/>\n<meta property=\"article:modified_time\" content=\"2023-06-19T15:27:58+00:00\" \/>\n<meta property=\"og:image\" content=\"https:\/\/www.mdirector.com\/wp-content\/uploads\/2022\/04\/logo_destacado_mdirector-1.jpg\" \/>\n\t<meta property=\"og:image:width\" content=\"653\" \/>\n\t<meta property=\"og:image:height\" content=\"493\" \/>\n\t<meta property=\"og:image:type\" content=\"image\/jpeg\" \/>\n<meta name=\"twitter:card\" content=\"summary_large_image\" \/>\n<meta name=\"twitter:site\" content=\"@emailMDirector\" \/>\n<script type=\"application\/ld+json\" class=\"yoast-schema-graph\">{\"@context\":\"https:\/\/schema.org\",\"@graph\":[{\"@type\":\"WebPage\",\"@id\":\"https:\/\/www.mdirector.com\/fr\/enterprise\/a-propos\/\",\"url\":\"https:\/\/www.mdirector.com\/fr\/enterprise\/a-propos\/\",\"name\":\"Delegaciones MDirector\",\"isPartOf\":{\"@id\":\"https:\/\/www.mdirector.com\/fr\/#website\"},\"datePublished\":\"2022-03-21T14:54:44+00:00\",\"dateModified\":\"2023-06-19T15:27:58+00:00\",\"description\":\"La sede social se sit\u00faa en Madrid y tiene oficinas operativas alrededor de todo el mundo: Par\u00eds, Mil\u00e1n, Nueva York, Ciudad de M\u00e9xico, Buenos Aires y Bogot\u00e1.\",\"breadcrumb\":{\"@id\":\"https:\/\/www.mdirector.com\/fr\/enterprise\/a-propos\/#breadcrumb\"},\"inLanguage\":\"fr-FR\",\"potentialAction\":[{\"@type\":\"ReadAction\",\"target\":[\"https:\/\/www.mdirector.com\/fr\/enterprise\/a-propos\/\"]}]},{\"@type\":\"BreadcrumbList\",\"@id\":\"https:\/\/www.mdirector.com\/fr\/enterprise\/a-propos\/#breadcrumb\",\"itemListElement\":[{\"@type\":\"ListItem\",\"position\":1,\"name\":\"Inicio\",\"item\":\"https:\/\/www.mdirector.com\/fr\/\"},{\"@type\":\"ListItem\",\"position\":2,\"name\":\"Empresa\",\"item\":\"https:\/\/www.mdirector.com\/fr\/empresa\/\"},{\"@type\":\"ListItem\",\"position\":3,\"name\":\"D\u00e9l\u00e9gations\"}]},{\"@type\":\"WebSite\",\"@id\":\"https:\/\/www.mdirector.com\/fr\/#website\",\"url\":\"https:\/\/www.mdirector.com\/fr\/\",\"name\":\"MDirector\",\"description\":\"\",\"publisher\":{\"@id\":\"https:\/\/www.mdirector.com\/fr\/#organization\"},\"potentialAction\":[{\"@type\":\"SearchAction\",\"target\":{\"@type\":\"EntryPoint\",\"urlTemplate\":\"https:\/\/www.mdirector.com\/fr\/?s={search_term_string}\"},\"query-input\":{\"@type\":\"PropertyValueSpecification\",\"valueRequired\":true,\"valueName\":\"search_term_string\"}}],\"inLanguage\":\"fr-FR\"},{\"@type\":\"Organization\",\"@id\":\"https:\/\/www.mdirector.com\/fr\/#organization\",\"name\":\"MDirector\",\"url\":\"https:\/\/www.mdirector.com\/fr\/\",\"logo\":{\"@type\":\"ImageObject\",\"inLanguage\":\"fr-FR\",\"@id\":\"https:\/\/www.mdirector.com\/fr\/#\/schema\/logo\/image\/\",\"url\":\"https:\/\/www.mdirector.com\/wp-content\/uploads\/2023\/01\/mdirectorbimi-ok23-tiny-ps.svg\",\"contentUrl\":\"https:\/\/www.mdirector.com\/wp-content\/uploads\/2023\/01\/mdirectorbimi-ok23-tiny-ps.svg\",\"width\":401,\"height\":401,\"caption\":\"MDirector\"},\"image\":{\"@id\":\"https:\/\/www.mdirector.com\/fr\/#\/schema\/logo\/image\/\"},\"sameAs\":[\"https:\/\/www.facebook.com\/MDirector.es\",\"https:\/\/x.com\/emailMDirector\",\"https:\/\/www.linkedin.com\/company\/1373906\/\"]}]}<\/script>\n<!-- \/ Yoast SEO plugin. -->","yoast_head_json":{"title":"Delegaciones MDirector","description":"La sede social se sit\u00faa en Madrid y tiene oficinas operativas alrededor de todo el mundo: Par\u00eds, Mil\u00e1n, Nueva York, Ciudad de M\u00e9xico, Buenos Aires y Bogot\u00e1.","robots":{"index":"noindex","follow":"nofollow"},"og_locale":"fr_FR","og_type":"article","og_title":"Delegaciones MDirector","og_description":"La sede social se sit\u00faa en Madrid y tiene oficinas operativas alrededor de todo el mundo: Par\u00eds, Mil\u00e1n, Nueva York, Ciudad de M\u00e9xico, Buenos Aires y Bogot\u00e1.","og_url":"https:\/\/www.mdirector.com\/fr\/enterprise\/a-propos\/","og_site_name":"MDirector","article_publisher":"https:\/\/www.facebook.com\/MDirector.es","article_modified_time":"2023-06-19T15:27:58+00:00","og_image":[{"width":653,"height":493,"url":"https:\/\/www.mdirector.com\/wp-content\/uploads\/2022\/04\/logo_destacado_mdirector-1.jpg","type":"image\/jpeg"}],"twitter_card":"summary_large_image","twitter_site":"@emailMDirector","schema":{"@context":"https:\/\/schema.org","@graph":[{"@type":"WebPage","@id":"https:\/\/www.mdirector.com\/fr\/enterprise\/a-propos\/","url":"https:\/\/www.mdirector.com\/fr\/enterprise\/a-propos\/","name":"Delegaciones MDirector","isPartOf":{"@id":"https:\/\/www.mdirector.com\/fr\/#website"},"datePublished":"2022-03-21T14:54:44+00:00","dateModified":"2023-06-19T15:27:58+00:00","description":"La sede social se sit\u00faa en Madrid y tiene oficinas operativas alrededor de todo el mundo: Par\u00eds, Mil\u00e1n, Nueva York, Ciudad de M\u00e9xico, Buenos Aires y Bogot\u00e1.","breadcrumb":{"@id":"https:\/\/www.mdirector.com\/fr\/enterprise\/a-propos\/#breadcrumb"},"inLanguage":"fr-FR","potentialAction":[{"@type":"ReadAction","target":["https:\/\/www.mdirector.com\/fr\/enterprise\/a-propos\/"]}]},{"@type":"BreadcrumbList","@id":"https:\/\/www.mdirector.com\/fr\/enterprise\/a-propos\/#breadcrumb","itemListElement":[{"@type":"ListItem","position":1,"name":"Inicio","item":"https:\/\/www.mdirector.com\/fr\/"},{"@type":"ListItem","position":2,"name":"Empresa","item":"https:\/\/www.mdirector.com\/fr\/empresa\/"},{"@type":"ListItem","position":3,"name":"D\u00e9l\u00e9gations"}]},{"@type":"WebSite","@id":"https:\/\/www.mdirector.com\/fr\/#website","url":"https:\/\/www.mdirector.com\/fr\/","name":"MDirector","description":"","publisher":{"@id":"https:\/\/www.mdirector.com\/fr\/#organization"},"potentialAction":[{"@type":"SearchAction","target":{"@type":"EntryPoint","urlTemplate":"https:\/\/www.mdirector.com\/fr\/?s={search_term_string}"},"query-input":{"@type":"PropertyValueSpecification","valueRequired":true,"valueName":"search_term_string"}}],"inLanguage":"fr-FR"},{"@type":"Organization","@id":"https:\/\/www.mdirector.com\/fr\/#organization","name":"MDirector","url":"https:\/\/www.mdirector.com\/fr\/","logo":{"@type":"ImageObject","inLanguage":"fr-FR","@id":"https:\/\/www.mdirector.com\/fr\/#\/schema\/logo\/image\/","url":"https:\/\/www.mdirector.com\/wp-content\/uploads\/2023\/01\/mdirectorbimi-ok23-tiny-ps.svg","contentUrl":"https:\/\/www.mdirector.com\/wp-content\/uploads\/2023\/01\/mdirectorbimi-ok23-tiny-ps.svg","width":401,"height":401,"caption":"MDirector"},"image":{"@id":"https:\/\/www.mdirector.com\/fr\/#\/schema\/logo\/image\/"},"sameAs":["https:\/\/www.facebook.com\/MDirector.es","https:\/\/x.com\/emailMDirector","https:\/\/www.linkedin.com\/company\/1373906\/"]}]}},"multi-rating":{"mr_rating_results":[]},"_links":{"self":[{"href":"https:\/\/www.mdirector.com\/fr\/wp-json\/wp\/v2\/pages\/132042","targetHints":{"allow":["GET"]}}],"collection":[{"href":"https:\/\/www.mdirector.com\/fr\/wp-json\/wp\/v2\/pages"}],"about":[{"href":"https:\/\/www.mdirector.com\/fr\/wp-json\/wp\/v2\/types\/page"}],"author":[{"embeddable":true,"href":"https:\/\/www.mdirector.com\/fr\/wp-json\/wp\/v2\/users\/5"}],"replies":[{"embeddable":true,"href":"https:\/\/www.mdirector.com\/fr\/wp-json\/wp\/v2\/comments?post=132042"}],"version-history":[{"count":0,"href":"https:\/\/www.mdirector.com\/fr\/wp-json\/wp\/v2\/pages\/132042\/revisions"}],"up":[{"embeddable":true,"href":"https:\/\/www.mdirector.com\/fr\/wp-json\/wp\/v2\/pages\/132032"}],"wp:attachment":[{"href":"https:\/\/www.mdirector.com\/fr\/wp-json\/wp\/v2\/media?parent=132042"}],"curies":[{"name":"wp","href":"https:\/\/api.w.org\/{rel}","templated":true}]}}