{"id":133186,"date":"2022-05-19T17:24:35","date_gmt":"2022-05-19T15:24:35","guid":{"rendered":"https:\/\/www.mdirector.com\/?page_id=133186"},"modified":"2022-05-19T17:27:11","modified_gmt":"2022-05-19T15:27:11","slug":"pourquoi-avez-vous-recu-cet-email","status":"publish","type":"page","link":"https:\/\/www.mdirector.com\/fr\/pourquoi-avez-vous-recu-cet-email\/","title":{"rendered":"Pourquoi avez-vous re\u00e7u cet email?"},"content":{"rendered":"<h2>Pourquoi avez-vous re\u00e7u cet email\u202f?<\/h2>\n<p>Vous recevez cet email parce qu\u2019un de nos clients a utilis\u00e9 la Plateforme Technologique MDirector pour vous l\u2019envoyer. Via MDirector, nos clients peuvent g\u00e9rer tous leurs envois d\u2019email. Le client m\u00eame est responsable des donn\u00e9es des utilisateurs et d\u2019obtenir le consentement des destinataires pour recevoir ses emails. Il est donc responsable du fait que vous receviez cet email.<\/p>\n<h2><\/h2>\n<h2>Qu\u2019est-ce que MDirector?<\/h2>\n<p>MDirector est une technologie qui met \u00e0 disposition de ses clients une plateforme pour g\u00e9rer leurs envois d\u2019email, de SMS ou leurs messages dans les r\u00e9seaux sociaux. Marketing Manager Servicios de Marketing SLU est propi\u00e9taire du service MDirector.<\/p>\n<h2><\/h2>\n<h2>Quelle utilisation porte MDirector \u00e0 vos donn\u00e9es?<\/h2>\n<p>MDirector acc\u00e8de \u00e0 vos donn\u00e9es uniquement pour que le Client puisse r\u00e9aliser les envois d\u2019emails \u00e0 ses destinataires. Cet acc\u00e8s est n\u00e9cessaire pour mettre la plateforme \u00e0 disposition du client, ex\u00e9cuter les envois, donner du support et g\u00e9rer les d\u00e9sabonnements. En aucun cas MDirector recueille des informations li\u00e9es \u00e0 vous.<\/p>\n<h2><\/h2>\n<h2>Comment sont g\u00e9r\u00e9s les d\u00e9sabonnements par MDirector?<\/h2>\n<p>MDirector ne souhaite pas que sa plateforme soit utilis\u00e9e por envoyer des communications non d\u00e9sirables ou spam. Pour cela, un syst\u00e8me de blocage automatique d\u2019adresses email est mis \u00e0 disposition du Client. Si un r\u00e9cepteur d\u2019un courrier \u00e9lectronique envoy\u00e9 par MDirector souhaite se d\u00e9sabonner des communications de ce Client, il pourra proc\u00e9der en cliquant sur le champ qui appara\u00eet dans la partie inf\u00e9rieure de chaque courrier envoy\u00e9.<\/p>\n<h2><\/h2>\n<h2>Les contenus des emails ne sont pas responsabilit\u00e9 de MDirector.<\/h2>\n<p>MDirector est une plateforme d\u2019envoi d\u2019email, offrant \u00e9galement du social et mobile marketing, qui permet \u00e0 son Client de r\u00e9aliser ces envois d\u2019email. En aucun cas MDirector recueille les donn\u00e9es des utilisateurs qui re\u00e7oivent ces emails n&rsquo;y est responsable de ces donn\u00e9es ou envois. MDirector n\u2019a pas de responsabilit\u00e9 concernant les contenus des emails. De m\u00eame, MDirector ne contr\u00f4le pas le contenu des courriers, ni r\u00e9vise la qualit\u00e9, v\u00e9racit\u00e9, fiabilit\u00e9, correction ou moralit\u00e9 des donn\u00e9es et contenus que le Client pourrait envoyer dans ses communications. Le Client est seul responsable de n\u2019importe quel contenu et information qui puisse \u00eatre inclus dans les communications que vous pouvez recevoir.<\/p>\n","protected":false},"excerpt":{"rendered":"<p>Pourquoi avez-vous re\u00e7u cet email\u202f? Vous recevez cet email parce qu\u2019un de nos clients a utilis\u00e9 la Plateforme Technologique MDirector pour vous l\u2019envoyer. Via MDirector, nos clients peuvent g\u00e9rer tous leurs envois d\u2019email. Le client [&hellip;]<\/p>\n","protected":false},"author":5,"featured_media":0,"parent":0,"menu_order":0,"comment_status":"closed","ping_status":"closed","template":"template-default.php","meta":{"_lmt_disableupdate":"","_lmt_disable":"","rating_form_position":"","rating_results_position":"","mr_structured_data_type":"","footnotes":""},"class_list":["post-133186","page","type-page","status-publish","hentry"],"acf":[],"yoast_head":"<!-- This site is optimized with the Yoast SEO plugin v25.3 - https:\/\/yoast.com\/wordpress\/plugins\/seo\/ -->\n<title>Pourquoi avez-vous re\u00e7u cet email?<\/title>\n<meta name=\"description\" content=\"Pourquoi avez-vous re\u00e7u cet email\u202f? Vous recevez cet email parce qu\u2019un de nos clients a utilis\u00e9 la Plateforme Technologique MDirector pour vous l\u2019envoyer.\" \/>\n<meta name=\"robots\" content=\"noindex, nofollow\" \/>\n<meta property=\"og:locale\" content=\"fr_FR\" \/>\n<meta property=\"og:type\" content=\"article\" \/>\n<meta property=\"og:title\" content=\"Pourquoi avez-vous re\u00e7u cet email?\" \/>\n<meta property=\"og:description\" content=\"Pourquoi avez-vous re\u00e7u cet email\u202f? Vous recevez cet email parce qu\u2019un de nos clients a utilis\u00e9 la Plateforme Technologique MDirector pour vous l\u2019envoyer.\" \/>\n<meta property=\"og:url\" content=\"https:\/\/www.mdirector.com\/fr\/pourquoi-avez-vous-recu-cet-email\/\" \/>\n<meta property=\"og:site_name\" content=\"MDirector\" \/>\n<meta property=\"article:publisher\" content=\"https:\/\/www.facebook.com\/MDirector.es\" \/>\n<meta property=\"article:modified_time\" content=\"2022-05-19T15:27:11+00:00\" \/>\n<meta property=\"og:image\" content=\"https:\/\/www.mdirector.com\/wp-content\/uploads\/2022\/04\/logo_destacado_mdirector-1.jpg\" \/>\n\t<meta property=\"og:image:width\" content=\"653\" \/>\n\t<meta property=\"og:image:height\" content=\"493\" \/>\n\t<meta property=\"og:image:type\" content=\"image\/jpeg\" \/>\n<meta name=\"twitter:card\" content=\"summary_large_image\" \/>\n<meta name=\"twitter:site\" content=\"@emailMDirector\" \/>\n<meta name=\"twitter:label1\" content=\"Dur\u00e9e de lecture estim\u00e9e\" \/>\n\t<meta name=\"twitter:data1\" content=\"2 minutes\" \/>\n<script type=\"application\/ld+json\" class=\"yoast-schema-graph\">{\"@context\":\"https:\/\/schema.org\",\"@graph\":[{\"@type\":\"WebPage\",\"@id\":\"https:\/\/www.mdirector.com\/fr\/pourquoi-avez-vous-recu-cet-email\/\",\"url\":\"https:\/\/www.mdirector.com\/fr\/pourquoi-avez-vous-recu-cet-email\/\",\"name\":\"Pourquoi avez-vous re\u00e7u cet email?\",\"isPartOf\":{\"@id\":\"https:\/\/www.mdirector.com\/fr\/#website\"},\"datePublished\":\"2022-05-19T15:24:35+00:00\",\"dateModified\":\"2022-05-19T15:27:11+00:00\",\"description\":\"Pourquoi avez-vous re\u00e7u cet email\u202f? Vous recevez cet email parce qu\u2019un de nos clients a utilis\u00e9 la Plateforme Technologique MDirector pour vous l\u2019envoyer.\",\"breadcrumb\":{\"@id\":\"https:\/\/www.mdirector.com\/fr\/pourquoi-avez-vous-recu-cet-email\/#breadcrumb\"},\"inLanguage\":\"fr-FR\",\"potentialAction\":[{\"@type\":\"ReadAction\",\"target\":[\"https:\/\/www.mdirector.com\/fr\/pourquoi-avez-vous-recu-cet-email\/\"]}]},{\"@type\":\"BreadcrumbList\",\"@id\":\"https:\/\/www.mdirector.com\/fr\/pourquoi-avez-vous-recu-cet-email\/#breadcrumb\",\"itemListElement\":[{\"@type\":\"ListItem\",\"position\":1,\"name\":\"Inicio\",\"item\":\"https:\/\/www.mdirector.com\/fr\/\"},{\"@type\":\"ListItem\",\"position\":2,\"name\":\"Pourquoi avez-vous re\u00e7u cet email?\"}]},{\"@type\":\"WebSite\",\"@id\":\"https:\/\/www.mdirector.com\/fr\/#website\",\"url\":\"https:\/\/www.mdirector.com\/fr\/\",\"name\":\"MDirector\",\"description\":\"\",\"publisher\":{\"@id\":\"https:\/\/www.mdirector.com\/fr\/#organization\"},\"potentialAction\":[{\"@type\":\"SearchAction\",\"target\":{\"@type\":\"EntryPoint\",\"urlTemplate\":\"https:\/\/www.mdirector.com\/fr\/?s={search_term_string}\"},\"query-input\":{\"@type\":\"PropertyValueSpecification\",\"valueRequired\":true,\"valueName\":\"search_term_string\"}}],\"inLanguage\":\"fr-FR\"},{\"@type\":\"Organization\",\"@id\":\"https:\/\/www.mdirector.com\/fr\/#organization\",\"name\":\"MDirector\",\"url\":\"https:\/\/www.mdirector.com\/fr\/\",\"logo\":{\"@type\":\"ImageObject\",\"inLanguage\":\"fr-FR\",\"@id\":\"https:\/\/www.mdirector.com\/fr\/#\/schema\/logo\/image\/\",\"url\":\"https:\/\/www.mdirector.com\/wp-content\/uploads\/2023\/01\/mdirectorbimi-ok23-tiny-ps.svg\",\"contentUrl\":\"https:\/\/www.mdirector.com\/wp-content\/uploads\/2023\/01\/mdirectorbimi-ok23-tiny-ps.svg\",\"width\":401,\"height\":401,\"caption\":\"MDirector\"},\"image\":{\"@id\":\"https:\/\/www.mdirector.com\/fr\/#\/schema\/logo\/image\/\"},\"sameAs\":[\"https:\/\/www.facebook.com\/MDirector.es\",\"https:\/\/x.com\/emailMDirector\",\"https:\/\/www.linkedin.com\/company\/1373906\/\"]}]}<\/script>\n<!-- \/ Yoast SEO plugin. -->","yoast_head_json":{"title":"Pourquoi avez-vous re\u00e7u cet email?","description":"Pourquoi avez-vous re\u00e7u cet email\u202f? Vous recevez cet email parce qu\u2019un de nos clients a utilis\u00e9 la Plateforme Technologique MDirector pour vous l\u2019envoyer.","robots":{"index":"noindex","follow":"nofollow"},"og_locale":"fr_FR","og_type":"article","og_title":"Pourquoi avez-vous re\u00e7u cet email?","og_description":"Pourquoi avez-vous re\u00e7u cet email\u202f? Vous recevez cet email parce qu\u2019un de nos clients a utilis\u00e9 la Plateforme Technologique MDirector pour vous l\u2019envoyer.","og_url":"https:\/\/www.mdirector.com\/fr\/pourquoi-avez-vous-recu-cet-email\/","og_site_name":"MDirector","article_publisher":"https:\/\/www.facebook.com\/MDirector.es","article_modified_time":"2022-05-19T15:27:11+00:00","og_image":[{"width":653,"height":493,"url":"https:\/\/www.mdirector.com\/wp-content\/uploads\/2022\/04\/logo_destacado_mdirector-1.jpg","type":"image\/jpeg"}],"twitter_card":"summary_large_image","twitter_site":"@emailMDirector","twitter_misc":{"Dur\u00e9e de lecture estim\u00e9e":"2 minutes"},"schema":{"@context":"https:\/\/schema.org","@graph":[{"@type":"WebPage","@id":"https:\/\/www.mdirector.com\/fr\/pourquoi-avez-vous-recu-cet-email\/","url":"https:\/\/www.mdirector.com\/fr\/pourquoi-avez-vous-recu-cet-email\/","name":"Pourquoi avez-vous re\u00e7u cet email?","isPartOf":{"@id":"https:\/\/www.mdirector.com\/fr\/#website"},"datePublished":"2022-05-19T15:24:35+00:00","dateModified":"2022-05-19T15:27:11+00:00","description":"Pourquoi avez-vous re\u00e7u cet email\u202f? Vous recevez cet email parce qu\u2019un de nos clients a utilis\u00e9 la Plateforme Technologique MDirector pour vous l\u2019envoyer.","breadcrumb":{"@id":"https:\/\/www.mdirector.com\/fr\/pourquoi-avez-vous-recu-cet-email\/#breadcrumb"},"inLanguage":"fr-FR","potentialAction":[{"@type":"ReadAction","target":["https:\/\/www.mdirector.com\/fr\/pourquoi-avez-vous-recu-cet-email\/"]}]},{"@type":"BreadcrumbList","@id":"https:\/\/www.mdirector.com\/fr\/pourquoi-avez-vous-recu-cet-email\/#breadcrumb","itemListElement":[{"@type":"ListItem","position":1,"name":"Inicio","item":"https:\/\/www.mdirector.com\/fr\/"},{"@type":"ListItem","position":2,"name":"Pourquoi avez-vous re\u00e7u cet email?"}]},{"@type":"WebSite","@id":"https:\/\/www.mdirector.com\/fr\/#website","url":"https:\/\/www.mdirector.com\/fr\/","name":"MDirector","description":"","publisher":{"@id":"https:\/\/www.mdirector.com\/fr\/#organization"},"potentialAction":[{"@type":"SearchAction","target":{"@type":"EntryPoint","urlTemplate":"https:\/\/www.mdirector.com\/fr\/?s={search_term_string}"},"query-input":{"@type":"PropertyValueSpecification","valueRequired":true,"valueName":"search_term_string"}}],"inLanguage":"fr-FR"},{"@type":"Organization","@id":"https:\/\/www.mdirector.com\/fr\/#organization","name":"MDirector","url":"https:\/\/www.mdirector.com\/fr\/","logo":{"@type":"ImageObject","inLanguage":"fr-FR","@id":"https:\/\/www.mdirector.com\/fr\/#\/schema\/logo\/image\/","url":"https:\/\/www.mdirector.com\/wp-content\/uploads\/2023\/01\/mdirectorbimi-ok23-tiny-ps.svg","contentUrl":"https:\/\/www.mdirector.com\/wp-content\/uploads\/2023\/01\/mdirectorbimi-ok23-tiny-ps.svg","width":401,"height":401,"caption":"MDirector"},"image":{"@id":"https:\/\/www.mdirector.com\/fr\/#\/schema\/logo\/image\/"},"sameAs":["https:\/\/www.facebook.com\/MDirector.es","https:\/\/x.com\/emailMDirector","https:\/\/www.linkedin.com\/company\/1373906\/"]}]}},"multi-rating":{"mr_rating_results":[]},"_links":{"self":[{"href":"https:\/\/www.mdirector.com\/fr\/wp-json\/wp\/v2\/pages\/133186","targetHints":{"allow":["GET"]}}],"collection":[{"href":"https:\/\/www.mdirector.com\/fr\/wp-json\/wp\/v2\/pages"}],"about":[{"href":"https:\/\/www.mdirector.com\/fr\/wp-json\/wp\/v2\/types\/page"}],"author":[{"embeddable":true,"href":"https:\/\/www.mdirector.com\/fr\/wp-json\/wp\/v2\/users\/5"}],"replies":[{"embeddable":true,"href":"https:\/\/www.mdirector.com\/fr\/wp-json\/wp\/v2\/comments?post=133186"}],"version-history":[{"count":0,"href":"https:\/\/www.mdirector.com\/fr\/wp-json\/wp\/v2\/pages\/133186\/revisions"}],"wp:attachment":[{"href":"https:\/\/www.mdirector.com\/fr\/wp-json\/wp\/v2\/media?parent=133186"}],"curies":[{"name":"wp","href":"https:\/\/api.w.org\/{rel}","templated":true}]}}