{"id":133930,"date":"2022-06-01T10:05:09","date_gmt":"2022-06-01T08:05:09","guid":{"rendered":"https:\/\/www.mdirector.com\/integrations\/wordpress\/"},"modified":"2023-07-07T14:14:11","modified_gmt":"2023-07-07T12:14:11","slug":"wordpress","status":"publish","type":"page","link":"https:\/\/www.mdirector.com\/fr\/integrations\/wordpress\/","title":{"rendered":"WordPress"},"content":{"rendered":"<p><link rel=\"preload\" as=\"image\" href=\"https:\/\/www.mdirector.com\/wp-content\/uploads\/2023\/07\/wordpress-integracion.png\" imagesizes=\"(max-width: 1100px) 100vw, 1100px\" \/><img decoding=\"async\" class=\"alignnone wp-image-148939 size-full\" style=\"margin: 0 !important;\" src=\"https:\/\/www.mdirector.com\/wp-content\/uploads\/2023\/07\/wordpress-integracion.png\" alt=\"\" width=\"770\" height=\"480\" srcset=\"https:\/\/www.mdirector.com\/wp-content\/uploads\/2023\/07\/wordpress-integracion.png 770w, https:\/\/www.mdirector.com\/wp-content\/uploads\/2023\/07\/wordpress-integracion-300x187.png 300w, https:\/\/www.mdirector.com\/wp-content\/uploads\/2023\/07\/wordpress-integracion-768x479.png 768w\" sizes=\"(max-width: 770px) 100vw, 770px\" \/><br \/>\n&nbsp;<\/p>\n<p style=\"text-align: center;\"><a class=\"o-button--secondary\" style=\"color: #ffffff; text-decoration: none;\" href=\"https:\/\/www.mdirector.com\/wp-content\/uploads\/2022\/06\/2025mdirector-newsletter.zip\" download=\"\">T\u00e9l\u00e9charger<\/a><\/p>\n<h2>Pourquoi int\u00e9grer votre WordPress avec MDirector?<\/h2>\n<p>Le principal avantage d&rsquo;un plugin WordPress con\u00e7u pour optimiser vos campagnes d&rsquo;Email Marketing est de pouvoir <strong>g\u00e9rer depuis votre site web ou votre blog toute la communication d&rsquo;Email Marketing avec vos utilisateurs.<\/strong><\/p>\n<p>Int\u00e9grez directement et gratuitement tous les envois et communications marketing par courrier \u00e9lectronique provenant du web et obtenez des bulletins d&rsquo;information plus efficaces.<\/p>\n<p>MDirector recommande d&rsquo;int\u00e9grer son plugin dans WordPress pour <strong>augmenter le trafic sur le site et gagner en efficacit\u00e9 dans les communications.<\/strong><\/p>\n<p>Avec ce plugin, vous pouvez <strong>partager les articles ou le contenu que vous avez publi\u00e9 avec vos abonn\u00e9s<\/strong>. En outre, les visiteurs du site peuvent s&rsquo;abonner \u00e0 votre service de newsletter \u00e0 partir du site Web lui-m\u00eame, au moyen d&rsquo;un simple widget, sans avoir \u00e0 r\u00e9aliser des d\u00e9veloppements compliqu\u00e9s ou \u00e0 cr\u00e9er des pages de renvoi suppl\u00e9mentaires.<\/p>\n<p>Les donn\u00e9es recueillies dans le formulaire ins\u00e9r\u00e9 dans le site web vont directement dans la base de donn\u00e9es, qui est <strong>synchronis\u00e9e en temps r\u00e9el<\/strong>, ce qui est tr\u00e8s pratique.<\/p>\n<p><strong>Le plugin est t\u00e9l\u00e9chargeable gratuitement pour votre site Web WordPress<\/strong>. Vous pouvez le t\u00e9l\u00e9charger via le formulaire de t\u00e9l\u00e9chargement. Vous pouvez int\u00e9grer votre base de donn\u00e9es clients WordPress et la synchroniser en temps r\u00e9el pour envoyer vos e-mails et SMS marketing depuis MDirector.<\/p>\n<p><strong>MDirector est maintenant compatible avec la version PHP 8 de WordPress.<\/strong><\/p>\n<h2>Features<\/h2>\n<h3>G\u00e9rez votre abonnement \u00e0 la newsletter<\/h3>\n<p>\u00c9conomisez du temps et de l&rsquo;argent gr\u00e2ce \u00e0 une gestion efficace de votre base de donn\u00e9es. Affectez automatiquement vos contacts \u00e0 deux listes sp\u00e9cifiques dans MDirector. Un pour les utilisateurs qui s&rsquo;abonnent \u00e0 la liste hebdomadaire et un autre pour ceux qui s&rsquo;abonnent \u00e0 la liste quotidienne.<\/p>\n<p>Programmez l&rsquo;envoi de votre newsletter automatiquement avec le contenu de votre site WordPress, de fa\u00e7on hebdomadaire ou quotidienne. Le syst\u00e8me s\u00e9lectionnera automatiquement le contenu et l&rsquo;enverra \u00e0 vos contacts. Vous pouvez placer un formulaire \/ widget sur votre site web, en configurant le titre et la description que vous souhaitez. Vos utilisateurs commenceront \u00e0 s&rsquo;abonner pour recevoir votre contenu, c&rsquo;est aussi simple que cela !<\/p>\n<p><strong>Principales caract\u00e9ristiques<\/strong> qui permettront \u00e0 votre strat\u00e9gie de marketing par courriel de se d\u00e9rouler sans heurts :<\/p>\n<ul>\n<li><strong>Cr\u00e9ez des mailings cibl\u00e9s<\/strong> de vos articles de blog.<\/li>\n<li><strong>Personnalisez le nom et l&rsquo;objet<\/strong> de vos envois.<\/li>\n<li><strong>Segmentez votre base de donn\u00e9es et envoyez des mailings personnalis\u00e9s<\/strong> \u00e0 chacune des listes ou aux segments que vous d\u00e9cidez simultan\u00e9ment.<\/li>\n<li><strong>Programmez l&rsquo;envoi<\/strong> d&rsquo;un article publi\u00e9 sur votre site web ou votre blog \u00e0 une date et une heure ult\u00e9rieures.<\/li>\n<li><strong>S\u00e9lectionnez un exp\u00e9diteur et un mod\u00e8le diff\u00e9rents<\/strong> pour chaque envoi.<\/li>\n<li><strong>Ajoutez placeholders ou des espaces r\u00e9serv\u00e9s aux mod\u00e8les<\/strong> pour inclure automatiquement les images du message que vous souhaitez envoyer.<\/li>\n<li><strong>Multi-langue<\/strong> : le plugin est d\u00e9sormais compatible avec WPML et vous permet d&rsquo;envoyer des newsletters pour chaque langue configur\u00e9e dans le syst\u00e8me.<\/li>\n<li><strong>Il vous permet d&rsquo;envoyer des emails de test<\/strong> pour v\u00e9rifier que tout fonctionne correctement.<\/li>\n<\/ul>\n<h2>Installation.<\/h2>\n<ol>\n<li>Cr\u00e9ez votre compte MDirector. Avec votre compte gratuit, vous pourrez envoyer jusqu\u2019\u00e0 5000 messages par mois. Si ceci est fait, vous pouvez poursuivre avec l\u2019\u00e9tape 2.<\/li>\n<li>D\u00e9marrez la sesi\u00f3n avec votre compte MDirector et acc\u00e9dez \u00e0 Pr\u00e9f\u00e9rences &gt; Information API. Si vous avez un compte gratuit, vous pouvez tester les APIs de MDirector pendant 15 jours. Si votre compte est MD PRO ou MD TOTAL vous aurez acc\u00e8s illimit\u00e9 aux APIs<\/li>\n<li>Copiez les valeurs de consumer-key et consumer-secret<\/li>\n<li>Acc\u00e9dez \u00e0 l\u2019onglet de configuration du plugin, saisissez votre consumer-key et consumer-secret et cliquer sur Enregistrer<\/li>\n<li>Une fois ces 4 \u00e9tapes remplies, deux listes dans votre compte MDirector se cr\u00e9ent automatiquement, une pour les utilisateurs inscrits \u00e0 la liste hebdomadaire, et autre pour ceux inscrits \u00e0 la liste quotidienne.<\/li>\n<\/ol>\n<h2>Configuration d\u2019envois automatiques avec les mises \u00e0 jour dans votre blog.<\/h2>\n<ol>\n<li>Il faudra ensuite choisir le From name (Nom qui appara\u00eetra dans le champ De:)<\/li>\n<li>Les envois \u00e0 partir des listes hebdomadaires et quotidiennes sont d\u00e9sactiv\u00e9s par d\u00e9faut. Activez-les pour activer les envois automatiques. Remplissez el formulaire qui appara\u00eetra avec l\u2019objet du message, l\u2019heure \u00e0 laquelle vous souhaitez envoyer ainsi que le jour de la semaine s\u2019il s\u2019agit d\u2019une liste hebdomadaire.<br \/>\nNOTE: Bien que les envois soient d\u00e9sactiv\u00e9s, les utilisateurs pourront s\u2019inscrire aux listes. De cette fa\u00e7on vous pourrez cr\u00e9er des campagnes directement dans MDirector et les envoyer aux abonn\u00e9s de votre blog.<\/li>\n<li>Ensuite, vous pourrez s\u00e9lectionner \u00e9galement les cat\u00e9gories que vous souhaitez exclure de vos envois automatiques.<\/li>\n<\/ol>\n<h2>Formulaire d\u2019inscription.<\/h2>\n<ol>\n<li>Vous pouvez d\u00e9sormais placer le formulaire\/widget dans votre blog. Acc\u00e9dez \u00e0 Appearence &gt; Widgets dans le menu de votre wordpress et entrainez vers votre sidebar le widget de MDirector. Vous pourrez configurer un titre et une description\/ explication pour placer un titre sur le formulaire, et vos utilisateurs pourront commencer \u00e0 s\u2019inscrire !<\/li>\n<li>Mis \u00e0 part le widget, vous pouvez utiliser un shortcode pour placer le formulaire d\u2019inscription dans n\u2019importe quelle page ou post de votre blog. Il vous faudra ajouter [[mdirector_subscriptionbox]] au contenu de votre post ou page.<\/li>\n<\/ol>\n","protected":false},"excerpt":{"rendered":"<p>&nbsp; T\u00e9l\u00e9charger Pourquoi int\u00e9grer votre WordPress avec MDirector? Le principal avantage d&rsquo;un plugin WordPress con\u00e7u pour optimiser vos campagnes d&rsquo;Email Marketing est de pouvoir g\u00e9rer depuis votre site web ou votre blog toute la communication [&hellip;]<\/p>\n","protected":false},"author":5,"featured_media":129362,"parent":0,"menu_order":0,"comment_status":"closed","ping_status":"closed","template":"template-integration.php","meta":{"_lmt_disableupdate":"","_lmt_disable":"","rating_form_position":"","rating_results_position":"","mr_structured_data_type":"","footnotes":""},"class_list":["post-133930","page","type-page","status-publish","has-post-thumbnail","hentry"],"acf":[],"yoast_head":"<!-- This site is optimized with the Yoast SEO plugin v25.3 - https:\/\/yoast.com\/wordpress\/plugins\/seo\/ -->\n<title>Wordpress<\/title>\n<meta name=\"description\" content=\"&nbsp; T\u00e9l\u00e9charger Pourquoi int\u00e9grer votre WordPress avec MDirector? Le principal avantage d&#039;un plugin WordPress con\u00e7u pour optimiser vos campagnes\" \/>\n<meta name=\"robots\" content=\"noindex, nofollow\" \/>\n<meta property=\"og:locale\" content=\"fr_FR\" \/>\n<meta property=\"og:type\" content=\"article\" \/>\n<meta property=\"og:title\" content=\"Wordpress\" \/>\n<meta property=\"og:description\" content=\"&nbsp; T\u00e9l\u00e9charger Pourquoi int\u00e9grer votre WordPress avec MDirector? Le principal avantage d&#039;un plugin WordPress con\u00e7u pour optimiser vos campagnes\" \/>\n<meta property=\"og:url\" content=\"https:\/\/www.mdirector.com\/fr\/integrations\/wordpress\/\" \/>\n<meta property=\"og:site_name\" content=\"MDirector\" \/>\n<meta property=\"article:publisher\" content=\"https:\/\/www.facebook.com\/MDirector.es\" \/>\n<meta property=\"article:modified_time\" content=\"2023-07-07T12:14:11+00:00\" \/>\n<meta property=\"og:image\" content=\"https:\/\/www.mdirector.com\/wp-content\/uploads\/2022\/04\/wordpress.png\" \/>\n\t<meta property=\"og:image:width\" content=\"200\" \/>\n\t<meta property=\"og:image:height\" content=\"200\" \/>\n\t<meta property=\"og:image:type\" content=\"image\/png\" \/>\n<meta name=\"twitter:card\" content=\"summary_large_image\" \/>\n<meta name=\"twitter:site\" content=\"@emailMDirector\" \/>\n<meta name=\"twitter:label1\" content=\"Dur\u00e9e de lecture estim\u00e9e\" \/>\n\t<meta name=\"twitter:data1\" content=\"5 minutes\" \/>\n<script type=\"application\/ld+json\" class=\"yoast-schema-graph\">{\"@context\":\"https:\/\/schema.org\",\"@graph\":[{\"@type\":\"WebPage\",\"@id\":\"https:\/\/www.mdirector.com\/fr\/integrations\/wordpress\/\",\"url\":\"https:\/\/www.mdirector.com\/fr\/integrations\/wordpress\/\",\"name\":\"Wordpress\",\"isPartOf\":{\"@id\":\"https:\/\/www.mdirector.com\/fr\/#website\"},\"primaryImageOfPage\":{\"@id\":\"https:\/\/www.mdirector.com\/fr\/integrations\/wordpress\/#primaryimage\"},\"image\":{\"@id\":\"https:\/\/www.mdirector.com\/fr\/integrations\/wordpress\/#primaryimage\"},\"thumbnailUrl\":\"https:\/\/www.mdirector.com\/wp-content\/uploads\/2022\/04\/wordpress.png\",\"datePublished\":\"2022-06-01T08:05:09+00:00\",\"dateModified\":\"2023-07-07T12:14:11+00:00\",\"description\":\"&nbsp; T\u00e9l\u00e9charger Pourquoi int\u00e9grer votre WordPress avec MDirector? Le principal avantage d'un plugin WordPress con\u00e7u pour optimiser vos campagnes\",\"breadcrumb\":{\"@id\":\"https:\/\/www.mdirector.com\/fr\/integrations\/wordpress\/#breadcrumb\"},\"inLanguage\":\"fr-FR\",\"potentialAction\":[{\"@type\":\"ReadAction\",\"target\":[\"https:\/\/www.mdirector.com\/fr\/integrations\/wordpress\/\"]}]},{\"@type\":\"ImageObject\",\"inLanguage\":\"fr-FR\",\"@id\":\"https:\/\/www.mdirector.com\/fr\/integrations\/wordpress\/#primaryimage\",\"url\":\"https:\/\/www.mdirector.com\/wp-content\/uploads\/2022\/04\/wordpress.png\",\"contentUrl\":\"https:\/\/www.mdirector.com\/wp-content\/uploads\/2022\/04\/wordpress.png\",\"width\":200,\"height\":200},{\"@type\":\"BreadcrumbList\",\"@id\":\"https:\/\/www.mdirector.com\/fr\/integrations\/wordpress\/#breadcrumb\",\"itemListElement\":[{\"@type\":\"ListItem\",\"position\":1,\"name\":\"Inicio\",\"item\":\"https:\/\/www.mdirector.com\/fr\/\"},{\"@type\":\"ListItem\",\"position\":2,\"name\":\"WordPress\"}]},{\"@type\":\"WebSite\",\"@id\":\"https:\/\/www.mdirector.com\/fr\/#website\",\"url\":\"https:\/\/www.mdirector.com\/fr\/\",\"name\":\"MDirector\",\"description\":\"\",\"publisher\":{\"@id\":\"https:\/\/www.mdirector.com\/fr\/#organization\"},\"potentialAction\":[{\"@type\":\"SearchAction\",\"target\":{\"@type\":\"EntryPoint\",\"urlTemplate\":\"https:\/\/www.mdirector.com\/fr\/?s={search_term_string}\"},\"query-input\":{\"@type\":\"PropertyValueSpecification\",\"valueRequired\":true,\"valueName\":\"search_term_string\"}}],\"inLanguage\":\"fr-FR\"},{\"@type\":\"Organization\",\"@id\":\"https:\/\/www.mdirector.com\/fr\/#organization\",\"name\":\"MDirector\",\"url\":\"https:\/\/www.mdirector.com\/fr\/\",\"logo\":{\"@type\":\"ImageObject\",\"inLanguage\":\"fr-FR\",\"@id\":\"https:\/\/www.mdirector.com\/fr\/#\/schema\/logo\/image\/\",\"url\":\"https:\/\/www.mdirector.com\/wp-content\/uploads\/2023\/01\/mdirectorbimi-ok23-tiny-ps.svg\",\"contentUrl\":\"https:\/\/www.mdirector.com\/wp-content\/uploads\/2023\/01\/mdirectorbimi-ok23-tiny-ps.svg\",\"width\":401,\"height\":401,\"caption\":\"MDirector\"},\"image\":{\"@id\":\"https:\/\/www.mdirector.com\/fr\/#\/schema\/logo\/image\/\"},\"sameAs\":[\"https:\/\/www.facebook.com\/MDirector.es\",\"https:\/\/x.com\/emailMDirector\",\"https:\/\/www.linkedin.com\/company\/1373906\/\"]}]}<\/script>\n<!-- \/ Yoast SEO plugin. -->","yoast_head_json":{"title":"Wordpress","description":"&nbsp; T\u00e9l\u00e9charger Pourquoi int\u00e9grer votre WordPress avec MDirector? Le principal avantage d'un plugin WordPress con\u00e7u pour optimiser vos campagnes","robots":{"index":"noindex","follow":"nofollow"},"og_locale":"fr_FR","og_type":"article","og_title":"Wordpress","og_description":"&nbsp; T\u00e9l\u00e9charger Pourquoi int\u00e9grer votre WordPress avec MDirector? Le principal avantage d'un plugin WordPress con\u00e7u pour optimiser vos campagnes","og_url":"https:\/\/www.mdirector.com\/fr\/integrations\/wordpress\/","og_site_name":"MDirector","article_publisher":"https:\/\/www.facebook.com\/MDirector.es","article_modified_time":"2023-07-07T12:14:11+00:00","og_image":[{"width":200,"height":200,"url":"https:\/\/www.mdirector.com\/wp-content\/uploads\/2022\/04\/wordpress.png","type":"image\/png"}],"twitter_card":"summary_large_image","twitter_site":"@emailMDirector","twitter_misc":{"Dur\u00e9e de lecture estim\u00e9e":"5 minutes"},"schema":{"@context":"https:\/\/schema.org","@graph":[{"@type":"WebPage","@id":"https:\/\/www.mdirector.com\/fr\/integrations\/wordpress\/","url":"https:\/\/www.mdirector.com\/fr\/integrations\/wordpress\/","name":"Wordpress","isPartOf":{"@id":"https:\/\/www.mdirector.com\/fr\/#website"},"primaryImageOfPage":{"@id":"https:\/\/www.mdirector.com\/fr\/integrations\/wordpress\/#primaryimage"},"image":{"@id":"https:\/\/www.mdirector.com\/fr\/integrations\/wordpress\/#primaryimage"},"thumbnailUrl":"https:\/\/www.mdirector.com\/wp-content\/uploads\/2022\/04\/wordpress.png","datePublished":"2022-06-01T08:05:09+00:00","dateModified":"2023-07-07T12:14:11+00:00","description":"&nbsp; T\u00e9l\u00e9charger Pourquoi int\u00e9grer votre WordPress avec MDirector? Le principal avantage d'un plugin WordPress con\u00e7u pour optimiser vos campagnes","breadcrumb":{"@id":"https:\/\/www.mdirector.com\/fr\/integrations\/wordpress\/#breadcrumb"},"inLanguage":"fr-FR","potentialAction":[{"@type":"ReadAction","target":["https:\/\/www.mdirector.com\/fr\/integrations\/wordpress\/"]}]},{"@type":"ImageObject","inLanguage":"fr-FR","@id":"https:\/\/www.mdirector.com\/fr\/integrations\/wordpress\/#primaryimage","url":"https:\/\/www.mdirector.com\/wp-content\/uploads\/2022\/04\/wordpress.png","contentUrl":"https:\/\/www.mdirector.com\/wp-content\/uploads\/2022\/04\/wordpress.png","width":200,"height":200},{"@type":"BreadcrumbList","@id":"https:\/\/www.mdirector.com\/fr\/integrations\/wordpress\/#breadcrumb","itemListElement":[{"@type":"ListItem","position":1,"name":"Inicio","item":"https:\/\/www.mdirector.com\/fr\/"},{"@type":"ListItem","position":2,"name":"WordPress"}]},{"@type":"WebSite","@id":"https:\/\/www.mdirector.com\/fr\/#website","url":"https:\/\/www.mdirector.com\/fr\/","name":"MDirector","description":"","publisher":{"@id":"https:\/\/www.mdirector.com\/fr\/#organization"},"potentialAction":[{"@type":"SearchAction","target":{"@type":"EntryPoint","urlTemplate":"https:\/\/www.mdirector.com\/fr\/?s={search_term_string}"},"query-input":{"@type":"PropertyValueSpecification","valueRequired":true,"valueName":"search_term_string"}}],"inLanguage":"fr-FR"},{"@type":"Organization","@id":"https:\/\/www.mdirector.com\/fr\/#organization","name":"MDirector","url":"https:\/\/www.mdirector.com\/fr\/","logo":{"@type":"ImageObject","inLanguage":"fr-FR","@id":"https:\/\/www.mdirector.com\/fr\/#\/schema\/logo\/image\/","url":"https:\/\/www.mdirector.com\/wp-content\/uploads\/2023\/01\/mdirectorbimi-ok23-tiny-ps.svg","contentUrl":"https:\/\/www.mdirector.com\/wp-content\/uploads\/2023\/01\/mdirectorbimi-ok23-tiny-ps.svg","width":401,"height":401,"caption":"MDirector"},"image":{"@id":"https:\/\/www.mdirector.com\/fr\/#\/schema\/logo\/image\/"},"sameAs":["https:\/\/www.facebook.com\/MDirector.es","https:\/\/x.com\/emailMDirector","https:\/\/www.linkedin.com\/company\/1373906\/"]}]}},"multi-rating":{"mr_rating_results":[]},"_links":{"self":[{"href":"https:\/\/www.mdirector.com\/fr\/wp-json\/wp\/v2\/pages\/133930","targetHints":{"allow":["GET"]}}],"collection":[{"href":"https:\/\/www.mdirector.com\/fr\/wp-json\/wp\/v2\/pages"}],"about":[{"href":"https:\/\/www.mdirector.com\/fr\/wp-json\/wp\/v2\/types\/page"}],"author":[{"embeddable":true,"href":"https:\/\/www.mdirector.com\/fr\/wp-json\/wp\/v2\/users\/5"}],"replies":[{"embeddable":true,"href":"https:\/\/www.mdirector.com\/fr\/wp-json\/wp\/v2\/comments?post=133930"}],"version-history":[{"count":0,"href":"https:\/\/www.mdirector.com\/fr\/wp-json\/wp\/v2\/pages\/133930\/revisions"}],"wp:featuredmedia":[{"embeddable":true,"href":"https:\/\/www.mdirector.com\/fr\/wp-json\/wp\/v2\/media\/129362"}],"wp:attachment":[{"href":"https:\/\/www.mdirector.com\/fr\/wp-json\/wp\/v2\/media?parent=133930"}],"curies":[{"name":"wp","href":"https:\/\/api.w.org\/{rel}","templated":true}]}}