{"id":134005,"date":"2022-06-06T13:13:13","date_gmt":"2022-06-06T11:13:13","guid":{"rendered":"https:\/\/www.mdirector.com\/?page_id=134005"},"modified":"2023-07-07T14:16:56","modified_gmt":"2023-07-07T12:16:56","slug":"zapier","status":"publish","type":"page","link":"https:\/\/www.mdirector.com\/fr\/integrations\/zapier\/","title":{"rendered":"Zapier"},"content":{"rendered":"<p><link rel=\"preload\" as=\"image\" href=\"https:\/\/www.mdirector.com\/wp-content\/uploads\/2023\/07\/zapier-integracion.png\" imagesizes=\"(max-width: 1100px) 100vw, 1100px\" \/><img decoding=\"async\" class=\"alignnone wp-image-148958 size-full\" style=\"margin: 0 !important;\" src=\"https:\/\/www.mdirector.com\/wp-content\/uploads\/2023\/07\/zapier-integracion.png\" alt=\"\" width=\"770\" height=\"480\" srcset=\"https:\/\/www.mdirector.com\/wp-content\/uploads\/2023\/07\/zapier-integracion.png 770w, https:\/\/www.mdirector.com\/wp-content\/uploads\/2023\/07\/zapier-integracion-300x187.png 300w, https:\/\/www.mdirector.com\/wp-content\/uploads\/2023\/07\/zapier-integracion-768x479.png 768w\" sizes=\"(max-width: 770px) 100vw, 770px\" \/><\/p>\n<p>Par exemple, si vous recevez d&rsquo;innombrables pi\u00e8ces jointes dans les courriels qui arrivent sur votre compte. Si vous vouliez les enregistrer sur Dropbox, vous deviez le faire manuellement, mais Zapier pourrait automatiser cette action et apporter toutes les pi\u00e8ces jointes de Gmail \u00e0 Dropbox, \u00e9conomisant ainsi beaucoup de temps et d&rsquo;efforts.<\/p>\n<p>Il existe un plan gratuit, qui peut \u00eatre mis \u00e0 niveau vers un plan plus avanc\u00e9, en fonction du syst\u00e8me que vous souhaitez connecter, du nombre d&rsquo;int\u00e9grations que vous souhaitez cr\u00e9er, du nombre de t\u00e2ches et de la fr\u00e9quence \u00e0 laquelle vous souhaitez les ex\u00e9cuter.<\/p>\n<h3>Avantages de l&rsquo;utilisation de Zapier<\/h3>\n<ul>\n<li><strong>Int\u00e9grer<\/strong> : Reliez vos applications web en quelques clics afin qu&rsquo;elles puissent partager leurs donn\u00e9es.<\/li>\n<li><strong>Automatisez<\/strong> : \u00e9changez des informations entre vos applications gr\u00e2ce \u00e0 des flux de travail, \u00e9galement appel\u00e9s Zaps.<\/li>\n<li><strong>Innovation<\/strong> : cr\u00e9ez des processus plus rapidement sans avoir recours au code.<\/li>\n<\/ul>\n<h2>Int\u00e9gration de MDirector Services avec Zapier<\/h2>\n<p>Si vous disposez d&rsquo;une base de donn\u00e9es, d&rsquo;un CRM, d&rsquo;un CMS ou de tout autre syst\u00e8me o\u00f9 vous stockez des donn\u00e9es, gr\u00e2ce \u00e0 cette nouvelle int\u00e9gration de services, vous pourrez les envoyer facilement et \u00e9conomiquement \u00e0 MDirector. Avec cette int\u00e9gration, vous pouvez par exemple automatiser la d\u00e9sinscription des contacts afin qu&rsquo;ils soient envoy\u00e9s directement \u00e0 Zapier.<\/p>\n<p>Trois types d&rsquo;int\u00e9grations<\/p>\n<ul>\n<li><strong>D\u00e9clencheurs<\/strong> : actions qui ont lieu dans MDirector (enregistrement d&rsquo;un contact, une ouverture, etc.) et qui sont envoy\u00e9es \u00e0 Zapier afin d&rsquo;\u00eatre utilis\u00e9es dans des Zaps.<\/li>\n<li><strong>Chercheurs<\/strong> : Recherches pouvant \u00eatre effectu\u00e9es dans l&rsquo;API (rechercher un contact dans MDirector, obtenir les listes&#8230;).<\/li>\n<li><strong>Actions\/Cr\u00e9ations<\/strong> : cr\u00e9er de nouveaux \u00e9l\u00e9ments dans l&rsquo;API (ajouter un contact dans MDirector, supprimer un contact dans MDirector, etc.)<\/li>\n<\/ul>\n<p>Pour utiliser les services de MDirector disponibles sur Zapie vous devez disposer d\u2019un compte MDirector MD PRO ou MD TOTAL avec l\u2019API activ\u00e9e, car dans le processus de cr\u00e9ation des Zaps, vous devrez entrer l\u2019utilisateur et la cl\u00e9 de l\u2019API pour que Zapier puisse int\u00e9grer votre syst\u00e8me \u00e0 MDirector.<\/p>\n<p style=\"text-align: center;\"><a class=\"o-button--secondary\" style=\"text-decoration: none;\" href=\"https:\/\/zapier.com\/apps\/mdirector\/integrations\">Int\u00e9grer Zapier \u00e0 MDirector<\/a><\/p>\n<h2>Services disponibles pour Email Marketing et Landing Optimizer de MDirector<\/h2>\n<p>Nous allons expliquer ici tous les services disponibles en ce moment pour l&rsquo;Email Marketing et le Landing Optimizer :<\/p>\n<h3>Actions<\/h3>\n<ul>\n<li><strong>Cr\u00e9er\/Mettre \u00e0 jour<\/strong> : vous pourrez ajouter et modifier un contact \u00e0 partir d&rsquo;une liste.<\/li>\n<li><strong>D\u00e9sabonner un contact<\/strong>.<\/li>\n<li><strong>Cr\u00e9er une liste<\/strong> : cr\u00e9er une nouvelle liste de contacts.<\/li>\n<\/ul>\n<h3>Chercheurs<\/h3>\n<ul>\n<li><strong>Trouver un contact dans une liste.<\/strong><\/li>\n<\/ul>\n<h3>D\u00e9clencheurs<\/h3>\n<ul>\n<li><strong>Ajout d&rsquo;un nouveau lead<\/strong> : dans Landing Optimizer.<\/li>\n<li><strong>Obtenir des pages d&rsquo;atterrissage.<\/strong><\/li>\n<li><strong>Nouveau contact ajout\u00e9<\/strong> : nouveau contact cr\u00e9\u00e9 dans une liste.<\/li>\n<li><strong>Contact cr\u00e9\u00e9 ou mis \u00e0 jour.<\/strong><\/li>\n<li><strong>Contact envoy\u00e9 en livraison<\/strong> : une campagne a \u00e9t\u00e9 envoy\u00e9e \u00e0 un contact.<\/li>\n<li><strong>Contact a ouvert un email dans une livraison<\/strong> : le contact a ouvert la campagne.<\/li>\n<li><strong>Contact a cliqu\u00e9 sur un email dans une livraison.<\/strong><\/li>\n<li><strong>Contact d\u00e9sabonn\u00e9.<\/strong><\/li>\n<li><strong>Contact mis \u00e0 jour dans une liste.<\/strong><\/li>\n<li><strong>\u00c9chec de la livraison du contact<\/strong> : lorsque le contact donne un rebond.<\/li>\n<\/ul>\n<p>Vous gagnerez en rapidit\u00e9, en qualit\u00e9 et tout sera beaucoup plus facile si vous int\u00e9grez les services de MDirector avec Zapier. Si vous n&rsquo;utilisez pas encore cette technique, entrez dans MDirector et demandez des informations, afin de pouvoir int\u00e9grer les services de MDirector \u00e0 Zapier.<\/p>\n","protected":false},"excerpt":{"rendered":"<p>Par exemple, si vous recevez d&rsquo;innombrables pi\u00e8ces jointes dans les courriels qui arrivent sur votre compte. Si vous vouliez les enregistrer sur Dropbox, vous deviez le faire manuellement, mais Zapier pourrait automatiser cette action et [&hellip;]<\/p>\n","protected":false},"author":5,"featured_media":129367,"parent":0,"menu_order":0,"comment_status":"closed","ping_status":"closed","template":"template-integration.php","meta":{"_lmt_disableupdate":"","_lmt_disable":"","rating_form_position":"","rating_results_position":"","mr_structured_data_type":"","footnotes":""},"class_list":["post-134005","page","type-page","status-publish","has-post-thumbnail","hentry"],"acf":[],"yoast_head":"<!-- This site is optimized with the Yoast SEO plugin v25.3 - https:\/\/yoast.com\/wordpress\/plugins\/seo\/ -->\n<title>Zapier<\/title>\n<meta name=\"description\" content=\"Par exemple, si vous recevez d&#039;innombrables pi\u00e8ces jointes dans les courriels qui arrivent sur votre compte. Si vous vouliez les enregistrer sur Dropbox,\" \/>\n<meta name=\"robots\" content=\"noindex, nofollow\" \/>\n<meta property=\"og:locale\" content=\"fr_FR\" \/>\n<meta property=\"og:type\" content=\"article\" \/>\n<meta property=\"og:title\" content=\"Zapier\" \/>\n<meta property=\"og:description\" content=\"Par exemple, si vous recevez d&#039;innombrables pi\u00e8ces jointes dans les courriels qui arrivent sur votre compte. Si vous vouliez les enregistrer sur Dropbox,\" \/>\n<meta property=\"og:url\" content=\"https:\/\/www.mdirector.com\/fr\/integrations\/zapier\/\" \/>\n<meta property=\"og:site_name\" content=\"MDirector\" \/>\n<meta property=\"article:publisher\" content=\"https:\/\/www.facebook.com\/MDirector.es\" \/>\n<meta property=\"article:modified_time\" content=\"2023-07-07T12:16:56+00:00\" \/>\n<meta property=\"og:image\" content=\"https:\/\/www.mdirector.com\/wp-content\/uploads\/2022\/04\/zapier-1.png\" \/>\n\t<meta property=\"og:image:width\" content=\"200\" \/>\n\t<meta property=\"og:image:height\" content=\"200\" \/>\n\t<meta property=\"og:image:type\" content=\"image\/png\" \/>\n<meta name=\"twitter:card\" content=\"summary_large_image\" \/>\n<meta name=\"twitter:site\" content=\"@emailMDirector\" \/>\n<meta name=\"twitter:label1\" content=\"Dur\u00e9e de lecture estim\u00e9e\" \/>\n\t<meta name=\"twitter:data1\" content=\"3 minutes\" \/>\n<script type=\"application\/ld+json\" class=\"yoast-schema-graph\">{\"@context\":\"https:\/\/schema.org\",\"@graph\":[{\"@type\":\"WebPage\",\"@id\":\"https:\/\/www.mdirector.com\/fr\/integrations\/zapier\/\",\"url\":\"https:\/\/www.mdirector.com\/fr\/integrations\/zapier\/\",\"name\":\"Zapier\",\"isPartOf\":{\"@id\":\"https:\/\/www.mdirector.com\/fr\/#website\"},\"primaryImageOfPage\":{\"@id\":\"https:\/\/www.mdirector.com\/fr\/integrations\/zapier\/#primaryimage\"},\"image\":{\"@id\":\"https:\/\/www.mdirector.com\/fr\/integrations\/zapier\/#primaryimage\"},\"thumbnailUrl\":\"https:\/\/www.mdirector.com\/wp-content\/uploads\/2022\/04\/zapier-1.png\",\"datePublished\":\"2022-06-06T11:13:13+00:00\",\"dateModified\":\"2023-07-07T12:16:56+00:00\",\"description\":\"Par exemple, si vous recevez d'innombrables pi\u00e8ces jointes dans les courriels qui arrivent sur votre compte. Si vous vouliez les enregistrer sur Dropbox,\",\"breadcrumb\":{\"@id\":\"https:\/\/www.mdirector.com\/fr\/integrations\/zapier\/#breadcrumb\"},\"inLanguage\":\"fr-FR\",\"potentialAction\":[{\"@type\":\"ReadAction\",\"target\":[\"https:\/\/www.mdirector.com\/fr\/integrations\/zapier\/\"]}]},{\"@type\":\"ImageObject\",\"inLanguage\":\"fr-FR\",\"@id\":\"https:\/\/www.mdirector.com\/fr\/integrations\/zapier\/#primaryimage\",\"url\":\"https:\/\/www.mdirector.com\/wp-content\/uploads\/2022\/04\/zapier-1.png\",\"contentUrl\":\"https:\/\/www.mdirector.com\/wp-content\/uploads\/2022\/04\/zapier-1.png\",\"width\":200,\"height\":200},{\"@type\":\"BreadcrumbList\",\"@id\":\"https:\/\/www.mdirector.com\/fr\/integrations\/zapier\/#breadcrumb\",\"itemListElement\":[{\"@type\":\"ListItem\",\"position\":1,\"name\":\"Inicio\",\"item\":\"https:\/\/www.mdirector.com\/fr\/\"},{\"@type\":\"ListItem\",\"position\":2,\"name\":\"Zapier\"}]},{\"@type\":\"WebSite\",\"@id\":\"https:\/\/www.mdirector.com\/fr\/#website\",\"url\":\"https:\/\/www.mdirector.com\/fr\/\",\"name\":\"MDirector\",\"description\":\"\",\"publisher\":{\"@id\":\"https:\/\/www.mdirector.com\/fr\/#organization\"},\"potentialAction\":[{\"@type\":\"SearchAction\",\"target\":{\"@type\":\"EntryPoint\",\"urlTemplate\":\"https:\/\/www.mdirector.com\/fr\/?s={search_term_string}\"},\"query-input\":{\"@type\":\"PropertyValueSpecification\",\"valueRequired\":true,\"valueName\":\"search_term_string\"}}],\"inLanguage\":\"fr-FR\"},{\"@type\":\"Organization\",\"@id\":\"https:\/\/www.mdirector.com\/fr\/#organization\",\"name\":\"MDirector\",\"url\":\"https:\/\/www.mdirector.com\/fr\/\",\"logo\":{\"@type\":\"ImageObject\",\"inLanguage\":\"fr-FR\",\"@id\":\"https:\/\/www.mdirector.com\/fr\/#\/schema\/logo\/image\/\",\"url\":\"https:\/\/www.mdirector.com\/wp-content\/uploads\/2023\/01\/mdirectorbimi-ok23-tiny-ps.svg\",\"contentUrl\":\"https:\/\/www.mdirector.com\/wp-content\/uploads\/2023\/01\/mdirectorbimi-ok23-tiny-ps.svg\",\"width\":401,\"height\":401,\"caption\":\"MDirector\"},\"image\":{\"@id\":\"https:\/\/www.mdirector.com\/fr\/#\/schema\/logo\/image\/\"},\"sameAs\":[\"https:\/\/www.facebook.com\/MDirector.es\",\"https:\/\/x.com\/emailMDirector\",\"https:\/\/www.linkedin.com\/company\/1373906\/\"]}]}<\/script>\n<!-- \/ Yoast SEO plugin. -->","yoast_head_json":{"title":"Zapier","description":"Par exemple, si vous recevez d'innombrables pi\u00e8ces jointes dans les courriels qui arrivent sur votre compte. Si vous vouliez les enregistrer sur Dropbox,","robots":{"index":"noindex","follow":"nofollow"},"og_locale":"fr_FR","og_type":"article","og_title":"Zapier","og_description":"Par exemple, si vous recevez d'innombrables pi\u00e8ces jointes dans les courriels qui arrivent sur votre compte. Si vous vouliez les enregistrer sur Dropbox,","og_url":"https:\/\/www.mdirector.com\/fr\/integrations\/zapier\/","og_site_name":"MDirector","article_publisher":"https:\/\/www.facebook.com\/MDirector.es","article_modified_time":"2023-07-07T12:16:56+00:00","og_image":[{"width":200,"height":200,"url":"https:\/\/www.mdirector.com\/wp-content\/uploads\/2022\/04\/zapier-1.png","type":"image\/png"}],"twitter_card":"summary_large_image","twitter_site":"@emailMDirector","twitter_misc":{"Dur\u00e9e de lecture estim\u00e9e":"3 minutes"},"schema":{"@context":"https:\/\/schema.org","@graph":[{"@type":"WebPage","@id":"https:\/\/www.mdirector.com\/fr\/integrations\/zapier\/","url":"https:\/\/www.mdirector.com\/fr\/integrations\/zapier\/","name":"Zapier","isPartOf":{"@id":"https:\/\/www.mdirector.com\/fr\/#website"},"primaryImageOfPage":{"@id":"https:\/\/www.mdirector.com\/fr\/integrations\/zapier\/#primaryimage"},"image":{"@id":"https:\/\/www.mdirector.com\/fr\/integrations\/zapier\/#primaryimage"},"thumbnailUrl":"https:\/\/www.mdirector.com\/wp-content\/uploads\/2022\/04\/zapier-1.png","datePublished":"2022-06-06T11:13:13+00:00","dateModified":"2023-07-07T12:16:56+00:00","description":"Par exemple, si vous recevez d'innombrables pi\u00e8ces jointes dans les courriels qui arrivent sur votre compte. Si vous vouliez les enregistrer sur Dropbox,","breadcrumb":{"@id":"https:\/\/www.mdirector.com\/fr\/integrations\/zapier\/#breadcrumb"},"inLanguage":"fr-FR","potentialAction":[{"@type":"ReadAction","target":["https:\/\/www.mdirector.com\/fr\/integrations\/zapier\/"]}]},{"@type":"ImageObject","inLanguage":"fr-FR","@id":"https:\/\/www.mdirector.com\/fr\/integrations\/zapier\/#primaryimage","url":"https:\/\/www.mdirector.com\/wp-content\/uploads\/2022\/04\/zapier-1.png","contentUrl":"https:\/\/www.mdirector.com\/wp-content\/uploads\/2022\/04\/zapier-1.png","width":200,"height":200},{"@type":"BreadcrumbList","@id":"https:\/\/www.mdirector.com\/fr\/integrations\/zapier\/#breadcrumb","itemListElement":[{"@type":"ListItem","position":1,"name":"Inicio","item":"https:\/\/www.mdirector.com\/fr\/"},{"@type":"ListItem","position":2,"name":"Zapier"}]},{"@type":"WebSite","@id":"https:\/\/www.mdirector.com\/fr\/#website","url":"https:\/\/www.mdirector.com\/fr\/","name":"MDirector","description":"","publisher":{"@id":"https:\/\/www.mdirector.com\/fr\/#organization"},"potentialAction":[{"@type":"SearchAction","target":{"@type":"EntryPoint","urlTemplate":"https:\/\/www.mdirector.com\/fr\/?s={search_term_string}"},"query-input":{"@type":"PropertyValueSpecification","valueRequired":true,"valueName":"search_term_string"}}],"inLanguage":"fr-FR"},{"@type":"Organization","@id":"https:\/\/www.mdirector.com\/fr\/#organization","name":"MDirector","url":"https:\/\/www.mdirector.com\/fr\/","logo":{"@type":"ImageObject","inLanguage":"fr-FR","@id":"https:\/\/www.mdirector.com\/fr\/#\/schema\/logo\/image\/","url":"https:\/\/www.mdirector.com\/wp-content\/uploads\/2023\/01\/mdirectorbimi-ok23-tiny-ps.svg","contentUrl":"https:\/\/www.mdirector.com\/wp-content\/uploads\/2023\/01\/mdirectorbimi-ok23-tiny-ps.svg","width":401,"height":401,"caption":"MDirector"},"image":{"@id":"https:\/\/www.mdirector.com\/fr\/#\/schema\/logo\/image\/"},"sameAs":["https:\/\/www.facebook.com\/MDirector.es","https:\/\/x.com\/emailMDirector","https:\/\/www.linkedin.com\/company\/1373906\/"]}]}},"multi-rating":{"mr_rating_results":[]},"_links":{"self":[{"href":"https:\/\/www.mdirector.com\/fr\/wp-json\/wp\/v2\/pages\/134005","targetHints":{"allow":["GET"]}}],"collection":[{"href":"https:\/\/www.mdirector.com\/fr\/wp-json\/wp\/v2\/pages"}],"about":[{"href":"https:\/\/www.mdirector.com\/fr\/wp-json\/wp\/v2\/types\/page"}],"author":[{"embeddable":true,"href":"https:\/\/www.mdirector.com\/fr\/wp-json\/wp\/v2\/users\/5"}],"replies":[{"embeddable":true,"href":"https:\/\/www.mdirector.com\/fr\/wp-json\/wp\/v2\/comments?post=134005"}],"version-history":[{"count":0,"href":"https:\/\/www.mdirector.com\/fr\/wp-json\/wp\/v2\/pages\/134005\/revisions"}],"wp:featuredmedia":[{"embeddable":true,"href":"https:\/\/www.mdirector.com\/fr\/wp-json\/wp\/v2\/media\/129367"}],"wp:attachment":[{"href":"https:\/\/www.mdirector.com\/fr\/wp-json\/wp\/v2\/media?parent=134005"}],"curies":[{"name":"wp","href":"https:\/\/api.w.org\/{rel}","templated":true}]}}