{"id":148607,"date":"2023-07-03T14:43:05","date_gmt":"2023-07-03T12:43:05","guid":{"rendered":"https:\/\/www.mdirector.com\/?page_id=148607"},"modified":"2023-07-04T12:53:44","modified_gmt":"2023-07-04T10:53:44","slug":"shopify","status":"publish","type":"page","link":"https:\/\/www.mdirector.com\/fr\/shopify\/","title":{"rendered":"Shopify"},"content":{"rendered":"<p><link rel=\"preload\" as=\"image\" href=\"https:\/\/www.mdirector.com\/wp-content\/uploads\/2023\/06\/shopify-detalle.jpg\" imagesizes=\"(max-width: 1100px) 100vw, 1100px\" \/><img decoding=\"async\" class=\"alignnone wp-image-148594 size-full\" style=\"margin: 0 !important;\" src=\"https:\/\/www.mdirector.com\/wp-content\/uploads\/2023\/06\/shopify-detalle.jpg\" alt=\"\" width=\"1540\" height=\"960\" srcset=\"https:\/\/www.mdirector.com\/wp-content\/uploads\/2023\/06\/shopify-detalle.jpg 1540w, https:\/\/www.mdirector.com\/wp-content\/uploads\/2023\/06\/shopify-detalle-300x187.jpg 300w, https:\/\/www.mdirector.com\/wp-content\/uploads\/2023\/06\/shopify-detalle-1024x638.jpg 1024w, https:\/\/www.mdirector.com\/wp-content\/uploads\/2023\/06\/shopify-detalle-768x479.jpg 768w, https:\/\/www.mdirector.com\/wp-content\/uploads\/2023\/06\/shopify-detalle-1536x958.jpg 1536w\" sizes=\"(max-width: 1540px) 100vw, 1540px\" \/><\/p>\n<h2>Comprendre l&rsquo;int\u00e9gration de MDirector et Shopify<\/h2>\n<p>L&rsquo;int\u00e9gration de Shopify avec MDirector facilite <b>la synchronisation de vos donn\u00e9es client avec MDirector. <\/b>De cette fa\u00e7on, vous pourrez ex\u00e9cuter des campagnes de marketing par e-mail hautement personnalis\u00e9es et efficaces pour le commerce \u00e9lectronique.<\/p>\n<p>Avec les informations de vos clients vous pouvez :<\/p>\n<ul>\n<li>Automatisez l&rsquo;envoi de vos e-mails de bienvenue \u00e0 vos utilisateurs enregistr\u00e9s dans Shopify<\/li>\n<li>Envoyez des campagnes SMS depuis MDirector \u00e0 votre liste de contacts depuis Shopify<\/li>\n<li>D\u00e9veloppez votre liste d&rsquo;abonn\u00e9s avec des pages de destination attrayantes que vous pouvez envoyer \u00e0 vos utilisateurs enregistr\u00e9s de Shopify<\/li>\n<li>Mettez \u00e0 jour votre base de donn\u00e9es dans MDirector, en supprimant automatiquement les contacts qui annulent leurs communications sur votre site Shopify.<\/li>\n<\/ul>\n<h2>Avantages de l&rsquo;int\u00e9gration de MDirector et Shopify<\/h2>\n<p>L&rsquo;int\u00e9gration de MDirector avec Shopify offre un certain nombre d&rsquo;avantages significatifs aux propri\u00e9taires de boutiques en ligne. Ces avantages comprennent :<\/p>\n<ul>\n<li><strong>Optimisez et am\u00e9liorez vos campagnes d&rsquo;Email Marketing<\/strong><br \/>\nAvec MDirector, vous pouvez cr\u00e9er et envoyer des communications personnalis\u00e9es par e-mail et SMS \u00e0 vos clients. Prenez parti des fonctionnalit\u00e9s de ciblage avanc\u00e9es de MDirector pour envoyer des messages pertinents \u00e0 des segments sp\u00e9cifiques de votre public. Cela am\u00e9liore l&rsquo;efficacit\u00e9 de vos campagnes et augmente vos taux de conversion.<\/li>\n<li><strong>Personnalisez l&rsquo;exp\u00e9rience de votre public<\/strong><br \/>\nAvec les informations de vos contacts provenant de Shopify, vous pourrez interagir de mani\u00e8re personnalis\u00e9e avec vos abonn\u00e9s. Adressez-vous \u00e0 vos clients par leur nom, envoyez des e-mails de bienvenue, notifiez vos ventes flash par SMS, proposez des recommandations de produits, envoyez des messages d&rsquo;anniversaire ou d&rsquo;anniversaire et bien plus encore.<\/li>\n<li><strong>Acc\u00e9der aux rapports avanc\u00e9s<\/strong><br \/>\nMDirector fournit des analyses d\u00e9taill\u00e9es et compl\u00e8tes pour \u00e9valuer les performances de vos campagnes de marketing par e-mail et SMS. En tant que marchand Shopify, vous pouvez acc\u00e9der \u00e0 des mesures cl\u00e9s telles que les taux d&rsquo;ouverture, les taux de clics et les taux de conversion. Prenez des d\u00e9cisions bas\u00e9es sur des donn\u00e9es et optimisez vos efforts de marketing.<\/li>\n<\/ul>\n<h2>Comment int\u00e9grer MDirector et Shopify ?<\/h2>\n<p>Integrar Shopify con MDirector es un proceso sencillo. A continuaci\u00f3n, te presentamos los pasos para realizar la integraci\u00f3n:<\/p>\n<p>L&rsquo;int\u00e9gration de Shopify \u00e0 MDirector est un processus simple. Voici les \u00e9tapes pour terminer l&rsquo;int\u00e9gration :<\/p>\n<h4><b>\u00c9tape 1 : Cr\u00e9er un compte MDirector<\/b><\/h4>\n<p>La premi\u00e8re chose que vous devez faire est de cr\u00e9er un compte sur MDirector. Si vous n&rsquo;avez pas encore de compte MDirector,<a href=\"https:\/\/www.mdirector.com\/fr\/signup\/\"> acc\u00e9dez \u00e0 partir d&rsquo;ici<\/a> et suivez les \u00e9tapes pour vous inscrire. Votre compte MDirector doit avoir acc\u00e8s \u00e0 l&rsquo;API. N&rsquo;oubliez pas que tous les comptes MDirector ont un essai gratuit de 30 jours ou vous pouvez avoir un acc\u00e8s illimit\u00e9 d&rsquo;une journ\u00e9e avec les plans PRO ou TOTAL.<\/p>\n<h4><b>\u00c9tape 2 : g\u00e9n\u00e9rer vos identifiants API<\/b><\/h4>\n<p>La prochaine \u00e9tape consistera<a href=\"https:\/\/mdirector.zendesk.com\/hc\/en-us\/articles\/8549311005084-Shopify-connection-guide\"> \u00e0 g\u00e9n\u00e9rer une API de service de messagerie correspondant \u00e0 votre compte dans MDirecto<\/a> ou au sous-compte que vous souhaitez lier \u00e0 Shopify. Pour ce faire, acc\u00e9dez \u00e0 la section \u00ab\u00a0Int\u00e9grations\u00a0\u00bb de votre compte MDirector, puis \u00e0 la section \u00ab\u00a0APIS\u00a0\u00bb.<\/p>\n<h4><b>\u00c9tape 3 : Connectez MDirector dans Shopify<\/b><\/h4>\n<p>Dans votre panneau d&rsquo;administration Shopify, recherchez l&rsquo;App Store et cr\u00e9ez MDirector en tant qu'\u00a0\u00bbapplication personnalis\u00e9e\u00a0\u00bb.<a href=\"https:\/\/mdirector.zendesk.com\/hc\/en-us\/articles\/8549311005084-Shopify-connection-guide\"> Suivez les instructions ici<\/a> pour connecter votre compte et configurer la synchronisation des donn\u00e9es.<\/p>\n<h2>Meilleures pratiques pour tirer parti de MDirector et de son int\u00e9gration avec Shopify<\/h2>\n<p>Pour tirer le meilleur parti de l&rsquo;int\u00e9gration de Shopify avec MDirector, voici quelques bonnes pratiques :<\/p>\n<h4><b>Segmentez votre audience<\/b><\/h4>\n<p>Utilisez les fonctionnalit\u00e9s de segmentation de MDirector pour diviser votre audience en petits groupes. Envoyez des messages tr\u00e8s pertinents \u00e0 des segments sp\u00e9cifiques pour augmenter l&rsquo;efficacit\u00e9 de vos campagnes de marketing par e-mail.<\/p>\n<h4><b>Cr\u00e9er un contenu email attrayant et optimis\u00e9<\/b><\/h4>\n<p>Profitez de nos mod\u00e8les ou cr\u00e9ez \u00e0 partir de z\u00e9ro avec l&rsquo;\u00e9diteur glisser-d\u00e9poser de MDirector. Utilisez un langage persuasif et personnalisez les messages en fonction des int\u00e9r\u00eats et des comportements de votre public. Incluez des appels \u00e0 l&rsquo;action clairs qui encouragent les destinataires \u00e0 agir.<\/p>\n<h4><b>Testez et trouvez votre meilleur r\u00e9sultat<\/b><\/h4>\n<p>Testez r\u00e9guli\u00e8rement pour optimiser vos campagnes d&rsquo;Email Marketing. Prenez parti de la fonctionnalit\u00e9 de test A\/B de MDirector. Exp\u00e9rimentez avec diff\u00e9rentes lignes d&rsquo;objet, mises en page d&rsquo;e-mails et appels \u00e0 l&rsquo;action. Analysez les r\u00e9sultats et ajustez vos strat\u00e9gies en fonction des donn\u00e9es obtenues.<\/p>\n<h4><b>Assurez la d\u00e9livrabilit\u00e9 et la r\u00e9putation de votre domaine<\/b><\/h4>\n<p>Pour vous assurer que vos e-mails atteignent les bo\u00eetes de r\u00e9ception de vos abonn\u00e9s, \u00e9vitez d&rsquo;utiliser des pratiques de spam et maintenez une bonne r\u00e9putation d&rsquo;exp\u00e9diteur.<\/p>\n","protected":false},"excerpt":{"rendered":"<p>Comprendre l&rsquo;int\u00e9gration de MDirector et Shopify L&rsquo;int\u00e9gration de Shopify avec MDirector facilite la synchronisation de vos donn\u00e9es client avec MDirector. De cette fa\u00e7on, vous pourrez ex\u00e9cuter des campagnes de marketing par e-mail hautement personnalis\u00e9es et [&hellip;]<\/p>\n","protected":false},"author":5,"featured_media":148591,"parent":0,"menu_order":0,"comment_status":"closed","ping_status":"closed","template":"template-integration.php","meta":{"_lmt_disableupdate":"","_lmt_disable":"","rating_form_position":"","rating_results_position":"","mr_structured_data_type":"","footnotes":""},"class_list":["post-148607","page","type-page","status-publish","has-post-thumbnail","hentry"],"acf":[],"yoast_head":"<!-- This site is optimized with the Yoast SEO plugin v25.3 - https:\/\/yoast.com\/wordpress\/plugins\/seo\/ -->\n<title>Shopify<\/title>\n<meta name=\"description\" content=\"Comprendre l&#039;int\u00e9gration de MDirector et Shopify L&#039;int\u00e9gration de Shopify avec MDirector facilite la synchronisation de vos donn\u00e9es client avec MDirector.\" \/>\n<meta name=\"robots\" content=\"noindex, nofollow\" \/>\n<meta property=\"og:locale\" content=\"fr_FR\" \/>\n<meta property=\"og:type\" content=\"article\" \/>\n<meta property=\"og:title\" content=\"Shopify\" \/>\n<meta property=\"og:description\" content=\"Comprendre l&#039;int\u00e9gration de MDirector et Shopify L&#039;int\u00e9gration de Shopify avec MDirector facilite la synchronisation de vos donn\u00e9es client avec MDirector.\" \/>\n<meta property=\"og:url\" content=\"https:\/\/www.mdirector.com\/fr\/shopify\/\" \/>\n<meta property=\"og:site_name\" content=\"MDirector\" \/>\n<meta property=\"article:publisher\" content=\"https:\/\/www.facebook.com\/MDirector.es\" \/>\n<meta property=\"article:modified_time\" content=\"2023-07-04T10:53:44+00:00\" \/>\n<meta property=\"og:image\" content=\"https:\/\/www.mdirector.com\/wp-content\/uploads\/2023\/06\/shopify-icon.png\" \/>\n\t<meta property=\"og:image:width\" content=\"350\" \/>\n\t<meta property=\"og:image:height\" content=\"350\" \/>\n\t<meta property=\"og:image:type\" content=\"image\/png\" \/>\n<meta name=\"twitter:card\" content=\"summary_large_image\" \/>\n<meta name=\"twitter:site\" content=\"@emailMDirector\" \/>\n<meta name=\"twitter:label1\" content=\"Dur\u00e9e de lecture estim\u00e9e\" \/>\n\t<meta name=\"twitter:data1\" content=\"4 minutes\" \/>\n<script type=\"application\/ld+json\" class=\"yoast-schema-graph\">{\"@context\":\"https:\/\/schema.org\",\"@graph\":[{\"@type\":\"WebPage\",\"@id\":\"https:\/\/www.mdirector.com\/fr\/shopify\/\",\"url\":\"https:\/\/www.mdirector.com\/fr\/shopify\/\",\"name\":\"Shopify\",\"isPartOf\":{\"@id\":\"https:\/\/www.mdirector.com\/fr\/#website\"},\"primaryImageOfPage\":{\"@id\":\"https:\/\/www.mdirector.com\/fr\/shopify\/#primaryimage\"},\"image\":{\"@id\":\"https:\/\/www.mdirector.com\/fr\/shopify\/#primaryimage\"},\"thumbnailUrl\":\"https:\/\/www.mdirector.com\/wp-content\/uploads\/2023\/06\/shopify-icon.png\",\"datePublished\":\"2023-07-03T12:43:05+00:00\",\"dateModified\":\"2023-07-04T10:53:44+00:00\",\"description\":\"Comprendre l'int\u00e9gration de MDirector et Shopify L'int\u00e9gration de Shopify avec MDirector facilite la synchronisation de vos donn\u00e9es client avec MDirector.\",\"breadcrumb\":{\"@id\":\"https:\/\/www.mdirector.com\/fr\/shopify\/#breadcrumb\"},\"inLanguage\":\"fr-FR\",\"potentialAction\":[{\"@type\":\"ReadAction\",\"target\":[\"https:\/\/www.mdirector.com\/fr\/shopify\/\"]}]},{\"@type\":\"ImageObject\",\"inLanguage\":\"fr-FR\",\"@id\":\"https:\/\/www.mdirector.com\/fr\/shopify\/#primaryimage\",\"url\":\"https:\/\/www.mdirector.com\/wp-content\/uploads\/2023\/06\/shopify-icon.png\",\"contentUrl\":\"https:\/\/www.mdirector.com\/wp-content\/uploads\/2023\/06\/shopify-icon.png\",\"width\":350,\"height\":350},{\"@type\":\"BreadcrumbList\",\"@id\":\"https:\/\/www.mdirector.com\/fr\/shopify\/#breadcrumb\",\"itemListElement\":[{\"@type\":\"ListItem\",\"position\":1,\"name\":\"Inicio\",\"item\":\"https:\/\/www.mdirector.com\/fr\/\"},{\"@type\":\"ListItem\",\"position\":2,\"name\":\"Shopify\"}]},{\"@type\":\"WebSite\",\"@id\":\"https:\/\/www.mdirector.com\/fr\/#website\",\"url\":\"https:\/\/www.mdirector.com\/fr\/\",\"name\":\"MDirector\",\"description\":\"\",\"publisher\":{\"@id\":\"https:\/\/www.mdirector.com\/fr\/#organization\"},\"potentialAction\":[{\"@type\":\"SearchAction\",\"target\":{\"@type\":\"EntryPoint\",\"urlTemplate\":\"https:\/\/www.mdirector.com\/fr\/?s={search_term_string}\"},\"query-input\":{\"@type\":\"PropertyValueSpecification\",\"valueRequired\":true,\"valueName\":\"search_term_string\"}}],\"inLanguage\":\"fr-FR\"},{\"@type\":\"Organization\",\"@id\":\"https:\/\/www.mdirector.com\/fr\/#organization\",\"name\":\"MDirector\",\"url\":\"https:\/\/www.mdirector.com\/fr\/\",\"logo\":{\"@type\":\"ImageObject\",\"inLanguage\":\"fr-FR\",\"@id\":\"https:\/\/www.mdirector.com\/fr\/#\/schema\/logo\/image\/\",\"url\":\"https:\/\/www.mdirector.com\/wp-content\/uploads\/2023\/01\/mdirectorbimi-ok23-tiny-ps.svg\",\"contentUrl\":\"https:\/\/www.mdirector.com\/wp-content\/uploads\/2023\/01\/mdirectorbimi-ok23-tiny-ps.svg\",\"width\":401,\"height\":401,\"caption\":\"MDirector\"},\"image\":{\"@id\":\"https:\/\/www.mdirector.com\/fr\/#\/schema\/logo\/image\/\"},\"sameAs\":[\"https:\/\/www.facebook.com\/MDirector.es\",\"https:\/\/x.com\/emailMDirector\",\"https:\/\/www.linkedin.com\/company\/1373906\/\"]}]}<\/script>\n<!-- \/ Yoast SEO plugin. -->","yoast_head_json":{"title":"Shopify","description":"Comprendre l'int\u00e9gration de MDirector et Shopify L'int\u00e9gration de Shopify avec MDirector facilite la synchronisation de vos donn\u00e9es client avec MDirector.","robots":{"index":"noindex","follow":"nofollow"},"og_locale":"fr_FR","og_type":"article","og_title":"Shopify","og_description":"Comprendre l'int\u00e9gration de MDirector et Shopify L'int\u00e9gration de Shopify avec MDirector facilite la synchronisation de vos donn\u00e9es client avec MDirector.","og_url":"https:\/\/www.mdirector.com\/fr\/shopify\/","og_site_name":"MDirector","article_publisher":"https:\/\/www.facebook.com\/MDirector.es","article_modified_time":"2023-07-04T10:53:44+00:00","og_image":[{"width":350,"height":350,"url":"https:\/\/www.mdirector.com\/wp-content\/uploads\/2023\/06\/shopify-icon.png","type":"image\/png"}],"twitter_card":"summary_large_image","twitter_site":"@emailMDirector","twitter_misc":{"Dur\u00e9e de lecture estim\u00e9e":"4 minutes"},"schema":{"@context":"https:\/\/schema.org","@graph":[{"@type":"WebPage","@id":"https:\/\/www.mdirector.com\/fr\/shopify\/","url":"https:\/\/www.mdirector.com\/fr\/shopify\/","name":"Shopify","isPartOf":{"@id":"https:\/\/www.mdirector.com\/fr\/#website"},"primaryImageOfPage":{"@id":"https:\/\/www.mdirector.com\/fr\/shopify\/#primaryimage"},"image":{"@id":"https:\/\/www.mdirector.com\/fr\/shopify\/#primaryimage"},"thumbnailUrl":"https:\/\/www.mdirector.com\/wp-content\/uploads\/2023\/06\/shopify-icon.png","datePublished":"2023-07-03T12:43:05+00:00","dateModified":"2023-07-04T10:53:44+00:00","description":"Comprendre l'int\u00e9gration de MDirector et Shopify L'int\u00e9gration de Shopify avec MDirector facilite la synchronisation de vos donn\u00e9es client avec MDirector.","breadcrumb":{"@id":"https:\/\/www.mdirector.com\/fr\/shopify\/#breadcrumb"},"inLanguage":"fr-FR","potentialAction":[{"@type":"ReadAction","target":["https:\/\/www.mdirector.com\/fr\/shopify\/"]}]},{"@type":"ImageObject","inLanguage":"fr-FR","@id":"https:\/\/www.mdirector.com\/fr\/shopify\/#primaryimage","url":"https:\/\/www.mdirector.com\/wp-content\/uploads\/2023\/06\/shopify-icon.png","contentUrl":"https:\/\/www.mdirector.com\/wp-content\/uploads\/2023\/06\/shopify-icon.png","width":350,"height":350},{"@type":"BreadcrumbList","@id":"https:\/\/www.mdirector.com\/fr\/shopify\/#breadcrumb","itemListElement":[{"@type":"ListItem","position":1,"name":"Inicio","item":"https:\/\/www.mdirector.com\/fr\/"},{"@type":"ListItem","position":2,"name":"Shopify"}]},{"@type":"WebSite","@id":"https:\/\/www.mdirector.com\/fr\/#website","url":"https:\/\/www.mdirector.com\/fr\/","name":"MDirector","description":"","publisher":{"@id":"https:\/\/www.mdirector.com\/fr\/#organization"},"potentialAction":[{"@type":"SearchAction","target":{"@type":"EntryPoint","urlTemplate":"https:\/\/www.mdirector.com\/fr\/?s={search_term_string}"},"query-input":{"@type":"PropertyValueSpecification","valueRequired":true,"valueName":"search_term_string"}}],"inLanguage":"fr-FR"},{"@type":"Organization","@id":"https:\/\/www.mdirector.com\/fr\/#organization","name":"MDirector","url":"https:\/\/www.mdirector.com\/fr\/","logo":{"@type":"ImageObject","inLanguage":"fr-FR","@id":"https:\/\/www.mdirector.com\/fr\/#\/schema\/logo\/image\/","url":"https:\/\/www.mdirector.com\/wp-content\/uploads\/2023\/01\/mdirectorbimi-ok23-tiny-ps.svg","contentUrl":"https:\/\/www.mdirector.com\/wp-content\/uploads\/2023\/01\/mdirectorbimi-ok23-tiny-ps.svg","width":401,"height":401,"caption":"MDirector"},"image":{"@id":"https:\/\/www.mdirector.com\/fr\/#\/schema\/logo\/image\/"},"sameAs":["https:\/\/www.facebook.com\/MDirector.es","https:\/\/x.com\/emailMDirector","https:\/\/www.linkedin.com\/company\/1373906\/"]}]}},"multi-rating":{"mr_rating_results":[]},"_links":{"self":[{"href":"https:\/\/www.mdirector.com\/fr\/wp-json\/wp\/v2\/pages\/148607","targetHints":{"allow":["GET"]}}],"collection":[{"href":"https:\/\/www.mdirector.com\/fr\/wp-json\/wp\/v2\/pages"}],"about":[{"href":"https:\/\/www.mdirector.com\/fr\/wp-json\/wp\/v2\/types\/page"}],"author":[{"embeddable":true,"href":"https:\/\/www.mdirector.com\/fr\/wp-json\/wp\/v2\/users\/5"}],"replies":[{"embeddable":true,"href":"https:\/\/www.mdirector.com\/fr\/wp-json\/wp\/v2\/comments?post=148607"}],"version-history":[{"count":0,"href":"https:\/\/www.mdirector.com\/fr\/wp-json\/wp\/v2\/pages\/148607\/revisions"}],"wp:featuredmedia":[{"embeddable":true,"href":"https:\/\/www.mdirector.com\/fr\/wp-json\/wp\/v2\/media\/148591"}],"wp:attachment":[{"href":"https:\/\/www.mdirector.com\/fr\/wp-json\/wp\/v2\/media?parent=148607"}],"curies":[{"name":"wp","href":"https:\/\/api.w.org\/{rel}","templated":true}]}}