{"id":133187,"date":"2022-05-19T17:24:35","date_gmt":"2022-05-19T15:24:35","guid":{"rendered":"https:\/\/www.mdirector.com\/?page_id=133187"},"modified":"2022-05-19T17:25:57","modified_gmt":"2022-05-19T15:25:57","slug":"perche-hai-ricevuto-questa-email","status":"publish","type":"page","link":"https:\/\/www.mdirector.com\/it\/perche-hai-ricevuto-questa-email\/","title":{"rendered":"Perch\u00e9 hai ricevuto questa email?"},"content":{"rendered":"<h2>Perch\u00e8 hai ricevuto questa email?<\/h2>\n<p>Se ricevi questa email \u00e8 perch\u00e9 uno dei nostri clienti ha utilizzato la Piattaforma Tecnoligica MDirector per inviartela. Attraverso MDirector, i nostri clienti possono gestire i loro invii di email. Il cliente stesso \u00e8 il responsabile dei dati dei suoi utenti e deve aver ricevuto il consenso dei destinatari per inviare loro email. Quindi, \u00e8 responsabile della tua autorizzazione alla ricezione di questa email.<\/p>\n<h2><\/h2>\n<h2>Cos\u2019\u00e8 MDirector?<\/h2>\n<p>MDirector \u00e8 una tecnologia che mette a disposizione dei suoi clienti una piattaforma per la gestione dei loro invii di email, SMS o dei loro messaggi sui social network. Marketing Manager Servicios de Marketing SLU \u00e8 la proprietaria del servizio MDirector.<\/p>\n<h2><\/h2>\n<h2>Cosa fa MDirector con i tuoi dati?<\/h2>\n<p>MDirector accede ai tuoi dati unicamente per fare in modo che il Cliente possa realizzare gli invii di email ai suoi destinatari. Questo accesso \u00e8 necessario per mettere la piattaforma a disposizione del cliente, effettuare gli invii, dare supporto e gestire le cancellazioni. MDirector non utilizzer\u00e0 in nessun caso le informazioni relative alla tua persona.<\/p>\n<h2><\/h2>\n<h2>Come gestisce MDirector le cancellazioni?<\/h2>\n<p>MDirector non vuole essere utilizzata per l\u2019invio di comunicazioni non desiderate o spam. Per questo, mette al servizio del Cliente un sistema di blocco automatico d&#8217;indirizzi email. Se un destinatario di un messaggio di posta elettronica inviato attraverso MDirector vuole cancellarsi dal servizio di email del Cliente, potr\u00e0 farlo cliccando sul campo che appare nella parte inferiore di ciascun messaggio inviato.<\/p>\n<h2><\/h2>\n<h2>I contenuti delle email non sono responsabilit\u00e0 di MDirector.<\/h2>\n<p>MDirector \u00e8 una piattaforma d&#8217;invio di email, diretta a social e mobile marketing che permette al suo Cliente di realizzare invii di email. In nessun caso MDirector raccoglie i dati degli utenti che ricevono queste email e non ha nessuna responsabilit\u00e0 verso questi dati e invii. MDirector non \u00e8 responsabile dei contenuti delle email. MDirector non supervisiona il contenuto delle email, n\u00e9 revisa la qualit\u00e0, esattezza, attendibilit\u00e0, correzione o moralit\u00e0 dei dati e contenuti che il Cliente invia nelle sue comunicazioni. Il Cliente \u00e8 l\u2019unico responsabile di qualsiasi contenuto e informazione che possa includersi nelle comunicazioni che emette.<\/p>\n","protected":false},"excerpt":{"rendered":"<p>Perch\u00e8 hai ricevuto questa email? Se ricevi questa email \u00e8 perch\u00e9 uno dei nostri clienti ha utilizzato la Piattaforma Tecnoligica MDirector per inviartela. Attraverso MDirector, i nostri clienti possono gestire i loro invii di email. [&hellip;]<\/p>\n","protected":false},"author":5,"featured_media":0,"parent":0,"menu_order":0,"comment_status":"closed","ping_status":"closed","template":"template-default.php","meta":{"_lmt_disableupdate":"","_lmt_disable":"","rating_form_position":"","rating_results_position":"","mr_structured_data_type":"","footnotes":""},"class_list":["post-133187","page","type-page","status-publish","hentry"],"acf":[],"yoast_head":"<!-- This site is optimized with the Yoast SEO plugin v25.3 - https:\/\/yoast.com\/wordpress\/plugins\/seo\/ -->\n<title>Perch\u00e9 hai ricevuto questa email?<\/title>\n<meta name=\"description\" content=\"Perch\u00e8 hai ricevuto questa email? Se ricevi questa email \u00e8 perch\u00e9 uno dei nostri clienti ha utilizzato la Piattaforma Tecnoligica MDirector per\" \/>\n<meta name=\"robots\" content=\"index, follow\" \/>\n<link rel=\"canonical\" href=\"https:\/\/www.mdirector.com\/it\/perche-hai-ricevuto-questa-email\/\" \/>\n<meta property=\"og:locale\" content=\"it_IT\" \/>\n<meta property=\"og:type\" content=\"article\" \/>\n<meta property=\"og:title\" content=\"Perch\u00e9 hai ricevuto questa email?\" \/>\n<meta property=\"og:description\" content=\"Perch\u00e8 hai ricevuto questa email? Se ricevi questa email \u00e8 perch\u00e9 uno dei nostri clienti ha utilizzato la Piattaforma Tecnoligica MDirector per\" \/>\n<meta property=\"og:url\" content=\"https:\/\/www.mdirector.com\/it\/perche-hai-ricevuto-questa-email\/\" \/>\n<meta property=\"og:site_name\" content=\"MDirector\" \/>\n<meta property=\"article:publisher\" content=\"https:\/\/www.facebook.com\/MDirector.es\" \/>\n<meta property=\"article:modified_time\" content=\"2022-05-19T15:25:57+00:00\" \/>\n<meta property=\"og:image\" content=\"https:\/\/www.mdirector.com\/wp-content\/uploads\/2022\/04\/logo_destacado_mdirector-1.jpg\" \/>\n\t<meta property=\"og:image:width\" content=\"653\" \/>\n\t<meta property=\"og:image:height\" content=\"493\" \/>\n\t<meta property=\"og:image:type\" content=\"image\/jpeg\" \/>\n<meta name=\"twitter:card\" content=\"summary_large_image\" \/>\n<meta name=\"twitter:site\" content=\"@emailMDirector\" \/>\n<meta name=\"twitter:label1\" content=\"Tempo di lettura stimato\" \/>\n\t<meta name=\"twitter:data1\" content=\"2 minuti\" \/>\n<script type=\"application\/ld+json\" class=\"yoast-schema-graph\">{\"@context\":\"https:\/\/schema.org\",\"@graph\":[{\"@type\":\"WebPage\",\"@id\":\"https:\/\/www.mdirector.com\/it\/perche-hai-ricevuto-questa-email\/\",\"url\":\"https:\/\/www.mdirector.com\/it\/perche-hai-ricevuto-questa-email\/\",\"name\":\"Perch\u00e9 hai ricevuto questa email?\",\"isPartOf\":{\"@id\":\"https:\/\/www.mdirector.com\/it\/#website\"},\"datePublished\":\"2022-05-19T15:24:35+00:00\",\"dateModified\":\"2022-05-19T15:25:57+00:00\",\"description\":\"Perch\u00e8 hai ricevuto questa email? Se ricevi questa email \u00e8 perch\u00e9 uno dei nostri clienti ha utilizzato la Piattaforma Tecnoligica MDirector per\",\"breadcrumb\":{\"@id\":\"https:\/\/www.mdirector.com\/it\/perche-hai-ricevuto-questa-email\/#breadcrumb\"},\"inLanguage\":\"it-IT\",\"potentialAction\":[{\"@type\":\"ReadAction\",\"target\":[\"https:\/\/www.mdirector.com\/it\/perche-hai-ricevuto-questa-email\/\"]}]},{\"@type\":\"BreadcrumbList\",\"@id\":\"https:\/\/www.mdirector.com\/it\/perche-hai-ricevuto-questa-email\/#breadcrumb\",\"itemListElement\":[{\"@type\":\"ListItem\",\"position\":1,\"name\":\"Inicio\",\"item\":\"https:\/\/www.mdirector.com\/it\/\"},{\"@type\":\"ListItem\",\"position\":2,\"name\":\"Perch\u00e9 hai ricevuto questa email?\"}]},{\"@type\":\"WebSite\",\"@id\":\"https:\/\/www.mdirector.com\/it\/#website\",\"url\":\"https:\/\/www.mdirector.com\/it\/\",\"name\":\"MDirector\",\"description\":\"\",\"publisher\":{\"@id\":\"https:\/\/www.mdirector.com\/it\/#organization\"},\"potentialAction\":[{\"@type\":\"SearchAction\",\"target\":{\"@type\":\"EntryPoint\",\"urlTemplate\":\"https:\/\/www.mdirector.com\/it\/?s={search_term_string}\"},\"query-input\":{\"@type\":\"PropertyValueSpecification\",\"valueRequired\":true,\"valueName\":\"search_term_string\"}}],\"inLanguage\":\"it-IT\"},{\"@type\":\"Organization\",\"@id\":\"https:\/\/www.mdirector.com\/it\/#organization\",\"name\":\"MDirector\",\"url\":\"https:\/\/www.mdirector.com\/it\/\",\"logo\":{\"@type\":\"ImageObject\",\"inLanguage\":\"it-IT\",\"@id\":\"https:\/\/www.mdirector.com\/it\/#\/schema\/logo\/image\/\",\"url\":\"https:\/\/www.mdirector.com\/wp-content\/uploads\/2023\/01\/mdirectorbimi-ok23-tiny-ps.svg\",\"contentUrl\":\"https:\/\/www.mdirector.com\/wp-content\/uploads\/2023\/01\/mdirectorbimi-ok23-tiny-ps.svg\",\"width\":401,\"height\":401,\"caption\":\"MDirector\"},\"image\":{\"@id\":\"https:\/\/www.mdirector.com\/it\/#\/schema\/logo\/image\/\"},\"sameAs\":[\"https:\/\/www.facebook.com\/MDirector.es\",\"https:\/\/x.com\/emailMDirector\",\"https:\/\/www.linkedin.com\/company\/1373906\/\"]}]}<\/script>\n<!-- \/ Yoast SEO plugin. -->","yoast_head_json":{"title":"Perch\u00e9 hai ricevuto questa email?","description":"Perch\u00e8 hai ricevuto questa email? Se ricevi questa email \u00e8 perch\u00e9 uno dei nostri clienti ha utilizzato la Piattaforma Tecnoligica MDirector per","robots":{"index":"index","follow":"follow"},"canonical":"https:\/\/www.mdirector.com\/it\/perche-hai-ricevuto-questa-email\/","og_locale":"it_IT","og_type":"article","og_title":"Perch\u00e9 hai ricevuto questa email?","og_description":"Perch\u00e8 hai ricevuto questa email? Se ricevi questa email \u00e8 perch\u00e9 uno dei nostri clienti ha utilizzato la Piattaforma Tecnoligica MDirector per","og_url":"https:\/\/www.mdirector.com\/it\/perche-hai-ricevuto-questa-email\/","og_site_name":"MDirector","article_publisher":"https:\/\/www.facebook.com\/MDirector.es","article_modified_time":"2022-05-19T15:25:57+00:00","og_image":[{"width":653,"height":493,"url":"https:\/\/www.mdirector.com\/wp-content\/uploads\/2022\/04\/logo_destacado_mdirector-1.jpg","type":"image\/jpeg"}],"twitter_card":"summary_large_image","twitter_site":"@emailMDirector","twitter_misc":{"Tempo di lettura stimato":"2 minuti"},"schema":{"@context":"https:\/\/schema.org","@graph":[{"@type":"WebPage","@id":"https:\/\/www.mdirector.com\/it\/perche-hai-ricevuto-questa-email\/","url":"https:\/\/www.mdirector.com\/it\/perche-hai-ricevuto-questa-email\/","name":"Perch\u00e9 hai ricevuto questa email?","isPartOf":{"@id":"https:\/\/www.mdirector.com\/it\/#website"},"datePublished":"2022-05-19T15:24:35+00:00","dateModified":"2022-05-19T15:25:57+00:00","description":"Perch\u00e8 hai ricevuto questa email? Se ricevi questa email \u00e8 perch\u00e9 uno dei nostri clienti ha utilizzato la Piattaforma Tecnoligica MDirector per","breadcrumb":{"@id":"https:\/\/www.mdirector.com\/it\/perche-hai-ricevuto-questa-email\/#breadcrumb"},"inLanguage":"it-IT","potentialAction":[{"@type":"ReadAction","target":["https:\/\/www.mdirector.com\/it\/perche-hai-ricevuto-questa-email\/"]}]},{"@type":"BreadcrumbList","@id":"https:\/\/www.mdirector.com\/it\/perche-hai-ricevuto-questa-email\/#breadcrumb","itemListElement":[{"@type":"ListItem","position":1,"name":"Inicio","item":"https:\/\/www.mdirector.com\/it\/"},{"@type":"ListItem","position":2,"name":"Perch\u00e9 hai ricevuto questa email?"}]},{"@type":"WebSite","@id":"https:\/\/www.mdirector.com\/it\/#website","url":"https:\/\/www.mdirector.com\/it\/","name":"MDirector","description":"","publisher":{"@id":"https:\/\/www.mdirector.com\/it\/#organization"},"potentialAction":[{"@type":"SearchAction","target":{"@type":"EntryPoint","urlTemplate":"https:\/\/www.mdirector.com\/it\/?s={search_term_string}"},"query-input":{"@type":"PropertyValueSpecification","valueRequired":true,"valueName":"search_term_string"}}],"inLanguage":"it-IT"},{"@type":"Organization","@id":"https:\/\/www.mdirector.com\/it\/#organization","name":"MDirector","url":"https:\/\/www.mdirector.com\/it\/","logo":{"@type":"ImageObject","inLanguage":"it-IT","@id":"https:\/\/www.mdirector.com\/it\/#\/schema\/logo\/image\/","url":"https:\/\/www.mdirector.com\/wp-content\/uploads\/2023\/01\/mdirectorbimi-ok23-tiny-ps.svg","contentUrl":"https:\/\/www.mdirector.com\/wp-content\/uploads\/2023\/01\/mdirectorbimi-ok23-tiny-ps.svg","width":401,"height":401,"caption":"MDirector"},"image":{"@id":"https:\/\/www.mdirector.com\/it\/#\/schema\/logo\/image\/"},"sameAs":["https:\/\/www.facebook.com\/MDirector.es","https:\/\/x.com\/emailMDirector","https:\/\/www.linkedin.com\/company\/1373906\/"]}]}},"multi-rating":{"mr_rating_results":[]},"_links":{"self":[{"href":"https:\/\/www.mdirector.com\/it\/wp-json\/wp\/v2\/pages\/133187","targetHints":{"allow":["GET"]}}],"collection":[{"href":"https:\/\/www.mdirector.com\/it\/wp-json\/wp\/v2\/pages"}],"about":[{"href":"https:\/\/www.mdirector.com\/it\/wp-json\/wp\/v2\/types\/page"}],"author":[{"embeddable":true,"href":"https:\/\/www.mdirector.com\/it\/wp-json\/wp\/v2\/users\/5"}],"replies":[{"embeddable":true,"href":"https:\/\/www.mdirector.com\/it\/wp-json\/wp\/v2\/comments?post=133187"}],"version-history":[{"count":0,"href":"https:\/\/www.mdirector.com\/it\/wp-json\/wp\/v2\/pages\/133187\/revisions"}],"wp:attachment":[{"href":"https:\/\/www.mdirector.com\/it\/wp-json\/wp\/v2\/media?parent=133187"}],"curies":[{"name":"wp","href":"https:\/\/api.w.org\/{rel}","templated":true}]}}