{"id":133931,"date":"2022-06-01T10:05:09","date_gmt":"2022-06-01T08:05:09","guid":{"rendered":"https:\/\/www.mdirector.com\/integraciones\/wordpress\/"},"modified":"2023-07-07T14:28:15","modified_gmt":"2023-07-07T12:28:15","slug":"wordpress","status":"publish","type":"page","link":"https:\/\/www.mdirector.com\/it\/integraciones\/wordpress\/","title":{"rendered":"WordPress"},"content":{"rendered":"<p><link rel=\"preload\" as=\"image\" href=\"https:\/\/www.mdirector.com\/wp-content\/uploads\/2023\/07\/wordpress-integracion.png\" imagesizes=\"(max-width: 1100px) 100vw, 1100px\" \/><img decoding=\"async\" class=\"alignnone wp-image-148940 size-full\" style=\"margin: 0 !important;\" src=\"https:\/\/www.mdirector.com\/wp-content\/uploads\/2023\/07\/wordpress-integracion.png\" alt=\"\" width=\"770\" height=\"480\" srcset=\"https:\/\/www.mdirector.com\/wp-content\/uploads\/2023\/07\/wordpress-integracion.png 770w, https:\/\/www.mdirector.com\/wp-content\/uploads\/2023\/07\/wordpress-integracion-300x187.png 300w, https:\/\/www.mdirector.com\/wp-content\/uploads\/2023\/07\/wordpress-integracion-768x479.png 768w\" sizes=\"(max-width: 770px) 100vw, 770px\" \/><\/p>\n<p>&nbsp;<\/p>\n<p style=\"text-align: center;\"><a class=\"o-button--secondary\" style=\"color: #ffffff; text-decoration: none;\" href=\"https:\/\/www.mdirector.com\/wp-content\/uploads\/2022\/06\/2025mdirector-newsletter.zip\" download=\"\">download GRATUITO<\/a><\/p>\n<h2>Perch\u00e8 integrare il tuo sito web WordPress con MDirector?<\/h2>\n<p>Il vantaggio principale di un plugin WordPress progettato per ottimizzare le tue campagne di email marketing \u00e8 quello di poter <strong>gestire dal tuo sito o blog tutte le comunicazioni di email marketing con i tuoi utenti.<\/strong><\/p>\n<p>Integra direttamente e gratuitamente tutti gli invii e le comunicazioni di email marketing dal web e ottieni newsletter pi\u00f9 efficaci.<\/p>\n<p>MDirector consiglia d&#8217;integrare il suo plugin in WordPress per <strong>aumentare il traffico verso il sito web e per ottenere una maggiore efficienza nelle comunicazioni.<\/strong><\/p>\n<p>Con questo plugin puoi <strong>condividere i post o i contenuti che hai pubblicato con i tuoi iscritti<\/strong>. Inoltre, i visitatori del sito possono iscriversi al tuo servizio di newsletter dal sito stesso attraverso un semplice widget, senza dover fare sviluppi complicati o creare landing page aggiuntive.<\/p>\n<p>I dati raccolti nel modulo che viene inserito nel sito web vanno direttamente al database, che viene sincronizzato in tempo reale, il che lo rende molto comodo.<\/p>\n<p><strong>Il plugin pu\u00f2 essere scaricato gratuitamente<\/strong> per il tuo sito web WordPress. Puoi scaricarlo tramite il modulo di download. Puoi integrare il tuo database clienti WordPress e sincronizzarlo in tempo reale per inviare il tuo Email Marketing e SMS Marketing da MDirector.<\/p>\n<p><strong>MDirector \u00e8 ora compatibile con la versione PHP 8 di WordPress.<\/strong><\/p>\n<h2>Caratteristiche<\/h2>\n<h3>Gestire l&#8217;iscrizione alla newsletter<\/h3>\n<p>Risparmiate tempo e denaro con una gestione efficiente del vostro database. Assegnate automaticamente i vostri contatti a due elenchi specifici in MDirector. Uno per gli utenti che si iscrivono alla lista settimanale e un altro per quelli che si iscrivono alla lista giornaliera.<\/p>\n<p>Programmate l&#8217;invio automatico della vostra newsletter con i contenuti del vostro sito WordPress, settimanalmente o quotidianamente. Il sistema selezioner\u00e0 automaticamente i contenuti e li invier\u00e0 ai vostri contatti. \u00c8 possibile inserire un modulo\/widget sul proprio sito web, configurando il titolo e la descrizione desiderati. I vostri utenti inizieranno ad abbonarsi per ricevere i vostri contenuti, \u00e8 cos\u00ec facile!<\/p>\n<p><strong>Le caratteristiche principali<\/strong> che renderanno la vostra strategia di email marketing pi\u00f9 fluida:<\/p>\n<ul>\n<li>Create mailing targettizzati con i post del vostro blog.<\/li>\n<li>Personalizzate il nome e l&#8217;oggetto dei vostri mailing.<\/li>\n<li>Segmentate il vostro database e inviate mailing personalizzati a ciascuna lista o ai segmenti che decidete contemporaneamente.<\/li>\n<li>Programmare l&#8217;invio di un articolo pubblicato sul vostro sito web o blog a una data e ora futura.<\/li>\n<li>Selezionate un mittente e un modello diverso per ogni invio.<\/li>\n<li>Aggiungere placeholders ai modelli per includere automaticamente le immagini del post che si desidera inviare.<\/li>\n<li>Multi-lingua: il plugin \u00e8 ora compatibile con WPML e consente d&#8217;inviare newsletter per ogni lingua configurata nel sistema.<\/li>\n<li>Consente d&#8217;inviare e-mail di prova o test per verificare che tutto funzioni correttamente.<\/li>\n<\/ul>\n<h2>Installazione.<\/h2>\n<ol>\n<li>Crea il tuo account MDirector. Ricorda che con il tuo account gratuito puoi inviare fino a 5.000 email mensili. Se gi\u00e0 hai un account attivo, puoi continuare allo step 2.<br \/>\nInizia una sessione nel tuo account MDirector e accedi all\u2019area Preferenze &gt; Informazioni API. Se hai un account gratuito potrai provare la funzione API per 15 giorni. Se utilizzi un account MD PRO o MD TOTAL avrai accesso illimitato alle API.<\/li>\n<li>Copia i valori di consumer-key e consumer-secret.<\/li>\n<li>Accedi alla finestra di configurazione del plugin, inserisci i tuoi consumer-key e consumer-secret e verifica i cambiamenti effettuati.<\/li>\n<li>Una volta fatti i primi 4 steps, automaticamente si creano 2 liste nel tuo account di MDirector, una per quegli utenti che si iscrivono alla lista settimanalmente e l\u2019altra per quelli che si iscrivono giornalmente.<\/li>\n<\/ol>\n<h2>Configurazione degli invii automatici con gli aggiornamenti del tuo blog.<\/h2>\n<ol>\n<li>In seguito compila correttamente il From name (Nome che apparir\u00e0 nel messaggio nel campo Da:)<\/li>\n<li>Di default, sono disattivati gli invii della lista settimanale e giornaliera. Attivali per iniziare gli invii automatici.<\/li>\n<li>Compila il form che appare con l\u2019oggetto del messaggio, l\u2019ora alla quale desideri programmare gli invii e il giorno della settimana in caso di lista settimanale.<\/li>\n<li>NOTA: Anche se gli invii sono disattivati, gli utenti potranno iscriversi alle liste. In questo modo potrai creare campagne direttamente in MDirector e inviarle direttamente agli iscritti del tuo blog.<br \/>\nPuoi anche selezionare le categorie che desideri escludere dagli invii automatici.<\/li>\n<\/ol>\n<h2>Form di sottoscrizione.<\/h2>\n<ol>\n<li>Adesso puoi inserire il form \/ widget sul tuo blog. Per questo accedi a Aspetto &gt; Widgets nel pannello del tuo WordPress e inserisci dalla sidebar il widget di MDirector. Potrai configurare un titolo e una descrizione \/ spiegazione da far apparire in alto al tuo form, e i tuoi utenti potranno iniziare a iscriversi.<\/li>\n<li>Oltre al widget, puoi usare un shortcode per inserire il form d&#8217;iscrizione in qualsiasi pagina o post del tuo blog. Per questo aggiungi [[mdirector_subscriptionbox]] al contenuto di qualsiasi pagina o post.<\/li>\n<\/ol>\n","protected":false},"excerpt":{"rendered":"<p>&nbsp; download GRATUITO Perch\u00e8 integrare il tuo sito web WordPress con MDirector? Il vantaggio principale di un plugin WordPress progettato per ottimizzare le tue campagne di email marketing \u00e8 quello di poter gestire dal tuo [&hellip;]<\/p>\n","protected":false},"author":5,"featured_media":129363,"parent":0,"menu_order":0,"comment_status":"closed","ping_status":"closed","template":"template-integration.php","meta":{"_lmt_disableupdate":"","_lmt_disable":"","rating_form_position":"","rating_results_position":"","mr_structured_data_type":"","footnotes":""},"class_list":["post-133931","page","type-page","status-publish","has-post-thumbnail","hentry"],"acf":[],"yoast_head":"<!-- This site is optimized with the Yoast SEO plugin v25.3 - https:\/\/yoast.com\/wordpress\/plugins\/seo\/ -->\n<title>Wordpress<\/title>\n<meta name=\"description\" content=\"&nbsp; download GRATUITO Perch\u00e8 integrare il tuo sito web WordPress con MDirector? Il vantaggio principale di un plugin WordPress progettato per\" \/>\n<meta name=\"robots\" content=\"index, follow\" \/>\n<link rel=\"canonical\" href=\"https:\/\/www.mdirector.com\/it\/integraciones\/wordpress\/\" \/>\n<meta property=\"og:locale\" content=\"it_IT\" \/>\n<meta property=\"og:type\" content=\"article\" \/>\n<meta property=\"og:title\" content=\"Wordpress\" \/>\n<meta property=\"og:description\" content=\"&nbsp; download GRATUITO Perch\u00e8 integrare il tuo sito web WordPress con MDirector? Il vantaggio principale di un plugin WordPress progettato per\" \/>\n<meta property=\"og:url\" content=\"https:\/\/www.mdirector.com\/it\/integraciones\/wordpress\/\" \/>\n<meta property=\"og:site_name\" content=\"MDirector\" \/>\n<meta property=\"article:publisher\" content=\"https:\/\/www.facebook.com\/MDirector.es\" \/>\n<meta property=\"article:modified_time\" content=\"2023-07-07T12:28:15+00:00\" \/>\n<meta property=\"og:image\" content=\"https:\/\/www.mdirector.com\/wp-content\/uploads\/2022\/04\/wordpress.png\" \/>\n\t<meta property=\"og:image:width\" content=\"200\" \/>\n\t<meta property=\"og:image:height\" content=\"200\" \/>\n\t<meta property=\"og:image:type\" content=\"image\/png\" \/>\n<meta name=\"twitter:card\" content=\"summary_large_image\" \/>\n<meta name=\"twitter:site\" content=\"@emailMDirector\" \/>\n<meta name=\"twitter:label1\" content=\"Tempo di lettura stimato\" \/>\n\t<meta name=\"twitter:data1\" content=\"5 minuti\" \/>\n<script type=\"application\/ld+json\" class=\"yoast-schema-graph\">{\"@context\":\"https:\/\/schema.org\",\"@graph\":[{\"@type\":\"WebPage\",\"@id\":\"https:\/\/www.mdirector.com\/it\/integraciones\/wordpress\/\",\"url\":\"https:\/\/www.mdirector.com\/it\/integraciones\/wordpress\/\",\"name\":\"Wordpress\",\"isPartOf\":{\"@id\":\"https:\/\/www.mdirector.com\/it\/#website\"},\"primaryImageOfPage\":{\"@id\":\"https:\/\/www.mdirector.com\/it\/integraciones\/wordpress\/#primaryimage\"},\"image\":{\"@id\":\"https:\/\/www.mdirector.com\/it\/integraciones\/wordpress\/#primaryimage\"},\"thumbnailUrl\":\"https:\/\/www.mdirector.com\/wp-content\/uploads\/2022\/04\/wordpress.png\",\"datePublished\":\"2022-06-01T08:05:09+00:00\",\"dateModified\":\"2023-07-07T12:28:15+00:00\",\"description\":\"&nbsp; download GRATUITO Perch\u00e8 integrare il tuo sito web WordPress con MDirector? Il vantaggio principale di un plugin WordPress progettato per\",\"breadcrumb\":{\"@id\":\"https:\/\/www.mdirector.com\/it\/integraciones\/wordpress\/#breadcrumb\"},\"inLanguage\":\"it-IT\",\"potentialAction\":[{\"@type\":\"ReadAction\",\"target\":[\"https:\/\/www.mdirector.com\/it\/integraciones\/wordpress\/\"]}]},{\"@type\":\"ImageObject\",\"inLanguage\":\"it-IT\",\"@id\":\"https:\/\/www.mdirector.com\/it\/integraciones\/wordpress\/#primaryimage\",\"url\":\"https:\/\/www.mdirector.com\/wp-content\/uploads\/2022\/04\/wordpress.png\",\"contentUrl\":\"https:\/\/www.mdirector.com\/wp-content\/uploads\/2022\/04\/wordpress.png\",\"width\":200,\"height\":200},{\"@type\":\"BreadcrumbList\",\"@id\":\"https:\/\/www.mdirector.com\/it\/integraciones\/wordpress\/#breadcrumb\",\"itemListElement\":[{\"@type\":\"ListItem\",\"position\":1,\"name\":\"Inicio\",\"item\":\"https:\/\/www.mdirector.com\/it\/\"},{\"@type\":\"ListItem\",\"position\":2,\"name\":\"WordPress\"}]},{\"@type\":\"WebSite\",\"@id\":\"https:\/\/www.mdirector.com\/it\/#website\",\"url\":\"https:\/\/www.mdirector.com\/it\/\",\"name\":\"MDirector\",\"description\":\"\",\"publisher\":{\"@id\":\"https:\/\/www.mdirector.com\/it\/#organization\"},\"potentialAction\":[{\"@type\":\"SearchAction\",\"target\":{\"@type\":\"EntryPoint\",\"urlTemplate\":\"https:\/\/www.mdirector.com\/it\/?s={search_term_string}\"},\"query-input\":{\"@type\":\"PropertyValueSpecification\",\"valueRequired\":true,\"valueName\":\"search_term_string\"}}],\"inLanguage\":\"it-IT\"},{\"@type\":\"Organization\",\"@id\":\"https:\/\/www.mdirector.com\/it\/#organization\",\"name\":\"MDirector\",\"url\":\"https:\/\/www.mdirector.com\/it\/\",\"logo\":{\"@type\":\"ImageObject\",\"inLanguage\":\"it-IT\",\"@id\":\"https:\/\/www.mdirector.com\/it\/#\/schema\/logo\/image\/\",\"url\":\"https:\/\/www.mdirector.com\/wp-content\/uploads\/2023\/01\/mdirectorbimi-ok23-tiny-ps.svg\",\"contentUrl\":\"https:\/\/www.mdirector.com\/wp-content\/uploads\/2023\/01\/mdirectorbimi-ok23-tiny-ps.svg\",\"width\":401,\"height\":401,\"caption\":\"MDirector\"},\"image\":{\"@id\":\"https:\/\/www.mdirector.com\/it\/#\/schema\/logo\/image\/\"},\"sameAs\":[\"https:\/\/www.facebook.com\/MDirector.es\",\"https:\/\/x.com\/emailMDirector\",\"https:\/\/www.linkedin.com\/company\/1373906\/\"]}]}<\/script>\n<!-- \/ Yoast SEO plugin. -->","yoast_head_json":{"title":"Wordpress","description":"&nbsp; download GRATUITO Perch\u00e8 integrare il tuo sito web WordPress con MDirector? Il vantaggio principale di un plugin WordPress progettato per","robots":{"index":"index","follow":"follow"},"canonical":"https:\/\/www.mdirector.com\/it\/integraciones\/wordpress\/","og_locale":"it_IT","og_type":"article","og_title":"Wordpress","og_description":"&nbsp; download GRATUITO Perch\u00e8 integrare il tuo sito web WordPress con MDirector? Il vantaggio principale di un plugin WordPress progettato per","og_url":"https:\/\/www.mdirector.com\/it\/integraciones\/wordpress\/","og_site_name":"MDirector","article_publisher":"https:\/\/www.facebook.com\/MDirector.es","article_modified_time":"2023-07-07T12:28:15+00:00","og_image":[{"width":200,"height":200,"url":"https:\/\/www.mdirector.com\/wp-content\/uploads\/2022\/04\/wordpress.png","type":"image\/png"}],"twitter_card":"summary_large_image","twitter_site":"@emailMDirector","twitter_misc":{"Tempo di lettura stimato":"5 minuti"},"schema":{"@context":"https:\/\/schema.org","@graph":[{"@type":"WebPage","@id":"https:\/\/www.mdirector.com\/it\/integraciones\/wordpress\/","url":"https:\/\/www.mdirector.com\/it\/integraciones\/wordpress\/","name":"Wordpress","isPartOf":{"@id":"https:\/\/www.mdirector.com\/it\/#website"},"primaryImageOfPage":{"@id":"https:\/\/www.mdirector.com\/it\/integraciones\/wordpress\/#primaryimage"},"image":{"@id":"https:\/\/www.mdirector.com\/it\/integraciones\/wordpress\/#primaryimage"},"thumbnailUrl":"https:\/\/www.mdirector.com\/wp-content\/uploads\/2022\/04\/wordpress.png","datePublished":"2022-06-01T08:05:09+00:00","dateModified":"2023-07-07T12:28:15+00:00","description":"&nbsp; download GRATUITO Perch\u00e8 integrare il tuo sito web WordPress con MDirector? Il vantaggio principale di un plugin WordPress progettato per","breadcrumb":{"@id":"https:\/\/www.mdirector.com\/it\/integraciones\/wordpress\/#breadcrumb"},"inLanguage":"it-IT","potentialAction":[{"@type":"ReadAction","target":["https:\/\/www.mdirector.com\/it\/integraciones\/wordpress\/"]}]},{"@type":"ImageObject","inLanguage":"it-IT","@id":"https:\/\/www.mdirector.com\/it\/integraciones\/wordpress\/#primaryimage","url":"https:\/\/www.mdirector.com\/wp-content\/uploads\/2022\/04\/wordpress.png","contentUrl":"https:\/\/www.mdirector.com\/wp-content\/uploads\/2022\/04\/wordpress.png","width":200,"height":200},{"@type":"BreadcrumbList","@id":"https:\/\/www.mdirector.com\/it\/integraciones\/wordpress\/#breadcrumb","itemListElement":[{"@type":"ListItem","position":1,"name":"Inicio","item":"https:\/\/www.mdirector.com\/it\/"},{"@type":"ListItem","position":2,"name":"WordPress"}]},{"@type":"WebSite","@id":"https:\/\/www.mdirector.com\/it\/#website","url":"https:\/\/www.mdirector.com\/it\/","name":"MDirector","description":"","publisher":{"@id":"https:\/\/www.mdirector.com\/it\/#organization"},"potentialAction":[{"@type":"SearchAction","target":{"@type":"EntryPoint","urlTemplate":"https:\/\/www.mdirector.com\/it\/?s={search_term_string}"},"query-input":{"@type":"PropertyValueSpecification","valueRequired":true,"valueName":"search_term_string"}}],"inLanguage":"it-IT"},{"@type":"Organization","@id":"https:\/\/www.mdirector.com\/it\/#organization","name":"MDirector","url":"https:\/\/www.mdirector.com\/it\/","logo":{"@type":"ImageObject","inLanguage":"it-IT","@id":"https:\/\/www.mdirector.com\/it\/#\/schema\/logo\/image\/","url":"https:\/\/www.mdirector.com\/wp-content\/uploads\/2023\/01\/mdirectorbimi-ok23-tiny-ps.svg","contentUrl":"https:\/\/www.mdirector.com\/wp-content\/uploads\/2023\/01\/mdirectorbimi-ok23-tiny-ps.svg","width":401,"height":401,"caption":"MDirector"},"image":{"@id":"https:\/\/www.mdirector.com\/it\/#\/schema\/logo\/image\/"},"sameAs":["https:\/\/www.facebook.com\/MDirector.es","https:\/\/x.com\/emailMDirector","https:\/\/www.linkedin.com\/company\/1373906\/"]}]}},"multi-rating":{"mr_rating_results":[]},"_links":{"self":[{"href":"https:\/\/www.mdirector.com\/it\/wp-json\/wp\/v2\/pages\/133931","targetHints":{"allow":["GET"]}}],"collection":[{"href":"https:\/\/www.mdirector.com\/it\/wp-json\/wp\/v2\/pages"}],"about":[{"href":"https:\/\/www.mdirector.com\/it\/wp-json\/wp\/v2\/types\/page"}],"author":[{"embeddable":true,"href":"https:\/\/www.mdirector.com\/it\/wp-json\/wp\/v2\/users\/5"}],"replies":[{"embeddable":true,"href":"https:\/\/www.mdirector.com\/it\/wp-json\/wp\/v2\/comments?post=133931"}],"version-history":[{"count":0,"href":"https:\/\/www.mdirector.com\/it\/wp-json\/wp\/v2\/pages\/133931\/revisions"}],"wp:featuredmedia":[{"embeddable":true,"href":"https:\/\/www.mdirector.com\/it\/wp-json\/wp\/v2\/media\/129363"}],"wp:attachment":[{"href":"https:\/\/www.mdirector.com\/it\/wp-json\/wp\/v2\/media?parent=133931"}],"curies":[{"name":"wp","href":"https:\/\/api.w.org\/{rel}","templated":true}]}}