{"id":134006,"date":"2022-06-06T13:13:13","date_gmt":"2022-06-06T11:13:13","guid":{"rendered":"https:\/\/www.mdirector.com\/?page_id=134006"},"modified":"2023-07-07T14:52:02","modified_gmt":"2023-07-07T12:52:02","slug":"zapier","status":"publish","type":"page","link":"https:\/\/www.mdirector.com\/it\/integraciones\/zapier\/","title":{"rendered":"Zapier"},"content":{"rendered":"<p><link rel=\"preload\" as=\"image\" href=\"https:\/\/www.mdirector.com\/wp-content\/uploads\/2023\/07\/zapier-integracion.png\" imagesizes=\"(max-width: 1100px) 100vw, 1100px\" \/><img decoding=\"async\" class=\"alignnone wp-image-148959 size-full\" style=\"margin: 0 !important;\" src=\"https:\/\/www.mdirector.com\/wp-content\/uploads\/2023\/07\/zapier-integracion.png\" alt=\"\" width=\"770\" height=\"480\" srcset=\"https:\/\/www.mdirector.com\/wp-content\/uploads\/2023\/07\/zapier-integracion.png 770w, https:\/\/www.mdirector.com\/wp-content\/uploads\/2023\/07\/zapier-integracion-300x187.png 300w, https:\/\/www.mdirector.com\/wp-content\/uploads\/2023\/07\/zapier-integracion-768x479.png 768w\" sizes=\"(max-width: 770px) 100vw, 770px\" \/><\/p>\n<p>Ad esempio, se ricevi innumerevoli allegati nelle e-mail che arrivano al tuo account. Se volessi salvarli su Dropbox dovresti farlo manualmente, ma Zapier potrebbe automatizzare questa azione e spostare tutti gli allegati da Gmail a Dropbox, risparmiando molto tempo e fatica.<\/p>\n<p>Ha un programma gratuito, che puoi trasformare in una a pagamento (con un sistema pi\u00f9 avanzato). I prezzi variano in base a cosa vuoi collegare, il numero d&#8217;integrazioni, numero di azioni\/eventi e la frequenza di esecuzione.<\/p>\n<h3>Vantaggi dell\u2019utilizzo di Zapier<\/h3>\n<ul>\n<li><strong>Integra<\/strong>: collega le vostre applicazioni web in pochi clic in modo che i dati possano essere condivisi.<\/li>\n<li><strong>Automatizza<\/strong>: scambia informazioni tra le vostre applicazioni con flussi di lavoro chiamati anche Zaps.<\/li>\n<li><strong>Innovazione<\/strong>: crea processi pi\u00f9 rapidi senza la necessit\u00e0 di utilizzare codici.<\/li>\n<\/ul>\n<h2>Integrazione dei Servizi MDirector con Zapier<\/h2>\n<p>Se si dispone di un database, di un CRM, di un CMS o di qualsiasi altro sistema in cui si memorizzano i dati, grazie a questa nuova integrazione di servizi, \u00e8 possibile inviarli facilmente e in modo economico a MDirector. Con questa integrazione, ad esempio, \u00e8 possibile automatizzare il download dei contatti da inviare direttamente a Zapier.<\/p>\n<h3>Tre tipi d&#8217;integrazioni<\/h3>\n<ul>\n<li><strong>Trigger<\/strong>: tutte le azioni effettuate in MDirector (registrazione di un nuovo contatto, apertura di e-mail \u2026) Vengono automaticamente inviate a Zapier.<\/li>\n<li><strong>Ricerche<\/strong>: ricerche eseguite con l\u2019API, come ottenere un contatto in MDirector od ottenere un elenco.<\/li>\n<li><strong>Azioni \/ creare:<\/strong> crea nuovi elementi con l\u2019API, come registrare un contatto in MDirector, eliminarlo dalla piattaforma o creare campagne e invii.<\/li>\n<\/ul>\n<p>Ti piacerebbe utilizzare i servizi di MDirector disponibili in Zapier \u00e8 necessario disporre di un account MD PRO o MD TOTAL en MDirector con l\u2019API attiva. Nel processo di creazione degli Zaps si dovr\u00e0 inserire lo user API e la password API in modo che Zapier possa integrare il vostro sistema con MDirector.<\/p>\n<p style=\"text-align: center;\"><a class=\"o-button--secondary\" style=\"text-decoration: none;\" href=\"https:\/\/zapier.com\/apps\/mdirector\/integrations\">Integrare Zapier con MDirector<\/a><\/p>\n<h2>Servizi disponibili per l\u2019Email Marketing e il Landing Optimizer di MDirector<\/h2>\n<h3>Funzioni:<\/h3>\n<ul>\n<li>Creare\/Aggiornare un contatto: inserimento o modifica di un contatto in un elenco<\/li>\n<li>Annulla l\u2019iscrizione di un Contatto: effettua la cancellazione di un contatto<\/li>\n<li>Crea un elenco: crea nuovi elenchi di contatti<\/li>\n<\/ul>\n<h3>Ricerche:<\/h3>\n<ul>\n<li>Trovare un contatto: trovare un contatto all\u2019interno di un elenco<\/li>\n<\/ul>\n<h3>Trigger:<\/h3>\n<ul>\n<li>Aggiungere una nuova lead: nuova registrazione tramite Landing Optimizer.<\/li>\n<li>Creare o aggiornare un contatto: creare un nuovo contatto o aggiornarlo all\u2019interno di un elenco.<\/li>\n<li>Aggiungere un nuovo contatto: creare un nuovo contatto in un elenco.<\/li>\n<li>Ottenere landing page: ottenere landing page<\/li>\n<li>Mancata consegna: verr\u00e0 attivata quando l\u2019indirizzo di un contatto ritorna come bounce<\/li>\n<li>Contatto aggiornato: il contatto viene aggiornato all\u2019interno di un elenco.<\/li>\n<li>Contatto annullato: il contatto si \u00e8 disiscritto.<\/li>\n<\/ul>\n<p>Otterrai velocit\u00e0, qualit\u00e0 e tutto sar\u00e0 molto pi\u00f9 semplice se si integrano i servizi di <a href=\"https:\/\/www.mdirector.com\/it\/\">MDirector<\/a> in Zapier. Se non state ancora utilizzando questa tecnica, entrate in MDirector e <a href=\"https:\/\/www.mdirector.com\/it\/signup-email-marketing\/\">richiedete informazioni<\/a> in modo da poter integrare i servizi di MDirector con Zapier.<\/p>\n","protected":false},"excerpt":{"rendered":"<p>Ad esempio, se ricevi innumerevoli allegati nelle e-mail che arrivano al tuo account. Se volessi salvarli su Dropbox dovresti farlo manualmente, ma Zapier potrebbe automatizzare questa azione e spostare tutti gli allegati da Gmail a [&hellip;]<\/p>\n","protected":false},"author":5,"featured_media":129368,"parent":0,"menu_order":0,"comment_status":"closed","ping_status":"closed","template":"template-integration.php","meta":{"_lmt_disableupdate":"","_lmt_disable":"","rating_form_position":"","rating_results_position":"","mr_structured_data_type":"","footnotes":""},"class_list":["post-134006","page","type-page","status-publish","has-post-thumbnail","hentry"],"acf":[],"yoast_head":"<!-- This site is optimized with the Yoast SEO plugin v25.3 - https:\/\/yoast.com\/wordpress\/plugins\/seo\/ -->\n<title>Zapier<\/title>\n<meta name=\"description\" content=\"Ad esempio, se ricevi innumerevoli allegati nelle e-mail che arrivano al tuo account. Se volessi salvarli su Dropbox dovresti farlo manualmente, ma Zapier\" \/>\n<meta name=\"robots\" content=\"index, follow\" \/>\n<link rel=\"canonical\" href=\"https:\/\/www.mdirector.com\/it\/integraciones\/zapier\/\" \/>\n<meta property=\"og:locale\" content=\"it_IT\" \/>\n<meta property=\"og:type\" content=\"article\" \/>\n<meta property=\"og:title\" content=\"Zapier\" \/>\n<meta property=\"og:description\" content=\"Ad esempio, se ricevi innumerevoli allegati nelle e-mail che arrivano al tuo account. Se volessi salvarli su Dropbox dovresti farlo manualmente, ma Zapier\" \/>\n<meta property=\"og:url\" content=\"https:\/\/www.mdirector.com\/it\/integraciones\/zapier\/\" \/>\n<meta property=\"og:site_name\" content=\"MDirector\" \/>\n<meta property=\"article:publisher\" content=\"https:\/\/www.facebook.com\/MDirector.es\" \/>\n<meta property=\"article:modified_time\" content=\"2023-07-07T12:52:02+00:00\" \/>\n<meta property=\"og:image\" content=\"https:\/\/www.mdirector.com\/wp-content\/uploads\/2022\/04\/zapier-1.png\" \/>\n\t<meta property=\"og:image:width\" content=\"200\" \/>\n\t<meta property=\"og:image:height\" content=\"200\" \/>\n\t<meta property=\"og:image:type\" content=\"image\/png\" \/>\n<meta name=\"twitter:card\" content=\"summary_large_image\" \/>\n<meta name=\"twitter:site\" content=\"@emailMDirector\" \/>\n<meta name=\"twitter:label1\" content=\"Tempo di lettura stimato\" \/>\n\t<meta name=\"twitter:data1\" content=\"3 minuti\" \/>\n<script type=\"application\/ld+json\" class=\"yoast-schema-graph\">{\"@context\":\"https:\/\/schema.org\",\"@graph\":[{\"@type\":\"WebPage\",\"@id\":\"https:\/\/www.mdirector.com\/it\/integraciones\/zapier\/\",\"url\":\"https:\/\/www.mdirector.com\/it\/integraciones\/zapier\/\",\"name\":\"Zapier\",\"isPartOf\":{\"@id\":\"https:\/\/www.mdirector.com\/it\/#website\"},\"primaryImageOfPage\":{\"@id\":\"https:\/\/www.mdirector.com\/it\/integraciones\/zapier\/#primaryimage\"},\"image\":{\"@id\":\"https:\/\/www.mdirector.com\/it\/integraciones\/zapier\/#primaryimage\"},\"thumbnailUrl\":\"https:\/\/www.mdirector.com\/wp-content\/uploads\/2022\/04\/zapier-1.png\",\"datePublished\":\"2022-06-06T11:13:13+00:00\",\"dateModified\":\"2023-07-07T12:52:02+00:00\",\"description\":\"Ad esempio, se ricevi innumerevoli allegati nelle e-mail che arrivano al tuo account. Se volessi salvarli su Dropbox dovresti farlo manualmente, ma Zapier\",\"breadcrumb\":{\"@id\":\"https:\/\/www.mdirector.com\/it\/integraciones\/zapier\/#breadcrumb\"},\"inLanguage\":\"it-IT\",\"potentialAction\":[{\"@type\":\"ReadAction\",\"target\":[\"https:\/\/www.mdirector.com\/it\/integraciones\/zapier\/\"]}]},{\"@type\":\"ImageObject\",\"inLanguage\":\"it-IT\",\"@id\":\"https:\/\/www.mdirector.com\/it\/integraciones\/zapier\/#primaryimage\",\"url\":\"https:\/\/www.mdirector.com\/wp-content\/uploads\/2022\/04\/zapier-1.png\",\"contentUrl\":\"https:\/\/www.mdirector.com\/wp-content\/uploads\/2022\/04\/zapier-1.png\",\"width\":200,\"height\":200},{\"@type\":\"BreadcrumbList\",\"@id\":\"https:\/\/www.mdirector.com\/it\/integraciones\/zapier\/#breadcrumb\",\"itemListElement\":[{\"@type\":\"ListItem\",\"position\":1,\"name\":\"Inicio\",\"item\":\"https:\/\/www.mdirector.com\/it\/\"},{\"@type\":\"ListItem\",\"position\":2,\"name\":\"Zapier\"}]},{\"@type\":\"WebSite\",\"@id\":\"https:\/\/www.mdirector.com\/it\/#website\",\"url\":\"https:\/\/www.mdirector.com\/it\/\",\"name\":\"MDirector\",\"description\":\"\",\"publisher\":{\"@id\":\"https:\/\/www.mdirector.com\/it\/#organization\"},\"potentialAction\":[{\"@type\":\"SearchAction\",\"target\":{\"@type\":\"EntryPoint\",\"urlTemplate\":\"https:\/\/www.mdirector.com\/it\/?s={search_term_string}\"},\"query-input\":{\"@type\":\"PropertyValueSpecification\",\"valueRequired\":true,\"valueName\":\"search_term_string\"}}],\"inLanguage\":\"it-IT\"},{\"@type\":\"Organization\",\"@id\":\"https:\/\/www.mdirector.com\/it\/#organization\",\"name\":\"MDirector\",\"url\":\"https:\/\/www.mdirector.com\/it\/\",\"logo\":{\"@type\":\"ImageObject\",\"inLanguage\":\"it-IT\",\"@id\":\"https:\/\/www.mdirector.com\/it\/#\/schema\/logo\/image\/\",\"url\":\"https:\/\/www.mdirector.com\/wp-content\/uploads\/2023\/01\/mdirectorbimi-ok23-tiny-ps.svg\",\"contentUrl\":\"https:\/\/www.mdirector.com\/wp-content\/uploads\/2023\/01\/mdirectorbimi-ok23-tiny-ps.svg\",\"width\":401,\"height\":401,\"caption\":\"MDirector\"},\"image\":{\"@id\":\"https:\/\/www.mdirector.com\/it\/#\/schema\/logo\/image\/\"},\"sameAs\":[\"https:\/\/www.facebook.com\/MDirector.es\",\"https:\/\/x.com\/emailMDirector\",\"https:\/\/www.linkedin.com\/company\/1373906\/\"]}]}<\/script>\n<!-- \/ Yoast SEO plugin. -->","yoast_head_json":{"title":"Zapier","description":"Ad esempio, se ricevi innumerevoli allegati nelle e-mail che arrivano al tuo account. Se volessi salvarli su Dropbox dovresti farlo manualmente, ma Zapier","robots":{"index":"index","follow":"follow"},"canonical":"https:\/\/www.mdirector.com\/it\/integraciones\/zapier\/","og_locale":"it_IT","og_type":"article","og_title":"Zapier","og_description":"Ad esempio, se ricevi innumerevoli allegati nelle e-mail che arrivano al tuo account. Se volessi salvarli su Dropbox dovresti farlo manualmente, ma Zapier","og_url":"https:\/\/www.mdirector.com\/it\/integraciones\/zapier\/","og_site_name":"MDirector","article_publisher":"https:\/\/www.facebook.com\/MDirector.es","article_modified_time":"2023-07-07T12:52:02+00:00","og_image":[{"width":200,"height":200,"url":"https:\/\/www.mdirector.com\/wp-content\/uploads\/2022\/04\/zapier-1.png","type":"image\/png"}],"twitter_card":"summary_large_image","twitter_site":"@emailMDirector","twitter_misc":{"Tempo di lettura stimato":"3 minuti"},"schema":{"@context":"https:\/\/schema.org","@graph":[{"@type":"WebPage","@id":"https:\/\/www.mdirector.com\/it\/integraciones\/zapier\/","url":"https:\/\/www.mdirector.com\/it\/integraciones\/zapier\/","name":"Zapier","isPartOf":{"@id":"https:\/\/www.mdirector.com\/it\/#website"},"primaryImageOfPage":{"@id":"https:\/\/www.mdirector.com\/it\/integraciones\/zapier\/#primaryimage"},"image":{"@id":"https:\/\/www.mdirector.com\/it\/integraciones\/zapier\/#primaryimage"},"thumbnailUrl":"https:\/\/www.mdirector.com\/wp-content\/uploads\/2022\/04\/zapier-1.png","datePublished":"2022-06-06T11:13:13+00:00","dateModified":"2023-07-07T12:52:02+00:00","description":"Ad esempio, se ricevi innumerevoli allegati nelle e-mail che arrivano al tuo account. Se volessi salvarli su Dropbox dovresti farlo manualmente, ma Zapier","breadcrumb":{"@id":"https:\/\/www.mdirector.com\/it\/integraciones\/zapier\/#breadcrumb"},"inLanguage":"it-IT","potentialAction":[{"@type":"ReadAction","target":["https:\/\/www.mdirector.com\/it\/integraciones\/zapier\/"]}]},{"@type":"ImageObject","inLanguage":"it-IT","@id":"https:\/\/www.mdirector.com\/it\/integraciones\/zapier\/#primaryimage","url":"https:\/\/www.mdirector.com\/wp-content\/uploads\/2022\/04\/zapier-1.png","contentUrl":"https:\/\/www.mdirector.com\/wp-content\/uploads\/2022\/04\/zapier-1.png","width":200,"height":200},{"@type":"BreadcrumbList","@id":"https:\/\/www.mdirector.com\/it\/integraciones\/zapier\/#breadcrumb","itemListElement":[{"@type":"ListItem","position":1,"name":"Inicio","item":"https:\/\/www.mdirector.com\/it\/"},{"@type":"ListItem","position":2,"name":"Zapier"}]},{"@type":"WebSite","@id":"https:\/\/www.mdirector.com\/it\/#website","url":"https:\/\/www.mdirector.com\/it\/","name":"MDirector","description":"","publisher":{"@id":"https:\/\/www.mdirector.com\/it\/#organization"},"potentialAction":[{"@type":"SearchAction","target":{"@type":"EntryPoint","urlTemplate":"https:\/\/www.mdirector.com\/it\/?s={search_term_string}"},"query-input":{"@type":"PropertyValueSpecification","valueRequired":true,"valueName":"search_term_string"}}],"inLanguage":"it-IT"},{"@type":"Organization","@id":"https:\/\/www.mdirector.com\/it\/#organization","name":"MDirector","url":"https:\/\/www.mdirector.com\/it\/","logo":{"@type":"ImageObject","inLanguage":"it-IT","@id":"https:\/\/www.mdirector.com\/it\/#\/schema\/logo\/image\/","url":"https:\/\/www.mdirector.com\/wp-content\/uploads\/2023\/01\/mdirectorbimi-ok23-tiny-ps.svg","contentUrl":"https:\/\/www.mdirector.com\/wp-content\/uploads\/2023\/01\/mdirectorbimi-ok23-tiny-ps.svg","width":401,"height":401,"caption":"MDirector"},"image":{"@id":"https:\/\/www.mdirector.com\/it\/#\/schema\/logo\/image\/"},"sameAs":["https:\/\/www.facebook.com\/MDirector.es","https:\/\/x.com\/emailMDirector","https:\/\/www.linkedin.com\/company\/1373906\/"]}]}},"multi-rating":{"mr_rating_results":[]},"_links":{"self":[{"href":"https:\/\/www.mdirector.com\/it\/wp-json\/wp\/v2\/pages\/134006","targetHints":{"allow":["GET"]}}],"collection":[{"href":"https:\/\/www.mdirector.com\/it\/wp-json\/wp\/v2\/pages"}],"about":[{"href":"https:\/\/www.mdirector.com\/it\/wp-json\/wp\/v2\/types\/page"}],"author":[{"embeddable":true,"href":"https:\/\/www.mdirector.com\/it\/wp-json\/wp\/v2\/users\/5"}],"replies":[{"embeddable":true,"href":"https:\/\/www.mdirector.com\/it\/wp-json\/wp\/v2\/comments?post=134006"}],"version-history":[{"count":0,"href":"https:\/\/www.mdirector.com\/it\/wp-json\/wp\/v2\/pages\/134006\/revisions"}],"wp:featuredmedia":[{"embeddable":true,"href":"https:\/\/www.mdirector.com\/it\/wp-json\/wp\/v2\/media\/129368"}],"wp:attachment":[{"href":"https:\/\/www.mdirector.com\/it\/wp-json\/wp\/v2\/media?parent=134006"}],"curies":[{"name":"wp","href":"https:\/\/api.w.org\/{rel}","templated":true}]}}