{"id":131993,"date":"2022-02-18T13:22:45","date_gmt":"2022-02-18T12:22:45","guid":{"rendered":"https:\/\/www.mdirector.com\/marketing-automation\/"},"modified":"2024-05-03T11:39:17","modified_gmt":"2024-05-03T09:39:17","slug":"solution-marketing-automation","status":"publish","type":"page","link":"https:\/\/www.mdirector.com\/pt\/solution-marketing-automation\/","title":{"rendered":"Marketing Automation"},"content":{"rendered":"<p>Faz com que o marketing trabalhe para ti atrav\u00e9s da gest\u00e3o das tuas comunica\u00e7\u00f5es de forma autom\u00e1tica com a nossa solu\u00e7\u00e3o de <strong>Marketing Automation<\/strong>. Cria movimentos que ativem o envio de sequ\u00eancias de e-mail ou SMS segundo o comportamento ou a informa\u00e7\u00e3o dos teus utilizadores.<br \/>\nAl\u00e9m disso, acrescenta valor ao teu processo de reten\u00e7\u00e3o e fideliza\u00e7\u00e3o: utiliza movimentos automatizados fortes que mantenham a intera\u00e7\u00e3o com o teu cliente.<\/p>\n","protected":false},"excerpt":{"rendered":"<p>Faz com que o marketing trabalhe para ti atrav\u00e9s da gest\u00e3o das tuas comunica\u00e7\u00f5es de forma autom\u00e1tica com a nossa solu\u00e7\u00e3o de Marketing Automation. Cria movimentos que ativem o envio de sequ\u00eancias de e-mail ou [&hellip;]<\/p>\n","protected":false},"author":5,"featured_media":144979,"parent":132132,"menu_order":18,"comment_status":"closed","ping_status":"closed","template":"template-solution.php","meta":{"_lmt_disableupdate":"","_lmt_disable":"","rating_form_position":"","rating_results_position":"","mr_structured_data_type":"","footnotes":""},"class_list":["post-131993","page","type-page","status-publish","has-post-thumbnail","hentry"],"acf":[],"yoast_head":"<!-- This site is optimized with the Yoast SEO plugin v25.3 - https:\/\/yoast.com\/wordpress\/plugins\/seo\/ -->\n<title>Herramienta de marketing automation<\/title>\n<meta name=\"description\" content=\"Impulsa el engagement de tus clientes con una estrategia de marketing automation multicanal. \u00a1Haz m\u00e1s efectiva tu estrategia de email marketing!\" \/>\n<meta name=\"robots\" content=\"noindex, nofollow\" \/>\n<meta property=\"og:locale\" content=\"pt_PT\" \/>\n<meta property=\"og:type\" content=\"article\" \/>\n<meta property=\"og:title\" content=\"Herramienta de marketing automation\" \/>\n<meta property=\"og:description\" content=\"Impulsa el engagement de tus clientes con una estrategia de marketing automation multicanal. \u00a1Haz m\u00e1s efectiva tu estrategia de email marketing!\" \/>\n<meta property=\"og:url\" content=\"https:\/\/www.mdirector.com\/pt\/solution-marketing-automation\/\" \/>\n<meta property=\"og:site_name\" content=\"MDirector\" \/>\n<meta property=\"article:publisher\" content=\"https:\/\/www.facebook.com\/MDirector.es\" \/>\n<meta property=\"article:modified_time\" content=\"2024-05-03T09:39:17+00:00\" \/>\n<meta property=\"og:image\" content=\"https:\/\/www.mdirector.com\/wp-content\/uploads\/2023\/04\/home-slider-03.png\" \/>\n\t<meta property=\"og:image:width\" content=\"800\" \/>\n\t<meta property=\"og:image:height\" content=\"600\" \/>\n\t<meta property=\"og:image:type\" content=\"image\/png\" \/>\n<meta name=\"twitter:card\" content=\"summary_large_image\" \/>\n<meta name=\"twitter:site\" content=\"@emailMDirector\" \/>\n<meta name=\"twitter:label1\" content=\"Est. reading time\" \/>\n\t<meta name=\"twitter:data1\" content=\"1 minute\" \/>\n<script type=\"application\/ld+json\" class=\"yoast-schema-graph\">{\"@context\":\"https:\/\/schema.org\",\"@graph\":[{\"@type\":\"WebPage\",\"@id\":\"https:\/\/www.mdirector.com\/pt\/solution-marketing-automation\/\",\"url\":\"https:\/\/www.mdirector.com\/pt\/solution-marketing-automation\/\",\"name\":\"Herramienta de marketing automation\",\"isPartOf\":{\"@id\":\"https:\/\/www.mdirector.com\/pt\/#website\"},\"primaryImageOfPage\":{\"@id\":\"https:\/\/www.mdirector.com\/pt\/solution-marketing-automation\/#primaryimage\"},\"image\":{\"@id\":\"https:\/\/www.mdirector.com\/pt\/solution-marketing-automation\/#primaryimage\"},\"thumbnailUrl\":\"https:\/\/www.mdirector.com\/wp-content\/uploads\/2023\/04\/home-slider-03.png\",\"datePublished\":\"2022-02-18T12:22:45+00:00\",\"dateModified\":\"2024-05-03T09:39:17+00:00\",\"description\":\"Impulsa el engagement de tus clientes con una estrategia de marketing automation multicanal. \u00a1Haz m\u00e1s efectiva tu estrategia de email marketing!\",\"breadcrumb\":{\"@id\":\"https:\/\/www.mdirector.com\/pt\/solution-marketing-automation\/#breadcrumb\"},\"inLanguage\":\"pt\",\"potentialAction\":[{\"@type\":\"ReadAction\",\"target\":[\"https:\/\/www.mdirector.com\/pt\/solution-marketing-automation\/\"]}]},{\"@type\":\"ImageObject\",\"inLanguage\":\"pt\",\"@id\":\"https:\/\/www.mdirector.com\/pt\/solution-marketing-automation\/#primaryimage\",\"url\":\"https:\/\/www.mdirector.com\/wp-content\/uploads\/2023\/04\/home-slider-03.png\",\"contentUrl\":\"https:\/\/www.mdirector.com\/wp-content\/uploads\/2023\/04\/home-slider-03.png\",\"width\":800,\"height\":600},{\"@type\":\"BreadcrumbList\",\"@id\":\"https:\/\/www.mdirector.com\/pt\/solution-marketing-automation\/#breadcrumb\",\"itemListElement\":[{\"@type\":\"ListItem\",\"position\":1,\"name\":\"Inicio\",\"item\":\"https:\/\/www.mdirector.com\/pt\/\"},{\"@type\":\"ListItem\",\"position\":2,\"name\":\"Soluciones\",\"item\":\"https:\/\/www.mdirector.com\/pt\/soluciones\/\"},{\"@type\":\"ListItem\",\"position\":3,\"name\":\"Marketing Automation\"}]},{\"@type\":\"WebSite\",\"@id\":\"https:\/\/www.mdirector.com\/pt\/#website\",\"url\":\"https:\/\/www.mdirector.com\/pt\/\",\"name\":\"MDirector\",\"description\":\"\",\"publisher\":{\"@id\":\"https:\/\/www.mdirector.com\/pt\/#organization\"},\"potentialAction\":[{\"@type\":\"SearchAction\",\"target\":{\"@type\":\"EntryPoint\",\"urlTemplate\":\"https:\/\/www.mdirector.com\/pt\/?s={search_term_string}\"},\"query-input\":{\"@type\":\"PropertyValueSpecification\",\"valueRequired\":true,\"valueName\":\"search_term_string\"}}],\"inLanguage\":\"pt\"},{\"@type\":\"Organization\",\"@id\":\"https:\/\/www.mdirector.com\/pt\/#organization\",\"name\":\"MDirector\",\"url\":\"https:\/\/www.mdirector.com\/pt\/\",\"logo\":{\"@type\":\"ImageObject\",\"inLanguage\":\"pt\",\"@id\":\"https:\/\/www.mdirector.com\/pt\/#\/schema\/logo\/image\/\",\"url\":\"https:\/\/www.mdirector.com\/wp-content\/uploads\/2023\/01\/mdirectorbimi-ok23-tiny-ps.svg\",\"contentUrl\":\"https:\/\/www.mdirector.com\/wp-content\/uploads\/2023\/01\/mdirectorbimi-ok23-tiny-ps.svg\",\"width\":401,\"height\":401,\"caption\":\"MDirector\"},\"image\":{\"@id\":\"https:\/\/www.mdirector.com\/pt\/#\/schema\/logo\/image\/\"},\"sameAs\":[\"https:\/\/www.facebook.com\/MDirector.es\",\"https:\/\/x.com\/emailMDirector\",\"https:\/\/www.linkedin.com\/company\/1373906\/\"]}]}<\/script>\n<!-- \/ Yoast SEO plugin. -->","yoast_head_json":{"title":"Herramienta de marketing automation","description":"Impulsa el engagement de tus clientes con una estrategia de marketing automation multicanal. \u00a1Haz m\u00e1s efectiva tu estrategia de email marketing!","robots":{"index":"noindex","follow":"nofollow"},"og_locale":"pt_PT","og_type":"article","og_title":"Herramienta de marketing automation","og_description":"Impulsa el engagement de tus clientes con una estrategia de marketing automation multicanal. \u00a1Haz m\u00e1s efectiva tu estrategia de email marketing!","og_url":"https:\/\/www.mdirector.com\/pt\/solution-marketing-automation\/","og_site_name":"MDirector","article_publisher":"https:\/\/www.facebook.com\/MDirector.es","article_modified_time":"2024-05-03T09:39:17+00:00","og_image":[{"width":800,"height":600,"url":"https:\/\/www.mdirector.com\/wp-content\/uploads\/2023\/04\/home-slider-03.png","type":"image\/png"}],"twitter_card":"summary_large_image","twitter_site":"@emailMDirector","twitter_misc":{"Est. reading time":"1 minute"},"schema":{"@context":"https:\/\/schema.org","@graph":[{"@type":"WebPage","@id":"https:\/\/www.mdirector.com\/pt\/solution-marketing-automation\/","url":"https:\/\/www.mdirector.com\/pt\/solution-marketing-automation\/","name":"Herramienta de marketing automation","isPartOf":{"@id":"https:\/\/www.mdirector.com\/pt\/#website"},"primaryImageOfPage":{"@id":"https:\/\/www.mdirector.com\/pt\/solution-marketing-automation\/#primaryimage"},"image":{"@id":"https:\/\/www.mdirector.com\/pt\/solution-marketing-automation\/#primaryimage"},"thumbnailUrl":"https:\/\/www.mdirector.com\/wp-content\/uploads\/2023\/04\/home-slider-03.png","datePublished":"2022-02-18T12:22:45+00:00","dateModified":"2024-05-03T09:39:17+00:00","description":"Impulsa el engagement de tus clientes con una estrategia de marketing automation multicanal. \u00a1Haz m\u00e1s efectiva tu estrategia de email marketing!","breadcrumb":{"@id":"https:\/\/www.mdirector.com\/pt\/solution-marketing-automation\/#breadcrumb"},"inLanguage":"pt","potentialAction":[{"@type":"ReadAction","target":["https:\/\/www.mdirector.com\/pt\/solution-marketing-automation\/"]}]},{"@type":"ImageObject","inLanguage":"pt","@id":"https:\/\/www.mdirector.com\/pt\/solution-marketing-automation\/#primaryimage","url":"https:\/\/www.mdirector.com\/wp-content\/uploads\/2023\/04\/home-slider-03.png","contentUrl":"https:\/\/www.mdirector.com\/wp-content\/uploads\/2023\/04\/home-slider-03.png","width":800,"height":600},{"@type":"BreadcrumbList","@id":"https:\/\/www.mdirector.com\/pt\/solution-marketing-automation\/#breadcrumb","itemListElement":[{"@type":"ListItem","position":1,"name":"Inicio","item":"https:\/\/www.mdirector.com\/pt\/"},{"@type":"ListItem","position":2,"name":"Soluciones","item":"https:\/\/www.mdirector.com\/pt\/soluciones\/"},{"@type":"ListItem","position":3,"name":"Marketing Automation"}]},{"@type":"WebSite","@id":"https:\/\/www.mdirector.com\/pt\/#website","url":"https:\/\/www.mdirector.com\/pt\/","name":"MDirector","description":"","publisher":{"@id":"https:\/\/www.mdirector.com\/pt\/#organization"},"potentialAction":[{"@type":"SearchAction","target":{"@type":"EntryPoint","urlTemplate":"https:\/\/www.mdirector.com\/pt\/?s={search_term_string}"},"query-input":{"@type":"PropertyValueSpecification","valueRequired":true,"valueName":"search_term_string"}}],"inLanguage":"pt"},{"@type":"Organization","@id":"https:\/\/www.mdirector.com\/pt\/#organization","name":"MDirector","url":"https:\/\/www.mdirector.com\/pt\/","logo":{"@type":"ImageObject","inLanguage":"pt","@id":"https:\/\/www.mdirector.com\/pt\/#\/schema\/logo\/image\/","url":"https:\/\/www.mdirector.com\/wp-content\/uploads\/2023\/01\/mdirectorbimi-ok23-tiny-ps.svg","contentUrl":"https:\/\/www.mdirector.com\/wp-content\/uploads\/2023\/01\/mdirectorbimi-ok23-tiny-ps.svg","width":401,"height":401,"caption":"MDirector"},"image":{"@id":"https:\/\/www.mdirector.com\/pt\/#\/schema\/logo\/image\/"},"sameAs":["https:\/\/www.facebook.com\/MDirector.es","https:\/\/x.com\/emailMDirector","https:\/\/www.linkedin.com\/company\/1373906\/"]}]}},"multi-rating":{"mr_rating_results":[]},"_links":{"self":[{"href":"https:\/\/www.mdirector.com\/pt\/wp-json\/wp\/v2\/pages\/131993","targetHints":{"allow":["GET"]}}],"collection":[{"href":"https:\/\/www.mdirector.com\/pt\/wp-json\/wp\/v2\/pages"}],"about":[{"href":"https:\/\/www.mdirector.com\/pt\/wp-json\/wp\/v2\/types\/page"}],"author":[{"embeddable":true,"href":"https:\/\/www.mdirector.com\/pt\/wp-json\/wp\/v2\/users\/5"}],"replies":[{"embeddable":true,"href":"https:\/\/www.mdirector.com\/pt\/wp-json\/wp\/v2\/comments?post=131993"}],"version-history":[{"count":0,"href":"https:\/\/www.mdirector.com\/pt\/wp-json\/wp\/v2\/pages\/131993\/revisions"}],"up":[{"embeddable":true,"href":"https:\/\/www.mdirector.com\/pt\/wp-json\/wp\/v2\/pages\/132132"}],"wp:featuredmedia":[{"embeddable":true,"href":"https:\/\/www.mdirector.com\/pt\/wp-json\/wp\/v2\/media\/144979"}],"wp:attachment":[{"href":"https:\/\/www.mdirector.com\/pt\/wp-json\/wp\/v2\/media?parent=131993"}],"curies":[{"name":"wp","href":"https:\/\/api.w.org\/{rel}","templated":true}]}}