{"id":133188,"date":"2022-05-19T17:24:35","date_gmt":"2022-05-19T15:24:35","guid":{"rendered":"https:\/\/www.mdirector.com\/?page_id=133188"},"modified":"2022-05-19T17:26:05","modified_gmt":"2022-05-19T15:26:05","slug":"por-que-recebeu-este-e-mail","status":"publish","type":"page","link":"https:\/\/www.mdirector.com\/pt\/por-que-recebeu-este-e-mail\/","title":{"rendered":"Por que recebeu este e-mail?"},"content":{"rendered":"<h2>Por que recebeu este e-mail?<\/h2>\n<p>Se recebe este e-mail \u00e9 porque um dos nossos clientes utilizou a Plataforma Tecnol\u00f3gica MDirector para enviar-lhe o e-mail. Atrav\u00e9s de MDirector, os nossos clientes podem gerir todos os seus envios de e-mail. O pr\u00f3prio cliente \u00e9 o respons\u00e1vel dos dados dos seus usu\u00e1rios e de obter o consentimento dos destinat\u00e1rios para receberem os seus e-mails. Portanto, \u00e9 respons\u00e1vel de que voc\u00ea tenha autorizado \u00e0 recep\u00e7\u00e3o deste e-mail.<\/p>\n<h2><\/h2>\n<h2>O que \u00e9 MDirector?<\/h2>\n<p>MDirector \u00e9 uma tecnologia que p\u00f5e \u00e0 disposi\u00e7\u00e3o dos seus clientes uma plataforma para gerir os seus envios de e-mail, de SMS ou as suas mensagens nas redes sociais. Marketing Manager Servi\u00e7os de Marketing SLU \u00e9 a propriet\u00e1ria do servi\u00e7o MDirector.<\/p>\n<h2><\/h2>\n<h2>O que faz MDirector com os seus dados?<\/h2>\n<p>MDirector acede aos seus dados unicamente para que o Cliente possa realizar os envios de e-mails aos seus destinat\u00e1rios. Este acesso \u00e9 necess\u00e1rio para colocar a plataforma \u00e0 disposi\u00e7\u00e3o do cliente, executar os envios, dar suporte e gerir as baixas. Em nenhum caso MDirector recolhe qualquer informa\u00e7\u00e3o relacionada consigo.<\/p>\n<h2><\/h2>\n<h2>Como gere MDirector as baixas?<\/h2>\n<p>MDirector n\u00e3o deseja que a sua plataforma seja utilizada para enviar comunica\u00e7\u00f5es n\u00e3o desejadas ou spam. Para isso, coloca \u00e0 disposi\u00e7\u00e3o do Cliente um sistema de bloqueio automatizado de endere\u00e7os de e-mail. Se um recetor de um correio eletr\u00f4nico enviado atrav\u00e9s de MDirector deseja dar-se de baixa da rece\u00e7\u00e3o de e-mails do Cliente, poder\u00e1 faz\u00ea-lo clicando sobre o campo que aparece na parte inferior de cada correio eletr\u00f4nico enviado.<\/p>\n<h2><\/h2>\n<h2>Os conte\u00fados dos e-mails n\u00e3o s\u00e3o responsabilidade de MDirector<\/h2>\n<p>MDirector \u00e9 uma plataforma de envio de e-mail, dirigida ao social e marketing m\u00f3vel que permite ao seu Cliente realizar estes envios de e-mail. Em nenhum caso MDirector recolhe os dados dos seus usu\u00e1rios que recebem estes e-mails nem tem qualquer responsabilidade algum respeito a estes dados, as comunica\u00e7\u00f5es que recebam ou os seus conte\u00fados. MDirector n\u00e3o monitoriza o conte\u00fado destas comunica\u00e7\u00f5es, muito menos rev\u00ea a qualidade, exatid\u00e3o, fiabilidade, corre\u00e7\u00e3o ou moralidade dos dados e conte\u00fados que o cliente possa enviar nas suas comunica\u00e7\u00f5es cujo \u00fanico respons\u00e1vel ser\u00e1 o cliente.<\/p>\n","protected":false},"excerpt":{"rendered":"<p>Por que recebeu este e-mail? Se recebe este e-mail \u00e9 porque um dos nossos clientes utilizou a Plataforma Tecnol\u00f3gica MDirector para enviar-lhe o e-mail. Atrav\u00e9s de MDirector, os nossos clientes podem gerir todos os seus [&hellip;]<\/p>\n","protected":false},"author":5,"featured_media":0,"parent":0,"menu_order":0,"comment_status":"closed","ping_status":"closed","template":"template-default.php","meta":{"_lmt_disableupdate":"","_lmt_disable":"","rating_form_position":"","rating_results_position":"","mr_structured_data_type":"","footnotes":""},"class_list":["post-133188","page","type-page","status-publish","hentry"],"acf":[],"yoast_head":"<!-- This site is optimized with the Yoast SEO plugin v25.3 - https:\/\/yoast.com\/wordpress\/plugins\/seo\/ -->\n<title>Por que recebeu este e-mail?<\/title>\n<meta name=\"description\" content=\"Por que recebeu este e-mail? Se recebe este e-mail \u00e9 porque um dos nossos clientes utilizou a Plataforma Tecnol\u00f3gica MDirector para enviar-lhe o e-mail.\" \/>\n<meta name=\"robots\" content=\"noindex, nofollow\" \/>\n<meta property=\"og:locale\" content=\"pt_PT\" \/>\n<meta property=\"og:type\" content=\"article\" \/>\n<meta property=\"og:title\" content=\"Por que recebeu este e-mail?\" \/>\n<meta property=\"og:description\" content=\"Por que recebeu este e-mail? Se recebe este e-mail \u00e9 porque um dos nossos clientes utilizou a Plataforma Tecnol\u00f3gica MDirector para enviar-lhe o e-mail.\" \/>\n<meta property=\"og:url\" content=\"https:\/\/www.mdirector.com\/pt\/por-que-recebeu-este-e-mail\/\" \/>\n<meta property=\"og:site_name\" content=\"MDirector\" \/>\n<meta property=\"article:publisher\" content=\"https:\/\/www.facebook.com\/MDirector.es\" \/>\n<meta property=\"article:modified_time\" content=\"2022-05-19T15:26:05+00:00\" \/>\n<meta property=\"og:image\" content=\"https:\/\/www.mdirector.com\/wp-content\/uploads\/2022\/04\/logo_destacado_mdirector-1.jpg\" \/>\n\t<meta property=\"og:image:width\" content=\"653\" \/>\n\t<meta property=\"og:image:height\" content=\"493\" \/>\n\t<meta property=\"og:image:type\" content=\"image\/jpeg\" \/>\n<meta name=\"twitter:card\" content=\"summary_large_image\" \/>\n<meta name=\"twitter:site\" content=\"@emailMDirector\" \/>\n<meta name=\"twitter:label1\" content=\"Est. reading time\" \/>\n\t<meta name=\"twitter:data1\" content=\"2 minutes\" \/>\n<script type=\"application\/ld+json\" class=\"yoast-schema-graph\">{\"@context\":\"https:\/\/schema.org\",\"@graph\":[{\"@type\":\"WebPage\",\"@id\":\"https:\/\/www.mdirector.com\/pt\/por-que-recebeu-este-e-mail\/\",\"url\":\"https:\/\/www.mdirector.com\/pt\/por-que-recebeu-este-e-mail\/\",\"name\":\"Por que recebeu este e-mail?\",\"isPartOf\":{\"@id\":\"https:\/\/www.mdirector.com\/pt\/#website\"},\"datePublished\":\"2022-05-19T15:24:35+00:00\",\"dateModified\":\"2022-05-19T15:26:05+00:00\",\"description\":\"Por que recebeu este e-mail? Se recebe este e-mail \u00e9 porque um dos nossos clientes utilizou a Plataforma Tecnol\u00f3gica MDirector para enviar-lhe o e-mail.\",\"breadcrumb\":{\"@id\":\"https:\/\/www.mdirector.com\/pt\/por-que-recebeu-este-e-mail\/#breadcrumb\"},\"inLanguage\":\"pt\",\"potentialAction\":[{\"@type\":\"ReadAction\",\"target\":[\"https:\/\/www.mdirector.com\/pt\/por-que-recebeu-este-e-mail\/\"]}]},{\"@type\":\"BreadcrumbList\",\"@id\":\"https:\/\/www.mdirector.com\/pt\/por-que-recebeu-este-e-mail\/#breadcrumb\",\"itemListElement\":[{\"@type\":\"ListItem\",\"position\":1,\"name\":\"Inicio\",\"item\":\"https:\/\/www.mdirector.com\/pt\/\"},{\"@type\":\"ListItem\",\"position\":2,\"name\":\"Por que recebeu este e-mail?\"}]},{\"@type\":\"WebSite\",\"@id\":\"https:\/\/www.mdirector.com\/pt\/#website\",\"url\":\"https:\/\/www.mdirector.com\/pt\/\",\"name\":\"MDirector\",\"description\":\"\",\"publisher\":{\"@id\":\"https:\/\/www.mdirector.com\/pt\/#organization\"},\"potentialAction\":[{\"@type\":\"SearchAction\",\"target\":{\"@type\":\"EntryPoint\",\"urlTemplate\":\"https:\/\/www.mdirector.com\/pt\/?s={search_term_string}\"},\"query-input\":{\"@type\":\"PropertyValueSpecification\",\"valueRequired\":true,\"valueName\":\"search_term_string\"}}],\"inLanguage\":\"pt\"},{\"@type\":\"Organization\",\"@id\":\"https:\/\/www.mdirector.com\/pt\/#organization\",\"name\":\"MDirector\",\"url\":\"https:\/\/www.mdirector.com\/pt\/\",\"logo\":{\"@type\":\"ImageObject\",\"inLanguage\":\"pt\",\"@id\":\"https:\/\/www.mdirector.com\/pt\/#\/schema\/logo\/image\/\",\"url\":\"https:\/\/www.mdirector.com\/wp-content\/uploads\/2023\/01\/mdirectorbimi-ok23-tiny-ps.svg\",\"contentUrl\":\"https:\/\/www.mdirector.com\/wp-content\/uploads\/2023\/01\/mdirectorbimi-ok23-tiny-ps.svg\",\"width\":401,\"height\":401,\"caption\":\"MDirector\"},\"image\":{\"@id\":\"https:\/\/www.mdirector.com\/pt\/#\/schema\/logo\/image\/\"},\"sameAs\":[\"https:\/\/www.facebook.com\/MDirector.es\",\"https:\/\/x.com\/emailMDirector\",\"https:\/\/www.linkedin.com\/company\/1373906\/\"]}]}<\/script>\n<!-- \/ Yoast SEO plugin. -->","yoast_head_json":{"title":"Por que recebeu este e-mail?","description":"Por que recebeu este e-mail? Se recebe este e-mail \u00e9 porque um dos nossos clientes utilizou a Plataforma Tecnol\u00f3gica MDirector para enviar-lhe o e-mail.","robots":{"index":"noindex","follow":"nofollow"},"og_locale":"pt_PT","og_type":"article","og_title":"Por que recebeu este e-mail?","og_description":"Por que recebeu este e-mail? Se recebe este e-mail \u00e9 porque um dos nossos clientes utilizou a Plataforma Tecnol\u00f3gica MDirector para enviar-lhe o e-mail.","og_url":"https:\/\/www.mdirector.com\/pt\/por-que-recebeu-este-e-mail\/","og_site_name":"MDirector","article_publisher":"https:\/\/www.facebook.com\/MDirector.es","article_modified_time":"2022-05-19T15:26:05+00:00","og_image":[{"width":653,"height":493,"url":"https:\/\/www.mdirector.com\/wp-content\/uploads\/2022\/04\/logo_destacado_mdirector-1.jpg","type":"image\/jpeg"}],"twitter_card":"summary_large_image","twitter_site":"@emailMDirector","twitter_misc":{"Est. reading time":"2 minutes"},"schema":{"@context":"https:\/\/schema.org","@graph":[{"@type":"WebPage","@id":"https:\/\/www.mdirector.com\/pt\/por-que-recebeu-este-e-mail\/","url":"https:\/\/www.mdirector.com\/pt\/por-que-recebeu-este-e-mail\/","name":"Por que recebeu este e-mail?","isPartOf":{"@id":"https:\/\/www.mdirector.com\/pt\/#website"},"datePublished":"2022-05-19T15:24:35+00:00","dateModified":"2022-05-19T15:26:05+00:00","description":"Por que recebeu este e-mail? Se recebe este e-mail \u00e9 porque um dos nossos clientes utilizou a Plataforma Tecnol\u00f3gica MDirector para enviar-lhe o e-mail.","breadcrumb":{"@id":"https:\/\/www.mdirector.com\/pt\/por-que-recebeu-este-e-mail\/#breadcrumb"},"inLanguage":"pt","potentialAction":[{"@type":"ReadAction","target":["https:\/\/www.mdirector.com\/pt\/por-que-recebeu-este-e-mail\/"]}]},{"@type":"BreadcrumbList","@id":"https:\/\/www.mdirector.com\/pt\/por-que-recebeu-este-e-mail\/#breadcrumb","itemListElement":[{"@type":"ListItem","position":1,"name":"Inicio","item":"https:\/\/www.mdirector.com\/pt\/"},{"@type":"ListItem","position":2,"name":"Por que recebeu este e-mail?"}]},{"@type":"WebSite","@id":"https:\/\/www.mdirector.com\/pt\/#website","url":"https:\/\/www.mdirector.com\/pt\/","name":"MDirector","description":"","publisher":{"@id":"https:\/\/www.mdirector.com\/pt\/#organization"},"potentialAction":[{"@type":"SearchAction","target":{"@type":"EntryPoint","urlTemplate":"https:\/\/www.mdirector.com\/pt\/?s={search_term_string}"},"query-input":{"@type":"PropertyValueSpecification","valueRequired":true,"valueName":"search_term_string"}}],"inLanguage":"pt"},{"@type":"Organization","@id":"https:\/\/www.mdirector.com\/pt\/#organization","name":"MDirector","url":"https:\/\/www.mdirector.com\/pt\/","logo":{"@type":"ImageObject","inLanguage":"pt","@id":"https:\/\/www.mdirector.com\/pt\/#\/schema\/logo\/image\/","url":"https:\/\/www.mdirector.com\/wp-content\/uploads\/2023\/01\/mdirectorbimi-ok23-tiny-ps.svg","contentUrl":"https:\/\/www.mdirector.com\/wp-content\/uploads\/2023\/01\/mdirectorbimi-ok23-tiny-ps.svg","width":401,"height":401,"caption":"MDirector"},"image":{"@id":"https:\/\/www.mdirector.com\/pt\/#\/schema\/logo\/image\/"},"sameAs":["https:\/\/www.facebook.com\/MDirector.es","https:\/\/x.com\/emailMDirector","https:\/\/www.linkedin.com\/company\/1373906\/"]}]}},"multi-rating":{"mr_rating_results":[]},"_links":{"self":[{"href":"https:\/\/www.mdirector.com\/pt\/wp-json\/wp\/v2\/pages\/133188","targetHints":{"allow":["GET"]}}],"collection":[{"href":"https:\/\/www.mdirector.com\/pt\/wp-json\/wp\/v2\/pages"}],"about":[{"href":"https:\/\/www.mdirector.com\/pt\/wp-json\/wp\/v2\/types\/page"}],"author":[{"embeddable":true,"href":"https:\/\/www.mdirector.com\/pt\/wp-json\/wp\/v2\/users\/5"}],"replies":[{"embeddable":true,"href":"https:\/\/www.mdirector.com\/pt\/wp-json\/wp\/v2\/comments?post=133188"}],"version-history":[{"count":0,"href":"https:\/\/www.mdirector.com\/pt\/wp-json\/wp\/v2\/pages\/133188\/revisions"}],"wp:attachment":[{"href":"https:\/\/www.mdirector.com\/pt\/wp-json\/wp\/v2\/media?parent=133188"}],"curies":[{"name":"wp","href":"https:\/\/api.w.org\/{rel}","templated":true}]}}