{"id":133932,"date":"2022-06-01T10:05:09","date_gmt":"2022-06-01T08:05:09","guid":{"rendered":"https:\/\/www.mdirector.com\/integracoes\/wordpress\/"},"modified":"2023-07-07T14:43:34","modified_gmt":"2023-07-07T12:43:34","slug":"wordpress","status":"publish","type":"page","link":"https:\/\/www.mdirector.com\/pt\/integracoes\/wordpress\/","title":{"rendered":"WordPress"},"content":{"rendered":"<p><link rel=\"preload\" as=\"image\" href=\"https:\/\/www.mdirector.com\/wp-content\/uploads\/2023\/07\/wordpress-integracion.png\" imagesizes=\"(max-width: 1100px) 100vw, 1100px\" \/><img decoding=\"async\" class=\"alignnone wp-image-148941 size-full\" style=\"margin: 0 !important;\" src=\"https:\/\/www.mdirector.com\/wp-content\/uploads\/2023\/07\/wordpress-integracion.png\" alt=\"\" width=\"770\" height=\"480\" srcset=\"https:\/\/www.mdirector.com\/wp-content\/uploads\/2023\/07\/wordpress-integracion.png 770w, https:\/\/www.mdirector.com\/wp-content\/uploads\/2023\/07\/wordpress-integracion-300x187.png 300w, https:\/\/www.mdirector.com\/wp-content\/uploads\/2023\/07\/wordpress-integracion-768x479.png 768w\" sizes=\"(max-width: 770px) 100vw, 770px\" \/><br \/>\n&nbsp;<\/p>\n<p style=\"text-align: center;\"><a class=\"o-button--secondary\" style=\"color: #ffffff; text-decoration: none;\" href=\"https:\/\/www.mdirector.com\/wp-content\/uploads\/2022\/06\/2025mdirector-newsletter.zip\" download=\"\">baixar GRATIS<\/a><\/p>\n<h2>Por que integrar o seu site WordPress com MDirector?<\/h2>\n<p>A principal vantagem de um plugin WordPress desenhado para otimizar as tuas campanhas de E-mail Marketing \u00e9 poder gerir a partir do teu website ou blog toda a comunica\u00e7\u00e3o de E-mail Marketing com os teus utilizadores.<\/p>\n<p>Integra direta e gratuitamente todas as comunica\u00e7\u00f5es de e-mail marketing da web e recebe boletins informativos mais eficazes.<\/p>\n<p>MDirector recomenda integrar o seu plugin no WordPress de forma a <strong>aumentar o tr\u00e1fego para o website e a ganhar efici\u00eancia nas comunica\u00e7\u00f5es.<\/strong><\/p>\n<p>Com este plugin podes <strong>partilhar as mensagens ou conte\u00fados que publicaste com os teus subscritores<\/strong>. Al\u00e9m disso, os visitantes do site podem inscrever-se a partir do pr\u00f3prio site no teu servi\u00e7o de newsletter atrav\u00e9s de um simples widget, sem a necessidade de desenvolvimentos complicados ou de criar p\u00e1ginas de destino extra.<\/p>\n<p>Os dados recolhidos no formul\u00e1rio que \u00e9 inserido no website v\u00e3o diretamente para a base de dados, que \u00e9 sincronizada em tempo real, tornando-a muito conveniente.<\/p>\n<p><strong>O download do plugin \u00e9 gratuito para o teu site WordPress<\/strong>. Podes descarreg\u00e1-lo atrav\u00e9s do formul\u00e1rio. Podes integrar a tua base de dados de clientes WordPress e sincroniz\u00e1-la em tempo real para enviares o teu Email Marketing e SMS Marketing do MDirector.<\/p>\n<p><strong>MDirector \u00e9 agora compat\u00edvel com WordPress PHP 8.<\/strong><\/p>\n<h2>Caracter\u00edsticas<\/h2>\n<h3>Gerir a sua subscri\u00e7\u00e3o da Newsletter<\/h3>\n<p>Poupe tempo e dinheiro com uma gest\u00e3o eficiente da sua base de dados. Atribua automaticamente os seus contactos a duas listas espec\u00edficas no MDirector. Um para os utilizadores que subscrevem a lista semanal e outro para os que subscrevem a lista di\u00e1ria.<\/p>\n<p>Programe o envio autom\u00e1tico do seu boletim informativo com o conte\u00fado do seu s\u00edtio Web WordPress, semanal ou diariamente. O sistema selecionar\u00e1 automaticamente o conte\u00fado e envi\u00e1-lo-\u00e1 aos seus contactos. Pode colocar um formul\u00e1rio \/ widget no seu s\u00edtio web, configurando o t\u00edtulo e a descri\u00e7\u00e3o que deseja. Os seus utilizadores v\u00e3o come\u00e7ar a subscrever-se para receber o seu conte\u00fado, \u00e9 muito f\u00e1cil!<\/p>\n<p><strong>Principais caracter\u00edsticas<\/strong> que far\u00e3o com que a sua estrat\u00e9gia de marketing por correio eletr\u00f3nico corra sem problemas:<\/p>\n<ul>\n<li>Crie mailings dirigidos dos seus posts no blogue.<\/li>\n<li>Personalize o nome e o assunto do seu correio.<\/li>\n<li>Segmentar a sua base de dados e enviar mailings personalizados para cada uma das listas ou para os segmentos que decidir simultaneamente.<\/li>\n<li>Agende o envio de um artigo publicado no seu website ou blogue para ser enviado numa data e hora futuras.<\/li>\n<li>Selecionar um remetente e um modelo diferentes para cada envio.<\/li>\n<li>Adicione placeholders de lugar aos modelos para incluir automaticamente as imagens do correio que pretende enviar.<\/li>\n<li>Multilinguagem: o plugin \u00e9 agora compat\u00edvel com WPML e permite-lhe enviar boletins informativos para cada l\u00edngua configurada no sistema.<\/li>\n<li>Permite-lhe enviar emails de teste para testar que tudo funciona corretamente.<\/li>\n<\/ul>\n<h2>Instala\u00e7\u00e3o.<\/h2>\n<ol>\n<li>Crie sua conta MDirector. Lembre-se que com sua conta gratuita voc\u00ea pode enviar at\u00e9 5000 emails por m\u00eas. Se j\u00e1 possu\u00ed uma conta continuar com o passo 2.<\/li>\n<li>Inicie a se\u00e7\u00e3o na sua conta MDirector e acesse Prefer\u00eancias &gt; Informa\u00e7\u00e3o API. Se tem uma conta gratuita poder\u00e1 provar a API de MDirector durante 15 dias. Se a sua conta \u00e9 MD PRO ou MD TOTAL ter\u00e1 dispon\u00edvel o acesso ilimitado a API.<\/li>\n<li>Copie os valores de consumer-key e consumer-secret<\/li>\n<li>Acesse a aba de configura\u00e7\u00e3o do plugin, introduza o seu consumer-key e consumer-secret e clique em salvar modifica\u00e7\u00f5es.<\/li>\n<li>Uma vez feitos os primeiros 4 passos, automaticamente se criar\u00e3o duas listas na sua conta MDirector, uma para aqueles usu\u00e1rios que se inscrevam na newsletter e outra para os que se inscrevem na lista di\u00e1ria.<\/li>\n<\/ol>\n<h2>Configura\u00e7\u00e3o dos envios autom\u00e1ticos com as atualiza\u00e7\u00f5es do seu blog.<\/h2>\n<ol>\n<li>Em seguida escolha o From name (Nome que aparecer\u00e1 na mensagem no campo De:)<\/li>\n<li>Automaticamente est\u00e3o desativados os envios desde as listas semanais e diarias. Ative-as para ativar os envios autom\u00e1ticos.<br \/>\nPreencha o formul\u00e1rio que aparecer\u00e1 com o assunto da mensagem, na hora que deseja programar os envios e o dia da semana em caso de uma lista semanal.<br \/>\nNOTA: A pesar de estarem desativados os envios, os usu\u00e1rios poder\u00e3o se inscrever nas listas. Dessa forma voc\u00ea pode criar campanhas diretamente com MDirector e enviar-las aos usu\u00e1rios do seu blog.<\/li>\n<li>A continua\u00e7\u00e3o voc\u00ea podes selecionar tamb\u00e9m as categorias que deseja excluir dos envios autom\u00e1ticos.<\/li>\n<\/ol>\n<h2>Formul\u00e1rio de inscri\u00e7\u00e3o.<\/h2>\n<ol>\n<li>Agora voc\u00ea j\u00e1 podes colocar o formul\u00e1rio \/ widget em seu blog. Para isso v\u00e1 a Apar\u00eancia &gt; Widgets no painel de seu wordpress e arraste em seu sidebar o widget de MDirector. Voc\u00ea poder\u00e1 configurar um t\u00edtulo e uma descri\u00e7\u00e3o \/ explica\u00e7\u00e3o para que apare\u00e7a encima de seu formul\u00e1rio, e pronto! Seus usu\u00e1rios podem come\u00e7ar a se inscrever.<\/li>\n<li>Al\u00e9m do widget, voc\u00ea pode usar um shortcode para colocar o formul\u00e1rio de inscri\u00e7\u00e3o em qualquer p\u00e1gina ou post de seu blog. Para isso adicione [[mdirector_subscriptionbox]] ao conte\u00fado de qualquer das p\u00e1ginas ou posts.<\/li>\n<\/ol>\n","protected":false},"excerpt":{"rendered":"<p>&nbsp; baixar GRATIS Por que integrar o seu site WordPress com MDirector? A principal vantagem de um plugin WordPress desenhado para otimizar as tuas campanhas de E-mail Marketing \u00e9 poder gerir a partir do teu [&hellip;]<\/p>\n","protected":false},"author":5,"featured_media":129364,"parent":0,"menu_order":0,"comment_status":"closed","ping_status":"closed","template":"template-integration.php","meta":{"_lmt_disableupdate":"","_lmt_disable":"","rating_form_position":"","rating_results_position":"","mr_structured_data_type":"","footnotes":""},"class_list":["post-133932","page","type-page","status-publish","has-post-thumbnail","hentry"],"acf":[],"yoast_head":"<!-- This site is optimized with the Yoast SEO plugin v25.3 - https:\/\/yoast.com\/wordpress\/plugins\/seo\/ -->\n<title>Wordpress<\/title>\n<meta name=\"description\" content=\"&nbsp; baixar GRATIS Por que integrar o seu site WordPress com MDirector? A principal vantagem de um plugin WordPress desenhado para otimizar as tuas\" \/>\n<meta name=\"robots\" content=\"noindex, nofollow\" \/>\n<meta property=\"og:locale\" content=\"pt_PT\" \/>\n<meta property=\"og:type\" content=\"article\" \/>\n<meta property=\"og:title\" content=\"Wordpress\" \/>\n<meta property=\"og:description\" content=\"&nbsp; baixar GRATIS Por que integrar o seu site WordPress com MDirector? A principal vantagem de um plugin WordPress desenhado para otimizar as tuas\" \/>\n<meta property=\"og:url\" content=\"https:\/\/www.mdirector.com\/pt\/integracoes\/wordpress\/\" \/>\n<meta property=\"og:site_name\" content=\"MDirector\" \/>\n<meta property=\"article:publisher\" content=\"https:\/\/www.facebook.com\/MDirector.es\" \/>\n<meta property=\"article:modified_time\" content=\"2023-07-07T12:43:34+00:00\" \/>\n<meta property=\"og:image\" content=\"https:\/\/www.mdirector.com\/wp-content\/uploads\/2022\/04\/wordpress.png\" \/>\n\t<meta property=\"og:image:width\" content=\"200\" \/>\n\t<meta property=\"og:image:height\" content=\"200\" \/>\n\t<meta property=\"og:image:type\" content=\"image\/png\" \/>\n<meta name=\"twitter:card\" content=\"summary_large_image\" \/>\n<meta name=\"twitter:site\" content=\"@emailMDirector\" \/>\n<meta name=\"twitter:label1\" content=\"Est. reading time\" \/>\n\t<meta name=\"twitter:data1\" content=\"5 minutes\" \/>\n<script type=\"application\/ld+json\" class=\"yoast-schema-graph\">{\"@context\":\"https:\/\/schema.org\",\"@graph\":[{\"@type\":\"WebPage\",\"@id\":\"https:\/\/www.mdirector.com\/pt\/integracoes\/wordpress\/\",\"url\":\"https:\/\/www.mdirector.com\/pt\/integracoes\/wordpress\/\",\"name\":\"Wordpress\",\"isPartOf\":{\"@id\":\"https:\/\/www.mdirector.com\/pt\/#website\"},\"primaryImageOfPage\":{\"@id\":\"https:\/\/www.mdirector.com\/pt\/integracoes\/wordpress\/#primaryimage\"},\"image\":{\"@id\":\"https:\/\/www.mdirector.com\/pt\/integracoes\/wordpress\/#primaryimage\"},\"thumbnailUrl\":\"https:\/\/www.mdirector.com\/wp-content\/uploads\/2022\/04\/wordpress.png\",\"datePublished\":\"2022-06-01T08:05:09+00:00\",\"dateModified\":\"2023-07-07T12:43:34+00:00\",\"description\":\"&nbsp; baixar GRATIS Por que integrar o seu site WordPress com MDirector? A principal vantagem de um plugin WordPress desenhado para otimizar as tuas\",\"breadcrumb\":{\"@id\":\"https:\/\/www.mdirector.com\/pt\/integracoes\/wordpress\/#breadcrumb\"},\"inLanguage\":\"pt\",\"potentialAction\":[{\"@type\":\"ReadAction\",\"target\":[\"https:\/\/www.mdirector.com\/pt\/integracoes\/wordpress\/\"]}]},{\"@type\":\"ImageObject\",\"inLanguage\":\"pt\",\"@id\":\"https:\/\/www.mdirector.com\/pt\/integracoes\/wordpress\/#primaryimage\",\"url\":\"https:\/\/www.mdirector.com\/wp-content\/uploads\/2022\/04\/wordpress.png\",\"contentUrl\":\"https:\/\/www.mdirector.com\/wp-content\/uploads\/2022\/04\/wordpress.png\",\"width\":200,\"height\":200},{\"@type\":\"BreadcrumbList\",\"@id\":\"https:\/\/www.mdirector.com\/pt\/integracoes\/wordpress\/#breadcrumb\",\"itemListElement\":[{\"@type\":\"ListItem\",\"position\":1,\"name\":\"Inicio\",\"item\":\"https:\/\/www.mdirector.com\/pt\/\"},{\"@type\":\"ListItem\",\"position\":2,\"name\":\"WordPress\"}]},{\"@type\":\"WebSite\",\"@id\":\"https:\/\/www.mdirector.com\/pt\/#website\",\"url\":\"https:\/\/www.mdirector.com\/pt\/\",\"name\":\"MDirector\",\"description\":\"\",\"publisher\":{\"@id\":\"https:\/\/www.mdirector.com\/pt\/#organization\"},\"potentialAction\":[{\"@type\":\"SearchAction\",\"target\":{\"@type\":\"EntryPoint\",\"urlTemplate\":\"https:\/\/www.mdirector.com\/pt\/?s={search_term_string}\"},\"query-input\":{\"@type\":\"PropertyValueSpecification\",\"valueRequired\":true,\"valueName\":\"search_term_string\"}}],\"inLanguage\":\"pt\"},{\"@type\":\"Organization\",\"@id\":\"https:\/\/www.mdirector.com\/pt\/#organization\",\"name\":\"MDirector\",\"url\":\"https:\/\/www.mdirector.com\/pt\/\",\"logo\":{\"@type\":\"ImageObject\",\"inLanguage\":\"pt\",\"@id\":\"https:\/\/www.mdirector.com\/pt\/#\/schema\/logo\/image\/\",\"url\":\"https:\/\/www.mdirector.com\/wp-content\/uploads\/2023\/01\/mdirectorbimi-ok23-tiny-ps.svg\",\"contentUrl\":\"https:\/\/www.mdirector.com\/wp-content\/uploads\/2023\/01\/mdirectorbimi-ok23-tiny-ps.svg\",\"width\":401,\"height\":401,\"caption\":\"MDirector\"},\"image\":{\"@id\":\"https:\/\/www.mdirector.com\/pt\/#\/schema\/logo\/image\/\"},\"sameAs\":[\"https:\/\/www.facebook.com\/MDirector.es\",\"https:\/\/x.com\/emailMDirector\",\"https:\/\/www.linkedin.com\/company\/1373906\/\"]}]}<\/script>\n<!-- \/ Yoast SEO plugin. -->","yoast_head_json":{"title":"Wordpress","description":"&nbsp; baixar GRATIS Por que integrar o seu site WordPress com MDirector? A principal vantagem de um plugin WordPress desenhado para otimizar as tuas","robots":{"index":"noindex","follow":"nofollow"},"og_locale":"pt_PT","og_type":"article","og_title":"Wordpress","og_description":"&nbsp; baixar GRATIS Por que integrar o seu site WordPress com MDirector? A principal vantagem de um plugin WordPress desenhado para otimizar as tuas","og_url":"https:\/\/www.mdirector.com\/pt\/integracoes\/wordpress\/","og_site_name":"MDirector","article_publisher":"https:\/\/www.facebook.com\/MDirector.es","article_modified_time":"2023-07-07T12:43:34+00:00","og_image":[{"width":200,"height":200,"url":"https:\/\/www.mdirector.com\/wp-content\/uploads\/2022\/04\/wordpress.png","type":"image\/png"}],"twitter_card":"summary_large_image","twitter_site":"@emailMDirector","twitter_misc":{"Est. reading time":"5 minutes"},"schema":{"@context":"https:\/\/schema.org","@graph":[{"@type":"WebPage","@id":"https:\/\/www.mdirector.com\/pt\/integracoes\/wordpress\/","url":"https:\/\/www.mdirector.com\/pt\/integracoes\/wordpress\/","name":"Wordpress","isPartOf":{"@id":"https:\/\/www.mdirector.com\/pt\/#website"},"primaryImageOfPage":{"@id":"https:\/\/www.mdirector.com\/pt\/integracoes\/wordpress\/#primaryimage"},"image":{"@id":"https:\/\/www.mdirector.com\/pt\/integracoes\/wordpress\/#primaryimage"},"thumbnailUrl":"https:\/\/www.mdirector.com\/wp-content\/uploads\/2022\/04\/wordpress.png","datePublished":"2022-06-01T08:05:09+00:00","dateModified":"2023-07-07T12:43:34+00:00","description":"&nbsp; baixar GRATIS Por que integrar o seu site WordPress com MDirector? A principal vantagem de um plugin WordPress desenhado para otimizar as tuas","breadcrumb":{"@id":"https:\/\/www.mdirector.com\/pt\/integracoes\/wordpress\/#breadcrumb"},"inLanguage":"pt","potentialAction":[{"@type":"ReadAction","target":["https:\/\/www.mdirector.com\/pt\/integracoes\/wordpress\/"]}]},{"@type":"ImageObject","inLanguage":"pt","@id":"https:\/\/www.mdirector.com\/pt\/integracoes\/wordpress\/#primaryimage","url":"https:\/\/www.mdirector.com\/wp-content\/uploads\/2022\/04\/wordpress.png","contentUrl":"https:\/\/www.mdirector.com\/wp-content\/uploads\/2022\/04\/wordpress.png","width":200,"height":200},{"@type":"BreadcrumbList","@id":"https:\/\/www.mdirector.com\/pt\/integracoes\/wordpress\/#breadcrumb","itemListElement":[{"@type":"ListItem","position":1,"name":"Inicio","item":"https:\/\/www.mdirector.com\/pt\/"},{"@type":"ListItem","position":2,"name":"WordPress"}]},{"@type":"WebSite","@id":"https:\/\/www.mdirector.com\/pt\/#website","url":"https:\/\/www.mdirector.com\/pt\/","name":"MDirector","description":"","publisher":{"@id":"https:\/\/www.mdirector.com\/pt\/#organization"},"potentialAction":[{"@type":"SearchAction","target":{"@type":"EntryPoint","urlTemplate":"https:\/\/www.mdirector.com\/pt\/?s={search_term_string}"},"query-input":{"@type":"PropertyValueSpecification","valueRequired":true,"valueName":"search_term_string"}}],"inLanguage":"pt"},{"@type":"Organization","@id":"https:\/\/www.mdirector.com\/pt\/#organization","name":"MDirector","url":"https:\/\/www.mdirector.com\/pt\/","logo":{"@type":"ImageObject","inLanguage":"pt","@id":"https:\/\/www.mdirector.com\/pt\/#\/schema\/logo\/image\/","url":"https:\/\/www.mdirector.com\/wp-content\/uploads\/2023\/01\/mdirectorbimi-ok23-tiny-ps.svg","contentUrl":"https:\/\/www.mdirector.com\/wp-content\/uploads\/2023\/01\/mdirectorbimi-ok23-tiny-ps.svg","width":401,"height":401,"caption":"MDirector"},"image":{"@id":"https:\/\/www.mdirector.com\/pt\/#\/schema\/logo\/image\/"},"sameAs":["https:\/\/www.facebook.com\/MDirector.es","https:\/\/x.com\/emailMDirector","https:\/\/www.linkedin.com\/company\/1373906\/"]}]}},"multi-rating":{"mr_rating_results":[]},"_links":{"self":[{"href":"https:\/\/www.mdirector.com\/pt\/wp-json\/wp\/v2\/pages\/133932","targetHints":{"allow":["GET"]}}],"collection":[{"href":"https:\/\/www.mdirector.com\/pt\/wp-json\/wp\/v2\/pages"}],"about":[{"href":"https:\/\/www.mdirector.com\/pt\/wp-json\/wp\/v2\/types\/page"}],"author":[{"embeddable":true,"href":"https:\/\/www.mdirector.com\/pt\/wp-json\/wp\/v2\/users\/5"}],"replies":[{"embeddable":true,"href":"https:\/\/www.mdirector.com\/pt\/wp-json\/wp\/v2\/comments?post=133932"}],"version-history":[{"count":0,"href":"https:\/\/www.mdirector.com\/pt\/wp-json\/wp\/v2\/pages\/133932\/revisions"}],"wp:featuredmedia":[{"embeddable":true,"href":"https:\/\/www.mdirector.com\/pt\/wp-json\/wp\/v2\/media\/129364"}],"wp:attachment":[{"href":"https:\/\/www.mdirector.com\/pt\/wp-json\/wp\/v2\/media?parent=133932"}],"curies":[{"name":"wp","href":"https:\/\/api.w.org\/{rel}","templated":true}]}}