{"id":133974,"date":"2022-06-06T09:15:40","date_gmt":"2022-06-06T07:15:40","guid":{"rendered":"https:\/\/www.mdirector.com\/?page_id=133974"},"modified":"2023-07-07T14:46:03","modified_gmt":"2023-07-07T12:46:03","slug":"magento","status":"publish","type":"page","link":"https:\/\/www.mdirector.com\/pt\/integracoes\/magento\/","title":{"rendered":"Magento"},"content":{"rendered":"<p><link rel=\"preload\" as=\"image\" href=\"https:\/\/www.mdirector.com\/wp-content\/uploads\/2023\/07\/magneto-integracion.png\" imagesizes=\"(max-width: 1100px) 100vw, 1100px\" \/><img decoding=\"async\" class=\"alignnone wp-image-148948 size-full\" style=\"margin: 0 !important;\" src=\"https:\/\/www.mdirector.com\/wp-content\/uploads\/2023\/07\/magneto-integracion.png\" alt=\"\" width=\"770\" height=\"480\" srcset=\"https:\/\/www.mdirector.com\/wp-content\/uploads\/2023\/07\/magneto-integracion.png 770w, https:\/\/www.mdirector.com\/wp-content\/uploads\/2023\/07\/magneto-integracion-300x187.png 300w, https:\/\/www.mdirector.com\/wp-content\/uploads\/2023\/07\/magneto-integracion-768x479.png 768w\" sizes=\"(max-width: 770px) 100vw, 770px\" \/><br \/>\n&nbsp;<\/p>\n<p style=\"text-align: center;\"><a class=\"o-button--secondary\" style=\"color: #ffffff; text-decoration: none;\" href=\"https:\/\/www.mdirector.com\/wp-content\/uploads\/2022\/06\/magento-mdirector-6.zip\" download=\"\">baixar GRATIS<\/a><\/p>\n<h2>Por que integrar o seu ecommerce Magento com MDirector?<\/h2>\n<p>Gerar campanhas eficazes de Email Marketing e SMS, <strong>sincronizando em tempo real a sua base de dados em MDirector a partir das informa\u00e7\u00f5es armazenadas no Magento.<\/strong> Com a informa\u00e7\u00e3o dos seus grupos de clientes, pode realizar a\u00e7\u00f5es de marketing por correio eletr\u00f3nico direcionadas e segmentadas.<\/p>\n<p>O m\u00f3dulo &#8220;Extens\u00e3o Magento&#8221; para newsletter &amp; e-mail marketing da MDirector permite a comunica\u00e7\u00e3o entre as plataformas para poupar tempo e tirar partido das oportunidades de venda.<\/p>\n<p>Gra\u00e7as ao seu<strong> pixel de rastreio<\/strong>, poder\u00e1 obter a <strong>informa\u00e7\u00e3o sobre as compras dos seus clientes do com\u00e9rcio eletr\u00f3nico Magento<\/strong> e v\u00ea-la no painel de estat\u00edsticas MDirector.<\/p>\n<p>No seu painel de instrumentos Magento, poder\u00e1 identificar o tr\u00e1fego proveniente do MDirector a partir de uma campanha espec\u00edfica de marketing por correio eletr\u00f3nico que tenha realizado.<\/p>\n<h2>Caracter\u00edsticas<\/h2>\n<h3>Bem-vindo ao e-mail de novos contactos da MDirector.<\/h3>\n<p>A partir de agora pode optar por enviar um e-mail de boas-vindas atrav\u00e9s do MDirector a todos os utilizadores que se inscrevam atrav\u00e9s do formul\u00e1rio da sua loja online.<\/p>\n<h3>Sincroniza\u00e7\u00e3o de anula\u00e7\u00f5es de inscri\u00e7\u00e3o de MDirector para Magento.<\/h3>\n<p>Com um processo autom\u00e1tico, uma vez por dia, os cancelamentos s\u00e3o sincronizados e ambos os sistemas s\u00e3o mantidos atualizados.<\/p>\n<h3>Relat\u00f3rios avan\u00e7ados.<\/h3>\n<p>Me\u00e7a os seus objetivos de vendas (n\u00famero de produtos vendidos, quantidade total de vendas e ID do produto) de cada um dos seus envios, apenas ativando o p\u00edxel de vendas no m\u00f3dulo.<\/p>\n<h2>Instala\u00e7\u00e3o e recomenda\u00e7\u00f5es<\/h2>\n<h3>Recomenda\u00e7\u00f5es para uma correta instala\u00e7\u00e3o da extens\u00e3o<\/h3>\n<ul>\n<li><b>Descarregar o plugin MDirector para Magento 2<\/b><\/li>\n<li><b><\/b>Visite <a href=\"https:\/\/marketplace.magento.com\/mdirector-mdirector.html\">https:\/\/marketplace.magento.com\/mdirector-mdirector.html<\/a> e descarregue o plugin.<\/li>\n<li><b>Descarregar o plugin MDirector para Magento nas vers\u00f5es anteriores\u00a0<\/b><\/li>\n<li><b><\/b><span style=\"font-weight: 400;\">Preencha os seus dados no formul\u00e1rio e descarregue o plugin gratuitamente.<\/span><\/li>\n<li>Compat\u00edvel com a vers\u00e3o 1.8x e 1.9x de Magento CE.<\/li>\n<li>Compat\u00edvel com a vers\u00e3o 1.11x, 1.12x, 1.13x e 1.14x de Magento EE.<\/li>\n<li>Seguindo o guia de Magento, recomendamos fazer um BACKUP DE ARQUIVOS E DA BASE DE DADOS antes de instalar qualquer nova extens\u00e3o.<\/li>\n<\/ul>\n<h2>Instala\u00e7\u00e3o<\/h2>\n<ul>\n<li>Una vez que disponha do arquivo comprimido tipo zip da extens\u00e3o, dever\u00e1 descomprimir tal arquivo e no seu interior poder\u00e1 ver 2 pastas:\n<ul>\n<li>app<\/li>\n<li>js<\/li>\n<\/ul>\n<\/li>\n<li>Em caso de ter a compila\u00e7\u00e3o ativada, dever\u00e1 desabilit\u00e1-la antes de realizar a instala\u00e7\u00e3o.<\/li>\n<li>Agora dever\u00e1 acessar ao diret\u00f3rio onde esteja instalado o teu Magento e copiar estas 2 pastas nele.<\/li>\n<li>Em caso de ter a cache habilitada, agora deveria limp\u00e1-la. Para isso dever ir a sistema \u2192 gestor da cache e clicar sobre o bot\u00e3o<strong> Flush Magento Cache.<\/strong><\/li>\n<\/ul>\n<h2>Cria\u00e7\u00e3o de uma conta em MD<\/h2>\n<p>Para poder utilizar a extens\u00e3o \u00e9 necess\u00e1rio ter uma conta criada em MDirector. As credenciais para que a extens\u00e3o funcione se obtenham com uma conta Pro o Total.<\/p>\n<p>Tr\u00eas poss\u00edveis casos:<\/p>\n<p><strong>J\u00e1 tenho uma conta em MDirector Pro ou Total:<\/strong> Neste caso somente dever\u00e1 solicitar o acesso \u00e0 API, posteriormente encontrar\u00e1 o acesso como mostra \u00e0 ilustra\u00e7\u00e3o.<\/p>\n<p><strong>Tenho uma conta MD FREE:<\/strong> Somente ter\u00e1 que atualizar o teu tipo de conta a Pro ou Total e seguir o passo anterior.<\/p>\n<p><strong>N\u00e3o tenho conta em MDirector.<\/strong> Neste caso ser\u00e1 necess\u00e1rio que crie uma conta desde MDirector.com que te dar\u00e1 de alta com uma conta MD Free e a partir de a\u00ed seguir os passos anteriores.<\/p>\n<h3>Configura\u00e7\u00e3o da extens\u00e3o<\/h3>\n<p>Para configurar o m\u00f3dulo deve ir a:<\/p>\n<p>Sistema \u2192 Configura\u00e7\u00e3o \u2192 Interactiv4 \u2192 MDirector<\/p>\n<p>Estes s\u00e3o os campos que vai encontrar:<\/p>\n<h3>Geral<\/h3>\n<ul>\n<li><strong>Enabled (habilitado).<\/strong> Permite ativar e desativar a extens\u00e3o.<\/li>\n<li><strong>Consumer key.<\/strong> Indica a senha necess\u00e1ria para conectar-se com MDirector (Proporcionada no painel de administra\u00e7\u00e3o de MDirector).<\/li>\n<li><strong>Consumer secret<\/strong>. Indica o n\u00famero secreto necess\u00e1rio para conectar-se com MDirector (Proporcionada no painel de administra\u00e7\u00e3o de MDirector).<\/li>\n<li><strong>Lista por defeito<\/strong>. Indic\u00e3 a lista por defeito na que a extens\u00e3o armazenar\u00e1 a informa\u00e7\u00e3o dos clientes se n\u00e3o est\u00e1 atribu\u00eddo a um grupo de clientes.<\/li>\n<li><strong>Listar por grupo de clientes.<\/strong> Permite atribuir a listas em MDirector grupos de clientes em Magento.<\/li>\n<li><strong>Campos de contacto<\/strong>. Permite relacionar os campos de contacto da base de dados de MDirector com os campos de contacto dos clientes em Magento. Para adicionar uma nova rela\u00e7\u00e3o selecionar \u201cAdicionar atributo\u201d e selecionar os campos a relacionar.<\/li>\n<\/ul>\n<h3>P\u00edxel para seguimento de vendas<\/h3>\n<p>Um p\u00edxel de seguimento \u00e9 uma imagem invis\u00edvel que permite buscar informa\u00e7\u00e3o sobre as compras de cada cliente.<\/p>\n<ul>\n<li><strong>Enabled (habilitado).<\/strong> Para ativar e desativar a inser\u00e7\u00e3o do p\u00edxel de seguimento.<\/li>\n<li><strong>Par\u00e2metro para identificar o tr\u00e1fico de MDirector.<\/strong> Nome do par\u00e2metro para identificar o tr\u00e1fico na sua posterior an\u00e1lises (por defeito: utm_source=mdirector)<\/li>\n<\/ul>\n<p><strong>Traz realizar as mudan\u00e7as necess\u00e1rias n\u00e3o se esquecer de salvar a configura\u00e7\u00e3o (esquina superior direita)<\/strong><\/p>\n<h2>Cria\u00e7\u00e3o das listas para grupos de clientes<\/h2>\n<p>Para atribuir um grupo de clientes a uma lista deve clicar em \u201cAdd List (Criar Lista)\u201d. Aparecer\u00e1 uma nova fila em que ter\u00e1 que selecionar a lista em que queremos que se atribuam os grupos de clientes e o grupo de clientes de Magento. Se desejar usar um grupo de clientes diferentes aos preestabelecidos \u00e9 necess\u00e1rio cri\u00e1-lo previamente em Customers\u2192Customers group<\/p>\n<p><img decoding=\"async\" class=\"wp-image-133762 size-large aligncenter\" src=\"https:\/\/www.mdirector.com\/wp-content\/uploads\/2022\/06\/magento-imagen-4-en-1024x224.png\" alt=\"\" width=\"1024\" height=\"224\" srcset=\"https:\/\/www.mdirector.com\/wp-content\/uploads\/2022\/06\/magento-imagen-4-en-1024x224.png 1024w, https:\/\/www.mdirector.com\/wp-content\/uploads\/2022\/06\/magento-imagen-4-en-300x66.png 300w, https:\/\/www.mdirector.com\/wp-content\/uploads\/2022\/06\/magento-imagen-4-en-768x168.png 768w, https:\/\/www.mdirector.com\/wp-content\/uploads\/2022\/06\/magento-imagen-4-en.png 1168w\" sizes=\"(max-width: 1024px) 100vw, 1024px\" \/><\/p>\n<p><strong>Traz realizar as mudan\u00e7as necess\u00e1rias n\u00e3o se esquecer de salvar a configura\u00e7\u00e3o (esquina superior direita).<\/strong><\/p>\n<h2>Guia de erros mais comuns<\/h2>\n<h3>Relat\u00f3rio erros<\/h3>\n<p>Se tem que informar qualquer erro ou incidencia, inclua screenshots, logs ou os que considere necessario para a resolucao da misma. Os logs se encontram em \/var\/log e se ativam em:<\/p>\n<p>Sistema \u2192 Configura\u00e7\u00e3o \u2192 Desenvolvedor \u2192 Configura\u00e7\u00e3o dos logs<\/p>\n","protected":false},"excerpt":{"rendered":"<p>&nbsp; baixar GRATIS Por que integrar o seu ecommerce Magento com MDirector? Gerar campanhas eficazes de Email Marketing e SMS, sincronizando em tempo real a sua base de dados em MDirector a partir das informa\u00e7\u00f5es [&hellip;]<\/p>\n","protected":false},"author":5,"featured_media":129354,"parent":0,"menu_order":0,"comment_status":"closed","ping_status":"closed","template":"template-integration.php","meta":{"_lmt_disableupdate":"","_lmt_disable":"","rating_form_position":"","rating_results_position":"","mr_structured_data_type":"","footnotes":""},"class_list":["post-133974","page","type-page","status-publish","has-post-thumbnail","hentry"],"acf":[],"yoast_head":"<!-- This site is optimized with the Yoast SEO plugin v25.3 - https:\/\/yoast.com\/wordpress\/plugins\/seo\/ -->\n<title>Magento<\/title>\n<meta name=\"description\" content=\"&nbsp; baixar GRATIS Por que integrar o seu ecommerce Magento com MDirector? Gerar campanhas eficazes de Email Marketing e SMS, sincronizando em tempo\" \/>\n<meta name=\"robots\" content=\"noindex, nofollow\" \/>\n<meta property=\"og:locale\" content=\"pt_PT\" \/>\n<meta property=\"og:type\" content=\"article\" \/>\n<meta property=\"og:title\" content=\"Magento\" \/>\n<meta property=\"og:description\" content=\"&nbsp; baixar GRATIS Por que integrar o seu ecommerce Magento com MDirector? Gerar campanhas eficazes de Email Marketing e SMS, sincronizando em tempo\" \/>\n<meta property=\"og:url\" content=\"https:\/\/www.mdirector.com\/pt\/integracoes\/magento\/\" \/>\n<meta property=\"og:site_name\" content=\"MDirector\" \/>\n<meta property=\"article:publisher\" content=\"https:\/\/www.facebook.com\/MDirector.es\" \/>\n<meta property=\"article:modified_time\" content=\"2023-07-07T12:46:03+00:00\" \/>\n<meta property=\"og:image\" content=\"https:\/\/www.mdirector.com\/wp-content\/uploads\/2022\/04\/magento.png\" \/>\n\t<meta property=\"og:image:width\" content=\"200\" \/>\n\t<meta property=\"og:image:height\" content=\"200\" \/>\n\t<meta property=\"og:image:type\" content=\"image\/png\" \/>\n<meta name=\"twitter:card\" content=\"summary_large_image\" \/>\n<meta name=\"twitter:site\" content=\"@emailMDirector\" \/>\n<meta name=\"twitter:label1\" content=\"Est. reading time\" \/>\n\t<meta name=\"twitter:data1\" content=\"6 minutes\" \/>\n<script type=\"application\/ld+json\" class=\"yoast-schema-graph\">{\"@context\":\"https:\/\/schema.org\",\"@graph\":[{\"@type\":\"WebPage\",\"@id\":\"https:\/\/www.mdirector.com\/pt\/integracoes\/magento\/\",\"url\":\"https:\/\/www.mdirector.com\/pt\/integracoes\/magento\/\",\"name\":\"Magento\",\"isPartOf\":{\"@id\":\"https:\/\/www.mdirector.com\/pt\/#website\"},\"primaryImageOfPage\":{\"@id\":\"https:\/\/www.mdirector.com\/pt\/integracoes\/magento\/#primaryimage\"},\"image\":{\"@id\":\"https:\/\/www.mdirector.com\/pt\/integracoes\/magento\/#primaryimage\"},\"thumbnailUrl\":\"https:\/\/www.mdirector.com\/wp-content\/uploads\/2022\/04\/magento.png\",\"datePublished\":\"2022-06-06T07:15:40+00:00\",\"dateModified\":\"2023-07-07T12:46:03+00:00\",\"description\":\"&nbsp; baixar GRATIS Por que integrar o seu ecommerce Magento com MDirector? Gerar campanhas eficazes de Email Marketing e SMS, sincronizando em tempo\",\"breadcrumb\":{\"@id\":\"https:\/\/www.mdirector.com\/pt\/integracoes\/magento\/#breadcrumb\"},\"inLanguage\":\"pt\",\"potentialAction\":[{\"@type\":\"ReadAction\",\"target\":[\"https:\/\/www.mdirector.com\/pt\/integracoes\/magento\/\"]}]},{\"@type\":\"ImageObject\",\"inLanguage\":\"pt\",\"@id\":\"https:\/\/www.mdirector.com\/pt\/integracoes\/magento\/#primaryimage\",\"url\":\"https:\/\/www.mdirector.com\/wp-content\/uploads\/2022\/04\/magento.png\",\"contentUrl\":\"https:\/\/www.mdirector.com\/wp-content\/uploads\/2022\/04\/magento.png\",\"width\":200,\"height\":200},{\"@type\":\"BreadcrumbList\",\"@id\":\"https:\/\/www.mdirector.com\/pt\/integracoes\/magento\/#breadcrumb\",\"itemListElement\":[{\"@type\":\"ListItem\",\"position\":1,\"name\":\"Inicio\",\"item\":\"https:\/\/www.mdirector.com\/pt\/\"},{\"@type\":\"ListItem\",\"position\":2,\"name\":\"Magento\"}]},{\"@type\":\"WebSite\",\"@id\":\"https:\/\/www.mdirector.com\/pt\/#website\",\"url\":\"https:\/\/www.mdirector.com\/pt\/\",\"name\":\"MDirector\",\"description\":\"\",\"publisher\":{\"@id\":\"https:\/\/www.mdirector.com\/pt\/#organization\"},\"potentialAction\":[{\"@type\":\"SearchAction\",\"target\":{\"@type\":\"EntryPoint\",\"urlTemplate\":\"https:\/\/www.mdirector.com\/pt\/?s={search_term_string}\"},\"query-input\":{\"@type\":\"PropertyValueSpecification\",\"valueRequired\":true,\"valueName\":\"search_term_string\"}}],\"inLanguage\":\"pt\"},{\"@type\":\"Organization\",\"@id\":\"https:\/\/www.mdirector.com\/pt\/#organization\",\"name\":\"MDirector\",\"url\":\"https:\/\/www.mdirector.com\/pt\/\",\"logo\":{\"@type\":\"ImageObject\",\"inLanguage\":\"pt\",\"@id\":\"https:\/\/www.mdirector.com\/pt\/#\/schema\/logo\/image\/\",\"url\":\"https:\/\/www.mdirector.com\/wp-content\/uploads\/2023\/01\/mdirectorbimi-ok23-tiny-ps.svg\",\"contentUrl\":\"https:\/\/www.mdirector.com\/wp-content\/uploads\/2023\/01\/mdirectorbimi-ok23-tiny-ps.svg\",\"width\":401,\"height\":401,\"caption\":\"MDirector\"},\"image\":{\"@id\":\"https:\/\/www.mdirector.com\/pt\/#\/schema\/logo\/image\/\"},\"sameAs\":[\"https:\/\/www.facebook.com\/MDirector.es\",\"https:\/\/x.com\/emailMDirector\",\"https:\/\/www.linkedin.com\/company\/1373906\/\"]}]}<\/script>\n<!-- \/ Yoast SEO plugin. -->","yoast_head_json":{"title":"Magento","description":"&nbsp; baixar GRATIS Por que integrar o seu ecommerce Magento com MDirector? Gerar campanhas eficazes de Email Marketing e SMS, sincronizando em tempo","robots":{"index":"noindex","follow":"nofollow"},"og_locale":"pt_PT","og_type":"article","og_title":"Magento","og_description":"&nbsp; baixar GRATIS Por que integrar o seu ecommerce Magento com MDirector? Gerar campanhas eficazes de Email Marketing e SMS, sincronizando em tempo","og_url":"https:\/\/www.mdirector.com\/pt\/integracoes\/magento\/","og_site_name":"MDirector","article_publisher":"https:\/\/www.facebook.com\/MDirector.es","article_modified_time":"2023-07-07T12:46:03+00:00","og_image":[{"width":200,"height":200,"url":"https:\/\/www.mdirector.com\/wp-content\/uploads\/2022\/04\/magento.png","type":"image\/png"}],"twitter_card":"summary_large_image","twitter_site":"@emailMDirector","twitter_misc":{"Est. reading time":"6 minutes"},"schema":{"@context":"https:\/\/schema.org","@graph":[{"@type":"WebPage","@id":"https:\/\/www.mdirector.com\/pt\/integracoes\/magento\/","url":"https:\/\/www.mdirector.com\/pt\/integracoes\/magento\/","name":"Magento","isPartOf":{"@id":"https:\/\/www.mdirector.com\/pt\/#website"},"primaryImageOfPage":{"@id":"https:\/\/www.mdirector.com\/pt\/integracoes\/magento\/#primaryimage"},"image":{"@id":"https:\/\/www.mdirector.com\/pt\/integracoes\/magento\/#primaryimage"},"thumbnailUrl":"https:\/\/www.mdirector.com\/wp-content\/uploads\/2022\/04\/magento.png","datePublished":"2022-06-06T07:15:40+00:00","dateModified":"2023-07-07T12:46:03+00:00","description":"&nbsp; baixar GRATIS Por que integrar o seu ecommerce Magento com MDirector? Gerar campanhas eficazes de Email Marketing e SMS, sincronizando em tempo","breadcrumb":{"@id":"https:\/\/www.mdirector.com\/pt\/integracoes\/magento\/#breadcrumb"},"inLanguage":"pt","potentialAction":[{"@type":"ReadAction","target":["https:\/\/www.mdirector.com\/pt\/integracoes\/magento\/"]}]},{"@type":"ImageObject","inLanguage":"pt","@id":"https:\/\/www.mdirector.com\/pt\/integracoes\/magento\/#primaryimage","url":"https:\/\/www.mdirector.com\/wp-content\/uploads\/2022\/04\/magento.png","contentUrl":"https:\/\/www.mdirector.com\/wp-content\/uploads\/2022\/04\/magento.png","width":200,"height":200},{"@type":"BreadcrumbList","@id":"https:\/\/www.mdirector.com\/pt\/integracoes\/magento\/#breadcrumb","itemListElement":[{"@type":"ListItem","position":1,"name":"Inicio","item":"https:\/\/www.mdirector.com\/pt\/"},{"@type":"ListItem","position":2,"name":"Magento"}]},{"@type":"WebSite","@id":"https:\/\/www.mdirector.com\/pt\/#website","url":"https:\/\/www.mdirector.com\/pt\/","name":"MDirector","description":"","publisher":{"@id":"https:\/\/www.mdirector.com\/pt\/#organization"},"potentialAction":[{"@type":"SearchAction","target":{"@type":"EntryPoint","urlTemplate":"https:\/\/www.mdirector.com\/pt\/?s={search_term_string}"},"query-input":{"@type":"PropertyValueSpecification","valueRequired":true,"valueName":"search_term_string"}}],"inLanguage":"pt"},{"@type":"Organization","@id":"https:\/\/www.mdirector.com\/pt\/#organization","name":"MDirector","url":"https:\/\/www.mdirector.com\/pt\/","logo":{"@type":"ImageObject","inLanguage":"pt","@id":"https:\/\/www.mdirector.com\/pt\/#\/schema\/logo\/image\/","url":"https:\/\/www.mdirector.com\/wp-content\/uploads\/2023\/01\/mdirectorbimi-ok23-tiny-ps.svg","contentUrl":"https:\/\/www.mdirector.com\/wp-content\/uploads\/2023\/01\/mdirectorbimi-ok23-tiny-ps.svg","width":401,"height":401,"caption":"MDirector"},"image":{"@id":"https:\/\/www.mdirector.com\/pt\/#\/schema\/logo\/image\/"},"sameAs":["https:\/\/www.facebook.com\/MDirector.es","https:\/\/x.com\/emailMDirector","https:\/\/www.linkedin.com\/company\/1373906\/"]}]}},"multi-rating":{"mr_rating_results":[]},"_links":{"self":[{"href":"https:\/\/www.mdirector.com\/pt\/wp-json\/wp\/v2\/pages\/133974","targetHints":{"allow":["GET"]}}],"collection":[{"href":"https:\/\/www.mdirector.com\/pt\/wp-json\/wp\/v2\/pages"}],"about":[{"href":"https:\/\/www.mdirector.com\/pt\/wp-json\/wp\/v2\/types\/page"}],"author":[{"embeddable":true,"href":"https:\/\/www.mdirector.com\/pt\/wp-json\/wp\/v2\/users\/5"}],"replies":[{"embeddable":true,"href":"https:\/\/www.mdirector.com\/pt\/wp-json\/wp\/v2\/comments?post=133974"}],"version-history":[{"count":0,"href":"https:\/\/www.mdirector.com\/pt\/wp-json\/wp\/v2\/pages\/133974\/revisions"}],"wp:featuredmedia":[{"embeddable":true,"href":"https:\/\/www.mdirector.com\/pt\/wp-json\/wp\/v2\/media\/129354"}],"wp:attachment":[{"href":"https:\/\/www.mdirector.com\/pt\/wp-json\/wp\/v2\/media?parent=133974"}],"curies":[{"name":"wp","href":"https:\/\/api.w.org\/{rel}","templated":true}]}}