{"id":134007,"date":"2022-06-06T13:13:13","date_gmt":"2022-06-06T11:13:13","guid":{"rendered":"https:\/\/www.mdirector.com\/?page_id=134007"},"modified":"2023-07-07T14:39:59","modified_gmt":"2023-07-07T12:39:59","slug":"zapier","status":"publish","type":"page","link":"https:\/\/www.mdirector.com\/pt\/integracoes\/zapier\/","title":{"rendered":"Zapier"},"content":{"rendered":"<p><link rel=\"preload\" as=\"image\" href=\"https:\/\/www.mdirector.com\/wp-content\/uploads\/2023\/07\/zapier-integracion.png\" imagesizes=\"(max-width: 1100px) 100vw, 1100px\" \/><img decoding=\"async\" class=\"alignnone wp-image-148960 size-full\" style=\"margin: 0 !important;\" src=\"https:\/\/www.mdirector.com\/wp-content\/uploads\/2023\/07\/zapier-integracion.png\" alt=\"\" width=\"770\" height=\"480\" srcset=\"https:\/\/www.mdirector.com\/wp-content\/uploads\/2023\/07\/zapier-integracion.png 770w, https:\/\/www.mdirector.com\/wp-content\/uploads\/2023\/07\/zapier-integracion-300x187.png 300w, https:\/\/www.mdirector.com\/wp-content\/uploads\/2023\/07\/zapier-integracion-768x479.png 768w\" sizes=\"(max-width: 770px) 100vw, 770px\" \/><\/p>\n<p>Por exemplo, se receber in\u00fameros anexos nos e-mails que chegam \u00e0 sua conta. Se quisesse salv\u00e1-los no Dropbox teria de o fazer manualmente, mas Zapier poderia automatizar esta ac\u00e7\u00e3o e trazer todos os anexos do Gmail para o Dropbox, poupando muito tempo e esfor\u00e7o.<\/p>\n<p>Existe um plano gratuito, que pode ser actualizado para um plano mais avan\u00e7ado, dependendo do sistema que se pretende ligar, do n\u00famero de integra\u00e7\u00f5es que se pretende construir, do n\u00famero de tarefas e da frequ\u00eancia com que se pretende que sejam executadas.<\/p>\n<h3>Vantagens da utiliza\u00e7\u00e3o de Zapier<\/h3>\n<ul>\n<li><strong>Integrar<\/strong>: Ligue as suas aplica\u00e7\u00f5es \u2018web\u2019 em poucos cliques para poderem partilhar os seus dados.<\/li>\n<li><strong>Automatizar<\/strong>: Troque informa\u00e7\u00f5es entre as suas aplica\u00e7\u00f5es com fluxos de trabalho tamb\u00e9m chamados Zaps.<\/li>\n<li><strong>Inova\u00e7\u00e3o<\/strong>: Criar processos mais rapidamente sem a necessidade de c\u00f3digo.<\/li>\n<\/ul>\n<h3>Integra\u00e7\u00e3o dos servi\u00e7os MDirector com Zapier<\/h3>\n<p>Se tiver uma base de dados, um CRM, um CMS ou qualquer outro sistema onde armazene dados, gra\u00e7as a esta nova integra\u00e7\u00e3o de servi\u00e7os, poder\u00e1 envi\u00e1-los f\u00e1cil e economicamente para MDirector. Com esta integra\u00e7\u00e3o, por exemplo, poderia automatizar a anula\u00e7\u00e3o de contactos a serem enviados diretamente para Zapier.<\/p>\n<h3>Tr\u00eas tipos de integra\u00e7\u00f5es<\/h3>\n<ul>\n<li><strong>Desencadeadores<\/strong>: Ac\u00e7\u00f5es que acontecem no MDirector (registo de um contacto, uma abertura, etc.) e que s\u00e3o enviadas para Zapier para que possam ser utilizadas em Zaps.<\/li>\n<li><strong>Pesquisadores<\/strong>: Pesquisas que podem ser realizadas na API (pesquisar um contacto no MDirector, obter as listas&#8230;).<\/li>\n<li><strong>Ac\u00e7\u00f5es\/Cria\u00e7\u00f5es<\/strong>: Criar novos elementos na API (Adicionar um contacto no MDirector, Apagar um contacto no MDirector, etc.).<\/li>\n<\/ul>\n<p>Para utilizar os servi\u00e7os MDirector dispon\u00edveis no Zapier, \u00e9 necess\u00e1rio ter uma conta MDirector MD PRO ou MD TOTAL com API activada, uma vez que no processo de cria\u00e7\u00e3o de Zaps ter\u00e1 de introduzir o utilizador API e a chave API para que Zapier possa integrar o seu sistema com MDirector.<\/p>\n<p style=\"text-align: center;\"><a class=\"o-button--secondary\" style=\"text-decoration: none;\" href=\"https:\/\/zapier.com\/apps\/mdirector\/integrations\">Integrar Zapier com MDirector<\/a><\/p>\n<h2>Servi\u00e7os dispon\u00edveis para Email Marketing e Landing Optimizer do MDirector<\/h2>\n<p>Abaixo explicamos todos os servi\u00e7os atualmente dispon\u00edveis para Email Marketing e Landing Optimizer:<\/p>\n<h3>A\u00e7\u00f5es<\/h3>\n<ul>\n<li><strong>Criar\/atualizar contacto<\/strong>: adicionar ou modificar um contacto numa lista.<\/li>\n<li><strong>Anular a subscri\u00e7\u00e3o de um contacto<\/strong>: anular a subscri\u00e7\u00e3o de um contacto.<\/li>\n<li><strong>Criar uma lista<\/strong>: criar uma nova lista de contactos.<\/li>\n<\/ul>\n<h3>Pesquisa<\/h3>\n<ul>\n<li><strong>Encontrar um contacto:<\/strong> encontrar um contacto numa lista.<\/li>\n<\/ul>\n<h3>Activadores<\/h3>\n<ul>\n<li><strong>Novo chumbo adicionado<\/strong>: novo recorde em Landing Optimizer.<\/li>\n<li><strong>Obter P\u00e1ginas de Aterragem:<\/strong> devolve uma lista de aterragens.<\/li>\n<li><strong>Novo contacto adicionado<\/strong>: foi criado um novo contacto dentro de uma lista.<\/li>\n<li><strong>Contacto criado ou atualizado<\/strong>: foi criado ou atualizado um contacto dentro de uma lista.<\/li>\n<li><strong>Contacto de entrega enviado:<\/strong> uma entrega foi enviada a um contacto.<\/li>\n<li><strong>O contacto abriu um e-mail numa Entrega:<\/strong> um contacto abriu um e-mail numa Entrega<\/li>\n<li><strong>O contacto clicou num e-mail numa Entrega<\/strong><\/li>\n<li><strong>Contacto N\u00e3o inscrito: o contacto n\u00e3o se inscreveu na comunica\u00e7\u00e3o<\/strong>.<\/li>\n<li><strong>Contacto Atualizado:<\/strong> um contacto foi atualizado dentro de uma lista.<\/li>\n<li><strong>Entrega de contactos falhada<\/strong>: desencadeada quando o endere\u00e7o de um contacto \u00e9 devolvido.<\/li>\n<\/ul>\n<p>Ganhar\u00e1 em velocidade, qualidade e tudo ser\u00e1 muito mais f\u00e1cil se integrar os servi\u00e7os MDirector com Zapier. Se ainda n\u00e3o estiver a utilizar esta t\u00e9cnica, introduza MDirector e solicite informa\u00e7\u00f5es para que possa integrar os servi\u00e7os MDirector com Zapier.<\/p>\n","protected":false},"excerpt":{"rendered":"<p>Por exemplo, se receber in\u00fameros anexos nos e-mails que chegam \u00e0 sua conta. Se quisesse salv\u00e1-los no Dropbox teria de o fazer manualmente, mas Zapier poderia automatizar esta ac\u00e7\u00e3o e trazer todos os anexos do [&hellip;]<\/p>\n","protected":false},"author":5,"featured_media":129369,"parent":0,"menu_order":0,"comment_status":"closed","ping_status":"closed","template":"template-integration.php","meta":{"_lmt_disableupdate":"","_lmt_disable":"","rating_form_position":"","rating_results_position":"","mr_structured_data_type":"","footnotes":""},"class_list":["post-134007","page","type-page","status-publish","has-post-thumbnail","hentry"],"acf":[],"yoast_head":"<!-- This site is optimized with the Yoast SEO plugin v25.3 - https:\/\/yoast.com\/wordpress\/plugins\/seo\/ -->\n<title>Zapier<\/title>\n<meta name=\"description\" content=\"Por exemplo, se receber in\u00fameros anexos nos e-mails que chegam \u00e0 sua conta. Se quisesse salv\u00e1-los no Dropbox teria de o fazer manualmente, mas Zapier\" \/>\n<meta name=\"robots\" content=\"noindex, nofollow\" \/>\n<meta property=\"og:locale\" content=\"pt_PT\" \/>\n<meta property=\"og:type\" content=\"article\" \/>\n<meta property=\"og:title\" content=\"Zapier\" \/>\n<meta property=\"og:description\" content=\"Por exemplo, se receber in\u00fameros anexos nos e-mails que chegam \u00e0 sua conta. Se quisesse salv\u00e1-los no Dropbox teria de o fazer manualmente, mas Zapier\" \/>\n<meta property=\"og:url\" content=\"https:\/\/www.mdirector.com\/pt\/integracoes\/zapier\/\" \/>\n<meta property=\"og:site_name\" content=\"MDirector\" \/>\n<meta property=\"article:publisher\" content=\"https:\/\/www.facebook.com\/MDirector.es\" \/>\n<meta property=\"article:modified_time\" content=\"2023-07-07T12:39:59+00:00\" \/>\n<meta property=\"og:image\" content=\"https:\/\/www.mdirector.com\/wp-content\/uploads\/2022\/04\/zapier-1.png\" \/>\n\t<meta property=\"og:image:width\" content=\"200\" \/>\n\t<meta property=\"og:image:height\" content=\"200\" \/>\n\t<meta property=\"og:image:type\" content=\"image\/png\" \/>\n<meta name=\"twitter:card\" content=\"summary_large_image\" \/>\n<meta name=\"twitter:site\" content=\"@emailMDirector\" \/>\n<meta name=\"twitter:label1\" content=\"Est. reading time\" \/>\n\t<meta name=\"twitter:data1\" content=\"4 minutes\" \/>\n<script type=\"application\/ld+json\" class=\"yoast-schema-graph\">{\"@context\":\"https:\/\/schema.org\",\"@graph\":[{\"@type\":\"WebPage\",\"@id\":\"https:\/\/www.mdirector.com\/pt\/integracoes\/zapier\/\",\"url\":\"https:\/\/www.mdirector.com\/pt\/integracoes\/zapier\/\",\"name\":\"Zapier\",\"isPartOf\":{\"@id\":\"https:\/\/www.mdirector.com\/pt\/#website\"},\"primaryImageOfPage\":{\"@id\":\"https:\/\/www.mdirector.com\/pt\/integracoes\/zapier\/#primaryimage\"},\"image\":{\"@id\":\"https:\/\/www.mdirector.com\/pt\/integracoes\/zapier\/#primaryimage\"},\"thumbnailUrl\":\"https:\/\/www.mdirector.com\/wp-content\/uploads\/2022\/04\/zapier-1.png\",\"datePublished\":\"2022-06-06T11:13:13+00:00\",\"dateModified\":\"2023-07-07T12:39:59+00:00\",\"description\":\"Por exemplo, se receber in\u00fameros anexos nos e-mails que chegam \u00e0 sua conta. Se quisesse salv\u00e1-los no Dropbox teria de o fazer manualmente, mas Zapier\",\"breadcrumb\":{\"@id\":\"https:\/\/www.mdirector.com\/pt\/integracoes\/zapier\/#breadcrumb\"},\"inLanguage\":\"pt\",\"potentialAction\":[{\"@type\":\"ReadAction\",\"target\":[\"https:\/\/www.mdirector.com\/pt\/integracoes\/zapier\/\"]}]},{\"@type\":\"ImageObject\",\"inLanguage\":\"pt\",\"@id\":\"https:\/\/www.mdirector.com\/pt\/integracoes\/zapier\/#primaryimage\",\"url\":\"https:\/\/www.mdirector.com\/wp-content\/uploads\/2022\/04\/zapier-1.png\",\"contentUrl\":\"https:\/\/www.mdirector.com\/wp-content\/uploads\/2022\/04\/zapier-1.png\",\"width\":200,\"height\":200},{\"@type\":\"BreadcrumbList\",\"@id\":\"https:\/\/www.mdirector.com\/pt\/integracoes\/zapier\/#breadcrumb\",\"itemListElement\":[{\"@type\":\"ListItem\",\"position\":1,\"name\":\"Inicio\",\"item\":\"https:\/\/www.mdirector.com\/pt\/\"},{\"@type\":\"ListItem\",\"position\":2,\"name\":\"Zapier\"}]},{\"@type\":\"WebSite\",\"@id\":\"https:\/\/www.mdirector.com\/pt\/#website\",\"url\":\"https:\/\/www.mdirector.com\/pt\/\",\"name\":\"MDirector\",\"description\":\"\",\"publisher\":{\"@id\":\"https:\/\/www.mdirector.com\/pt\/#organization\"},\"potentialAction\":[{\"@type\":\"SearchAction\",\"target\":{\"@type\":\"EntryPoint\",\"urlTemplate\":\"https:\/\/www.mdirector.com\/pt\/?s={search_term_string}\"},\"query-input\":{\"@type\":\"PropertyValueSpecification\",\"valueRequired\":true,\"valueName\":\"search_term_string\"}}],\"inLanguage\":\"pt\"},{\"@type\":\"Organization\",\"@id\":\"https:\/\/www.mdirector.com\/pt\/#organization\",\"name\":\"MDirector\",\"url\":\"https:\/\/www.mdirector.com\/pt\/\",\"logo\":{\"@type\":\"ImageObject\",\"inLanguage\":\"pt\",\"@id\":\"https:\/\/www.mdirector.com\/pt\/#\/schema\/logo\/image\/\",\"url\":\"https:\/\/www.mdirector.com\/wp-content\/uploads\/2023\/01\/mdirectorbimi-ok23-tiny-ps.svg\",\"contentUrl\":\"https:\/\/www.mdirector.com\/wp-content\/uploads\/2023\/01\/mdirectorbimi-ok23-tiny-ps.svg\",\"width\":401,\"height\":401,\"caption\":\"MDirector\"},\"image\":{\"@id\":\"https:\/\/www.mdirector.com\/pt\/#\/schema\/logo\/image\/\"},\"sameAs\":[\"https:\/\/www.facebook.com\/MDirector.es\",\"https:\/\/x.com\/emailMDirector\",\"https:\/\/www.linkedin.com\/company\/1373906\/\"]}]}<\/script>\n<!-- \/ Yoast SEO plugin. -->","yoast_head_json":{"title":"Zapier","description":"Por exemplo, se receber in\u00fameros anexos nos e-mails que chegam \u00e0 sua conta. Se quisesse salv\u00e1-los no Dropbox teria de o fazer manualmente, mas Zapier","robots":{"index":"noindex","follow":"nofollow"},"og_locale":"pt_PT","og_type":"article","og_title":"Zapier","og_description":"Por exemplo, se receber in\u00fameros anexos nos e-mails que chegam \u00e0 sua conta. Se quisesse salv\u00e1-los no Dropbox teria de o fazer manualmente, mas Zapier","og_url":"https:\/\/www.mdirector.com\/pt\/integracoes\/zapier\/","og_site_name":"MDirector","article_publisher":"https:\/\/www.facebook.com\/MDirector.es","article_modified_time":"2023-07-07T12:39:59+00:00","og_image":[{"width":200,"height":200,"url":"https:\/\/www.mdirector.com\/wp-content\/uploads\/2022\/04\/zapier-1.png","type":"image\/png"}],"twitter_card":"summary_large_image","twitter_site":"@emailMDirector","twitter_misc":{"Est. reading time":"4 minutes"},"schema":{"@context":"https:\/\/schema.org","@graph":[{"@type":"WebPage","@id":"https:\/\/www.mdirector.com\/pt\/integracoes\/zapier\/","url":"https:\/\/www.mdirector.com\/pt\/integracoes\/zapier\/","name":"Zapier","isPartOf":{"@id":"https:\/\/www.mdirector.com\/pt\/#website"},"primaryImageOfPage":{"@id":"https:\/\/www.mdirector.com\/pt\/integracoes\/zapier\/#primaryimage"},"image":{"@id":"https:\/\/www.mdirector.com\/pt\/integracoes\/zapier\/#primaryimage"},"thumbnailUrl":"https:\/\/www.mdirector.com\/wp-content\/uploads\/2022\/04\/zapier-1.png","datePublished":"2022-06-06T11:13:13+00:00","dateModified":"2023-07-07T12:39:59+00:00","description":"Por exemplo, se receber in\u00fameros anexos nos e-mails que chegam \u00e0 sua conta. Se quisesse salv\u00e1-los no Dropbox teria de o fazer manualmente, mas Zapier","breadcrumb":{"@id":"https:\/\/www.mdirector.com\/pt\/integracoes\/zapier\/#breadcrumb"},"inLanguage":"pt","potentialAction":[{"@type":"ReadAction","target":["https:\/\/www.mdirector.com\/pt\/integracoes\/zapier\/"]}]},{"@type":"ImageObject","inLanguage":"pt","@id":"https:\/\/www.mdirector.com\/pt\/integracoes\/zapier\/#primaryimage","url":"https:\/\/www.mdirector.com\/wp-content\/uploads\/2022\/04\/zapier-1.png","contentUrl":"https:\/\/www.mdirector.com\/wp-content\/uploads\/2022\/04\/zapier-1.png","width":200,"height":200},{"@type":"BreadcrumbList","@id":"https:\/\/www.mdirector.com\/pt\/integracoes\/zapier\/#breadcrumb","itemListElement":[{"@type":"ListItem","position":1,"name":"Inicio","item":"https:\/\/www.mdirector.com\/pt\/"},{"@type":"ListItem","position":2,"name":"Zapier"}]},{"@type":"WebSite","@id":"https:\/\/www.mdirector.com\/pt\/#website","url":"https:\/\/www.mdirector.com\/pt\/","name":"MDirector","description":"","publisher":{"@id":"https:\/\/www.mdirector.com\/pt\/#organization"},"potentialAction":[{"@type":"SearchAction","target":{"@type":"EntryPoint","urlTemplate":"https:\/\/www.mdirector.com\/pt\/?s={search_term_string}"},"query-input":{"@type":"PropertyValueSpecification","valueRequired":true,"valueName":"search_term_string"}}],"inLanguage":"pt"},{"@type":"Organization","@id":"https:\/\/www.mdirector.com\/pt\/#organization","name":"MDirector","url":"https:\/\/www.mdirector.com\/pt\/","logo":{"@type":"ImageObject","inLanguage":"pt","@id":"https:\/\/www.mdirector.com\/pt\/#\/schema\/logo\/image\/","url":"https:\/\/www.mdirector.com\/wp-content\/uploads\/2023\/01\/mdirectorbimi-ok23-tiny-ps.svg","contentUrl":"https:\/\/www.mdirector.com\/wp-content\/uploads\/2023\/01\/mdirectorbimi-ok23-tiny-ps.svg","width":401,"height":401,"caption":"MDirector"},"image":{"@id":"https:\/\/www.mdirector.com\/pt\/#\/schema\/logo\/image\/"},"sameAs":["https:\/\/www.facebook.com\/MDirector.es","https:\/\/x.com\/emailMDirector","https:\/\/www.linkedin.com\/company\/1373906\/"]}]}},"multi-rating":{"mr_rating_results":[]},"_links":{"self":[{"href":"https:\/\/www.mdirector.com\/pt\/wp-json\/wp\/v2\/pages\/134007","targetHints":{"allow":["GET"]}}],"collection":[{"href":"https:\/\/www.mdirector.com\/pt\/wp-json\/wp\/v2\/pages"}],"about":[{"href":"https:\/\/www.mdirector.com\/pt\/wp-json\/wp\/v2\/types\/page"}],"author":[{"embeddable":true,"href":"https:\/\/www.mdirector.com\/pt\/wp-json\/wp\/v2\/users\/5"}],"replies":[{"embeddable":true,"href":"https:\/\/www.mdirector.com\/pt\/wp-json\/wp\/v2\/comments?post=134007"}],"version-history":[{"count":0,"href":"https:\/\/www.mdirector.com\/pt\/wp-json\/wp\/v2\/pages\/134007\/revisions"}],"wp:featuredmedia":[{"embeddable":true,"href":"https:\/\/www.mdirector.com\/pt\/wp-json\/wp\/v2\/media\/129369"}],"wp:attachment":[{"href":"https:\/\/www.mdirector.com\/pt\/wp-json\/wp\/v2\/media?parent=134007"}],"curies":[{"name":"wp","href":"https:\/\/api.w.org\/{rel}","templated":true}]}}