{"id":148609,"date":"2023-07-03T14:43:05","date_gmt":"2023-07-03T12:43:05","guid":{"rendered":"https:\/\/www.mdirector.com\/?page_id=148609"},"modified":"2023-07-04T12:53:59","modified_gmt":"2023-07-04T10:53:59","slug":"shopify","status":"publish","type":"page","link":"https:\/\/www.mdirector.com\/pt\/shopify\/","title":{"rendered":"Shopify"},"content":{"rendered":"<p><link rel=\"preload\" as=\"image\" href=\"https:\/\/www.mdirector.com\/wp-content\/uploads\/2023\/06\/shopify-detalle.jpg\" imagesizes=\"(max-width: 1100px) 100vw, 1100px\" \/><img decoding=\"async\" class=\"alignnone wp-image-148594 size-full\" style=\"margin: 0 !important;\" src=\"https:\/\/www.mdirector.com\/wp-content\/uploads\/2023\/06\/shopify-detalle.jpg\" alt=\"\" width=\"1540\" height=\"960\" srcset=\"https:\/\/www.mdirector.com\/wp-content\/uploads\/2023\/06\/shopify-detalle.jpg 1540w, https:\/\/www.mdirector.com\/wp-content\/uploads\/2023\/06\/shopify-detalle-300x187.jpg 300w, https:\/\/www.mdirector.com\/wp-content\/uploads\/2023\/06\/shopify-detalle-1024x638.jpg 1024w, https:\/\/www.mdirector.com\/wp-content\/uploads\/2023\/06\/shopify-detalle-768x479.jpg 768w, https:\/\/www.mdirector.com\/wp-content\/uploads\/2023\/06\/shopify-detalle-1536x958.jpg 1536w\" sizes=\"(max-width: 1540px) 100vw, 1540px\" \/><\/p>\n<h2>Entendendo a integra\u00e7\u00e3o do MDirector e Shopify<\/h2>\n<p>A integra\u00e7\u00e3o do Shopify com o MDirector facilita <b>a sincroniza\u00e7\u00e3o dos dados de seus clientes com o MDirector. <\/b>Dessa forma, voc\u00ea poder\u00e1 executar campanhas de email marketing altamente personalizadas e eficazes para e-commerce.<\/p>\n<p>Com as informa\u00e7\u00f5es de seus clientes voc\u00ea pode:<\/p>\n<ul>\n<li>Automatize o envio de seus e-mails de boas-vindas para seus usu\u00e1rios cadastrados na Shopify<\/li>\n<li>Envie campanhas SMS do MDirector para sua lista de contatos da Shopify<\/li>\n<li>Aumente sua lista de assinantes com p\u00e1ginas de destino atraentes que voc\u00ea pode enviar para seus usu\u00e1rios registrados da Shopify<\/li>\n<li>Atualize seu banco de dados no MDirector, removendo automaticamente aqueles contatos que cancelam suas comunica\u00e7\u00f5es em seu site da Shopify.<\/li>\n<\/ul>\n<h2>Vantagens de integrar MDirector e Shopify<\/h2>\n<p>A integra\u00e7\u00e3o do MDirector com Shopify oferece uma s\u00e9rie de benef\u00edcios significativos para propriet\u00e1rios de lojas online. Esses benef\u00edcios incluem:<\/p>\n<ul>\n<li><b>Otimize e melhore suas campanhas de Email Marketing<\/b><\/li>\n<\/ul>\n<p>Com MDirector, voc\u00ea pode criar e enviar comunica\u00e7\u00f5es personalizadas por e-mail e SMS para seus clientes. Aproveite os recursos avan\u00e7ados de segmenta\u00e7\u00e3o do MDirector para enviar mensagens relevantes a segmentos espec\u00edficos de seu p\u00fablico. Isso melhora a efic\u00e1cia de suas campanhas e aumenta suas taxas de convers\u00e3o.<\/p>\n<ul>\n<li><b>Personalize a experi\u00eancia do seu p\u00fablico<\/b><\/li>\n<\/ul>\n<p>Com as informa\u00e7\u00f5es de seus contatos provenientes da Shopify, voc\u00ea poder\u00e1 interagir de forma personalizada com seus assinantes. Dirija-se a seus clientes pelo nome, envie e-mails de boas-vindas, notifique suas vendas flash via SMS, ofere\u00e7a recomenda\u00e7\u00f5es de produtos, envie mensagens de anivers\u00e1rio e muito mais.<\/p>\n<ul>\n<li><b>Acesse relat\u00f3rios avan\u00e7ados<\/b><\/li>\n<\/ul>\n<p>O MDirector fornece an\u00e1lises detalhadas e abrangentes para avaliar o desempenho de suas campanhas de Email Marketing e SMS. Como lojista da Shopify, voc\u00ea pode acessar as principais m\u00e9tricas, como taxas de abertura, taxas de cliques e taxas de convers\u00e3o. Tome decis\u00f5es com base em dados e otimize seus esfor\u00e7os de marketing.<\/p>\n<h2>Como integrar MDirector e Shopify?<\/h2>\n<p>Integrar Shopify com MDirector \u00e9 um processo simples. Aqui est\u00e3o as etapas para concluir a integra\u00e7\u00e3o:<\/p>\n<h4><b>Passo 1: Crie uma conta MDirector<\/b><\/h4>\n<p>A primeira coisa que voc\u00ea precisa fazer \u00e9 criar uma conta no MDirector. Se voc\u00ea ainda n\u00e3o tem uma conta no MDirector,<a href=\"https:\/\/www.mdirector.com\/pt\/signup\/\"> acesse aqui<\/a> e siga os passos para se registrar. Sua conta MDirector deve ter acesso \u00e0 API. Lembre-se de que todas as contas do MDirector t\u00eam um per\u00edodo de teste gratuito de 30 dias ou voc\u00ea pode ter acesso ilimitado por dia com os planos PRO ou TOTAL.<\/p>\n<h4><b>Passo 2: Gerar suas credenciais de API<\/b><\/h4>\n<p>O pr\u00f3ximo passo ser\u00e1<a href=\"https:\/\/mdirector.zendesk.com\/hc\/en-us\/articles\/8549311005084-Shopify-connection-guide\"> gerar uma API de servi\u00e7o de e-mail correspondente \u00e0 sua conta no MDirecto<\/a> ou \u00e0 subconta que deseja vincular \u00e0 Shopify. Voc\u00ea faz isso acessando a se\u00e7\u00e3o &#8220;Integra\u00e7\u00f5es&#8221; de sua conta MDirector e depois a se\u00e7\u00e3o &#8220;APIS&#8221;.<\/p>\n<h4><b>Passo 3: Conecte o MDirector dentro do Shopify<\/b><\/h4>\n<p>No painel de administra\u00e7\u00e3o da Shopify, encontre a loja de aplicativos e crie o MDirector como um \u201caplicativo personalizado\u201d.<a href=\"https:\/\/mdirector.zendesk.com\/hc\/en-us\/articles\/8549311005084-Shopify-connection-guide\"> Siga as instru\u00e7\u00f5es aqui<\/a> para conectar sua conta e configurar a sincroniza\u00e7\u00e3o de dados.<\/p>\n<h2>Melhores pr\u00e1ticas para aproveitar MDirector e sua integra\u00e7\u00e3o com Shopify<\/h2>\n<p>Para aproveitar ao m\u00e1ximo a integra\u00e7\u00e3o da Shopify com o MDirector, aqui est\u00e3o algumas pr\u00e1ticas recomendadas:<\/p>\n<h4><b>Segmente seu p\u00fablico<\/b><\/h4>\n<p>Use os recursos de segmenta\u00e7\u00e3o do MDirector para dividir seu p\u00fablico em grupos menores. Envie mensagens altamente relevantes para segmentos espec\u00edficos para aumentar a efic\u00e1cia de suas campanhas de email marketing.<\/p>\n<h4><b>Crie conte\u00fado de e-mail atraente e otimizado<\/b><\/h4>\n<p>Aproveite nossos modelos ou crie do zero com o editor de arrastar e soltar do MDirector. Use uma linguagem persuasiva e personalize as mensagens com base nos interesses e comportamentos do seu p\u00fablico. Inclua frases de chamariz claras que incentivem os destinat\u00e1rios a agir.<\/p>\n<h4><b>Teste e encontre o seu melhor resultado<\/b><\/h4>\n<p>Teste regularmente para otimizar suas campanhas de Email Marketing. Aproveite a funcionalidade de teste A\/B do MDirector. Experimente diferentes linhas de assunto, layouts de e-mail e frases de chamariz. Analise os resultados e ajuste suas estrat\u00e9gias de acordo com os dados obtidos.<\/p>\n<h4><b>Garanta a entregabilidade e a reputa\u00e7\u00e3o do seu dom\u00ednio<\/b><\/h4>\n<p>Para garantir que seus e-mails cheguem \u00e0s caixas de entrada de seus assinantes, evite usar pr\u00e1ticas de spam e mantenha uma boa reputa\u00e7\u00e3o de remetente.<\/p>\n","protected":false},"excerpt":{"rendered":"<p>Entendendo a integra\u00e7\u00e3o do MDirector e Shopify A integra\u00e7\u00e3o do Shopify com o MDirector facilita a sincroniza\u00e7\u00e3o dos dados de seus clientes com o MDirector. Dessa forma, voc\u00ea poder\u00e1 executar campanhas de email marketing altamente [&hellip;]<\/p>\n","protected":false},"author":5,"featured_media":148593,"parent":0,"menu_order":0,"comment_status":"closed","ping_status":"closed","template":"template-integration.php","meta":{"_lmt_disableupdate":"","_lmt_disable":"","rating_form_position":"","rating_results_position":"","mr_structured_data_type":"","footnotes":""},"class_list":["post-148609","page","type-page","status-publish","has-post-thumbnail","hentry"],"acf":[],"yoast_head":"<!-- This site is optimized with the Yoast SEO plugin v25.3 - https:\/\/yoast.com\/wordpress\/plugins\/seo\/ -->\n<title>Shopify<\/title>\n<meta name=\"description\" content=\"Entendendo a integra\u00e7\u00e3o do MDirector e Shopify A integra\u00e7\u00e3o do Shopify com o MDirector facilita a sincroniza\u00e7\u00e3o dos dados de seus clientes com o\" \/>\n<meta name=\"robots\" content=\"noindex, nofollow\" \/>\n<meta property=\"og:locale\" content=\"pt_PT\" \/>\n<meta property=\"og:type\" content=\"article\" \/>\n<meta property=\"og:title\" content=\"Shopify\" \/>\n<meta property=\"og:description\" content=\"Entendendo a integra\u00e7\u00e3o do MDirector e Shopify A integra\u00e7\u00e3o do Shopify com o MDirector facilita a sincroniza\u00e7\u00e3o dos dados de seus clientes com o\" \/>\n<meta property=\"og:url\" content=\"https:\/\/www.mdirector.com\/pt\/shopify\/\" \/>\n<meta property=\"og:site_name\" content=\"MDirector\" \/>\n<meta property=\"article:publisher\" content=\"https:\/\/www.facebook.com\/MDirector.es\" \/>\n<meta property=\"article:modified_time\" content=\"2023-07-04T10:53:59+00:00\" \/>\n<meta property=\"og:image\" content=\"https:\/\/www.mdirector.com\/wp-content\/uploads\/2023\/06\/shopify-icon.png\" \/>\n\t<meta property=\"og:image:width\" content=\"350\" \/>\n\t<meta property=\"og:image:height\" content=\"350\" \/>\n\t<meta property=\"og:image:type\" content=\"image\/png\" \/>\n<meta name=\"twitter:card\" content=\"summary_large_image\" \/>\n<meta name=\"twitter:site\" content=\"@emailMDirector\" \/>\n<meta name=\"twitter:label1\" content=\"Est. reading time\" \/>\n\t<meta name=\"twitter:data1\" content=\"4 minutes\" \/>\n<script type=\"application\/ld+json\" class=\"yoast-schema-graph\">{\"@context\":\"https:\/\/schema.org\",\"@graph\":[{\"@type\":\"WebPage\",\"@id\":\"https:\/\/www.mdirector.com\/pt\/shopify\/\",\"url\":\"https:\/\/www.mdirector.com\/pt\/shopify\/\",\"name\":\"Shopify\",\"isPartOf\":{\"@id\":\"https:\/\/www.mdirector.com\/pt\/#website\"},\"primaryImageOfPage\":{\"@id\":\"https:\/\/www.mdirector.com\/pt\/shopify\/#primaryimage\"},\"image\":{\"@id\":\"https:\/\/www.mdirector.com\/pt\/shopify\/#primaryimage\"},\"thumbnailUrl\":\"https:\/\/www.mdirector.com\/wp-content\/uploads\/2023\/06\/shopify-icon.png\",\"datePublished\":\"2023-07-03T12:43:05+00:00\",\"dateModified\":\"2023-07-04T10:53:59+00:00\",\"description\":\"Entendendo a integra\u00e7\u00e3o do MDirector e Shopify A integra\u00e7\u00e3o do Shopify com o MDirector facilita a sincroniza\u00e7\u00e3o dos dados de seus clientes com o\",\"breadcrumb\":{\"@id\":\"https:\/\/www.mdirector.com\/pt\/shopify\/#breadcrumb\"},\"inLanguage\":\"pt\",\"potentialAction\":[{\"@type\":\"ReadAction\",\"target\":[\"https:\/\/www.mdirector.com\/pt\/shopify\/\"]}]},{\"@type\":\"ImageObject\",\"inLanguage\":\"pt\",\"@id\":\"https:\/\/www.mdirector.com\/pt\/shopify\/#primaryimage\",\"url\":\"https:\/\/www.mdirector.com\/wp-content\/uploads\/2023\/06\/shopify-icon.png\",\"contentUrl\":\"https:\/\/www.mdirector.com\/wp-content\/uploads\/2023\/06\/shopify-icon.png\",\"width\":350,\"height\":350},{\"@type\":\"BreadcrumbList\",\"@id\":\"https:\/\/www.mdirector.com\/pt\/shopify\/#breadcrumb\",\"itemListElement\":[{\"@type\":\"ListItem\",\"position\":1,\"name\":\"Inicio\",\"item\":\"https:\/\/www.mdirector.com\/pt\/\"},{\"@type\":\"ListItem\",\"position\":2,\"name\":\"Shopify\"}]},{\"@type\":\"WebSite\",\"@id\":\"https:\/\/www.mdirector.com\/pt\/#website\",\"url\":\"https:\/\/www.mdirector.com\/pt\/\",\"name\":\"MDirector\",\"description\":\"\",\"publisher\":{\"@id\":\"https:\/\/www.mdirector.com\/pt\/#organization\"},\"potentialAction\":[{\"@type\":\"SearchAction\",\"target\":{\"@type\":\"EntryPoint\",\"urlTemplate\":\"https:\/\/www.mdirector.com\/pt\/?s={search_term_string}\"},\"query-input\":{\"@type\":\"PropertyValueSpecification\",\"valueRequired\":true,\"valueName\":\"search_term_string\"}}],\"inLanguage\":\"pt\"},{\"@type\":\"Organization\",\"@id\":\"https:\/\/www.mdirector.com\/pt\/#organization\",\"name\":\"MDirector\",\"url\":\"https:\/\/www.mdirector.com\/pt\/\",\"logo\":{\"@type\":\"ImageObject\",\"inLanguage\":\"pt\",\"@id\":\"https:\/\/www.mdirector.com\/pt\/#\/schema\/logo\/image\/\",\"url\":\"https:\/\/www.mdirector.com\/wp-content\/uploads\/2023\/01\/mdirectorbimi-ok23-tiny-ps.svg\",\"contentUrl\":\"https:\/\/www.mdirector.com\/wp-content\/uploads\/2023\/01\/mdirectorbimi-ok23-tiny-ps.svg\",\"width\":401,\"height\":401,\"caption\":\"MDirector\"},\"image\":{\"@id\":\"https:\/\/www.mdirector.com\/pt\/#\/schema\/logo\/image\/\"},\"sameAs\":[\"https:\/\/www.facebook.com\/MDirector.es\",\"https:\/\/x.com\/emailMDirector\",\"https:\/\/www.linkedin.com\/company\/1373906\/\"]}]}<\/script>\n<!-- \/ Yoast SEO plugin. -->","yoast_head_json":{"title":"Shopify","description":"Entendendo a integra\u00e7\u00e3o do MDirector e Shopify A integra\u00e7\u00e3o do Shopify com o MDirector facilita a sincroniza\u00e7\u00e3o dos dados de seus clientes com o","robots":{"index":"noindex","follow":"nofollow"},"og_locale":"pt_PT","og_type":"article","og_title":"Shopify","og_description":"Entendendo a integra\u00e7\u00e3o do MDirector e Shopify A integra\u00e7\u00e3o do Shopify com o MDirector facilita a sincroniza\u00e7\u00e3o dos dados de seus clientes com o","og_url":"https:\/\/www.mdirector.com\/pt\/shopify\/","og_site_name":"MDirector","article_publisher":"https:\/\/www.facebook.com\/MDirector.es","article_modified_time":"2023-07-04T10:53:59+00:00","og_image":[{"width":350,"height":350,"url":"https:\/\/www.mdirector.com\/wp-content\/uploads\/2023\/06\/shopify-icon.png","type":"image\/png"}],"twitter_card":"summary_large_image","twitter_site":"@emailMDirector","twitter_misc":{"Est. reading time":"4 minutes"},"schema":{"@context":"https:\/\/schema.org","@graph":[{"@type":"WebPage","@id":"https:\/\/www.mdirector.com\/pt\/shopify\/","url":"https:\/\/www.mdirector.com\/pt\/shopify\/","name":"Shopify","isPartOf":{"@id":"https:\/\/www.mdirector.com\/pt\/#website"},"primaryImageOfPage":{"@id":"https:\/\/www.mdirector.com\/pt\/shopify\/#primaryimage"},"image":{"@id":"https:\/\/www.mdirector.com\/pt\/shopify\/#primaryimage"},"thumbnailUrl":"https:\/\/www.mdirector.com\/wp-content\/uploads\/2023\/06\/shopify-icon.png","datePublished":"2023-07-03T12:43:05+00:00","dateModified":"2023-07-04T10:53:59+00:00","description":"Entendendo a integra\u00e7\u00e3o do MDirector e Shopify A integra\u00e7\u00e3o do Shopify com o MDirector facilita a sincroniza\u00e7\u00e3o dos dados de seus clientes com o","breadcrumb":{"@id":"https:\/\/www.mdirector.com\/pt\/shopify\/#breadcrumb"},"inLanguage":"pt","potentialAction":[{"@type":"ReadAction","target":["https:\/\/www.mdirector.com\/pt\/shopify\/"]}]},{"@type":"ImageObject","inLanguage":"pt","@id":"https:\/\/www.mdirector.com\/pt\/shopify\/#primaryimage","url":"https:\/\/www.mdirector.com\/wp-content\/uploads\/2023\/06\/shopify-icon.png","contentUrl":"https:\/\/www.mdirector.com\/wp-content\/uploads\/2023\/06\/shopify-icon.png","width":350,"height":350},{"@type":"BreadcrumbList","@id":"https:\/\/www.mdirector.com\/pt\/shopify\/#breadcrumb","itemListElement":[{"@type":"ListItem","position":1,"name":"Inicio","item":"https:\/\/www.mdirector.com\/pt\/"},{"@type":"ListItem","position":2,"name":"Shopify"}]},{"@type":"WebSite","@id":"https:\/\/www.mdirector.com\/pt\/#website","url":"https:\/\/www.mdirector.com\/pt\/","name":"MDirector","description":"","publisher":{"@id":"https:\/\/www.mdirector.com\/pt\/#organization"},"potentialAction":[{"@type":"SearchAction","target":{"@type":"EntryPoint","urlTemplate":"https:\/\/www.mdirector.com\/pt\/?s={search_term_string}"},"query-input":{"@type":"PropertyValueSpecification","valueRequired":true,"valueName":"search_term_string"}}],"inLanguage":"pt"},{"@type":"Organization","@id":"https:\/\/www.mdirector.com\/pt\/#organization","name":"MDirector","url":"https:\/\/www.mdirector.com\/pt\/","logo":{"@type":"ImageObject","inLanguage":"pt","@id":"https:\/\/www.mdirector.com\/pt\/#\/schema\/logo\/image\/","url":"https:\/\/www.mdirector.com\/wp-content\/uploads\/2023\/01\/mdirectorbimi-ok23-tiny-ps.svg","contentUrl":"https:\/\/www.mdirector.com\/wp-content\/uploads\/2023\/01\/mdirectorbimi-ok23-tiny-ps.svg","width":401,"height":401,"caption":"MDirector"},"image":{"@id":"https:\/\/www.mdirector.com\/pt\/#\/schema\/logo\/image\/"},"sameAs":["https:\/\/www.facebook.com\/MDirector.es","https:\/\/x.com\/emailMDirector","https:\/\/www.linkedin.com\/company\/1373906\/"]}]}},"multi-rating":{"mr_rating_results":[]},"_links":{"self":[{"href":"https:\/\/www.mdirector.com\/pt\/wp-json\/wp\/v2\/pages\/148609","targetHints":{"allow":["GET"]}}],"collection":[{"href":"https:\/\/www.mdirector.com\/pt\/wp-json\/wp\/v2\/pages"}],"about":[{"href":"https:\/\/www.mdirector.com\/pt\/wp-json\/wp\/v2\/types\/page"}],"author":[{"embeddable":true,"href":"https:\/\/www.mdirector.com\/pt\/wp-json\/wp\/v2\/users\/5"}],"replies":[{"embeddable":true,"href":"https:\/\/www.mdirector.com\/pt\/wp-json\/wp\/v2\/comments?post=148609"}],"version-history":[{"count":0,"href":"https:\/\/www.mdirector.com\/pt\/wp-json\/wp\/v2\/pages\/148609\/revisions"}],"wp:featuredmedia":[{"embeddable":true,"href":"https:\/\/www.mdirector.com\/pt\/wp-json\/wp\/v2\/media\/148593"}],"wp:attachment":[{"href":"https:\/\/www.mdirector.com\/pt\/wp-json\/wp\/v2\/media?parent=148609"}],"curies":[{"name":"wp","href":"https:\/\/api.w.org\/{rel}","templated":true}]}}