{"id":149320,"date":"2023-07-19T09:02:48","date_gmt":"2023-07-19T07:02:48","guid":{"rendered":"https:\/\/www.mdirector.com\/actualiza-tu-navegador\/"},"modified":"2023-07-26T14:32:46","modified_gmt":"2023-07-26T12:32:46","slug":"actualiza-tu-navegador","status":"publish","type":"page","link":"https:\/\/www.mdirector.com\/pt\/atualizar-seu-navegador\/","title":{"rendered":"Melhora a tua experi\u00eancia de navega\u00e7\u00e3o"},"content":{"rendered":"","protected":false},"excerpt":{"rendered":"","protected":false},"author":5,"featured_media":0,"parent":0,"menu_order":0,"comment_status":"closed","ping_status":"closed","template":"template-corporate.php","meta":{"_lmt_disableupdate":"","_lmt_disable":"","rating_form_position":"","rating_results_position":"","mr_structured_data_type":"","footnotes":""},"class_list":["post-149320","page","type-page","status-publish","hentry"],"acf":[],"yoast_head":"<!-- This site is optimized with the Yoast SEO plugin v25.3 - https:\/\/yoast.com\/wordpress\/plugins\/seo\/ -->\n<title>Melhora a tua experi\u00eancia de navega\u00e7\u00e3o<\/title>\n<meta name=\"robots\" content=\"noindex, nofollow\" \/>\n<meta property=\"og:locale\" content=\"pt_PT\" \/>\n<meta property=\"og:type\" content=\"article\" \/>\n<meta property=\"og:title\" content=\"Melhora a tua experi\u00eancia de navega\u00e7\u00e3o\" \/>\n<meta property=\"og:url\" content=\"https:\/\/www.mdirector.com\/pt\/atualizar-seu-navegador\/\" \/>\n<meta property=\"og:site_name\" content=\"MDirector\" \/>\n<meta property=\"article:publisher\" content=\"https:\/\/www.facebook.com\/MDirector.es\" \/>\n<meta property=\"article:modified_time\" content=\"2023-07-26T12:32:46+00:00\" \/>\n<meta property=\"og:image\" content=\"https:\/\/www.mdirector.com\/wp-content\/uploads\/2022\/04\/logo_destacado_mdirector-1.jpg\" \/>\n\t<meta property=\"og:image:width\" content=\"653\" \/>\n\t<meta property=\"og:image:height\" content=\"493\" \/>\n\t<meta property=\"og:image:type\" content=\"image\/jpeg\" \/>\n<meta name=\"twitter:card\" content=\"summary_large_image\" \/>\n<meta name=\"twitter:site\" content=\"@emailMDirector\" \/>\n<script type=\"application\/ld+json\" class=\"yoast-schema-graph\">{\"@context\":\"https:\/\/schema.org\",\"@graph\":[{\"@type\":\"WebPage\",\"@id\":\"https:\/\/www.mdirector.com\/pt\/atualizar-seu-navegador\/\",\"url\":\"https:\/\/www.mdirector.com\/pt\/atualizar-seu-navegador\/\",\"name\":\"Melhora a tua experi\u00eancia de navega\u00e7\u00e3o\",\"isPartOf\":{\"@id\":\"https:\/\/www.mdirector.com\/pt\/#website\"},\"datePublished\":\"2023-07-19T07:02:48+00:00\",\"dateModified\":\"2023-07-26T12:32:46+00:00\",\"breadcrumb\":{\"@id\":\"https:\/\/www.mdirector.com\/pt\/atualizar-seu-navegador\/#breadcrumb\"},\"inLanguage\":\"pt\",\"potentialAction\":[{\"@type\":\"ReadAction\",\"target\":[\"https:\/\/www.mdirector.com\/pt\/atualizar-seu-navegador\/\"]}]},{\"@type\":\"BreadcrumbList\",\"@id\":\"https:\/\/www.mdirector.com\/pt\/atualizar-seu-navegador\/#breadcrumb\",\"itemListElement\":[{\"@type\":\"ListItem\",\"position\":1,\"name\":\"Inicio\",\"item\":\"https:\/\/www.mdirector.com\/pt\/\"},{\"@type\":\"ListItem\",\"position\":2,\"name\":\"Melhora a tua experi\u00eancia de navega\u00e7\u00e3o\"}]},{\"@type\":\"WebSite\",\"@id\":\"https:\/\/www.mdirector.com\/pt\/#website\",\"url\":\"https:\/\/www.mdirector.com\/pt\/\",\"name\":\"MDirector\",\"description\":\"\",\"publisher\":{\"@id\":\"https:\/\/www.mdirector.com\/pt\/#organization\"},\"potentialAction\":[{\"@type\":\"SearchAction\",\"target\":{\"@type\":\"EntryPoint\",\"urlTemplate\":\"https:\/\/www.mdirector.com\/pt\/?s={search_term_string}\"},\"query-input\":{\"@type\":\"PropertyValueSpecification\",\"valueRequired\":true,\"valueName\":\"search_term_string\"}}],\"inLanguage\":\"pt\"},{\"@type\":\"Organization\",\"@id\":\"https:\/\/www.mdirector.com\/pt\/#organization\",\"name\":\"MDirector\",\"url\":\"https:\/\/www.mdirector.com\/pt\/\",\"logo\":{\"@type\":\"ImageObject\",\"inLanguage\":\"pt\",\"@id\":\"https:\/\/www.mdirector.com\/pt\/#\/schema\/logo\/image\/\",\"url\":\"https:\/\/www.mdirector.com\/wp-content\/uploads\/2023\/01\/mdirectorbimi-ok23-tiny-ps.svg\",\"contentUrl\":\"https:\/\/www.mdirector.com\/wp-content\/uploads\/2023\/01\/mdirectorbimi-ok23-tiny-ps.svg\",\"width\":401,\"height\":401,\"caption\":\"MDirector\"},\"image\":{\"@id\":\"https:\/\/www.mdirector.com\/pt\/#\/schema\/logo\/image\/\"},\"sameAs\":[\"https:\/\/www.facebook.com\/MDirector.es\",\"https:\/\/x.com\/emailMDirector\",\"https:\/\/www.linkedin.com\/company\/1373906\/\"]}]}<\/script>\n<!-- \/ Yoast SEO plugin. -->","yoast_head_json":{"title":"Melhora a tua experi\u00eancia de navega\u00e7\u00e3o","robots":{"index":"noindex","follow":"nofollow"},"og_locale":"pt_PT","og_type":"article","og_title":"Melhora a tua experi\u00eancia de navega\u00e7\u00e3o","og_url":"https:\/\/www.mdirector.com\/pt\/atualizar-seu-navegador\/","og_site_name":"MDirector","article_publisher":"https:\/\/www.facebook.com\/MDirector.es","article_modified_time":"2023-07-26T12:32:46+00:00","og_image":[{"width":653,"height":493,"url":"https:\/\/www.mdirector.com\/wp-content\/uploads\/2022\/04\/logo_destacado_mdirector-1.jpg","type":"image\/jpeg"}],"twitter_card":"summary_large_image","twitter_site":"@emailMDirector","schema":{"@context":"https:\/\/schema.org","@graph":[{"@type":"WebPage","@id":"https:\/\/www.mdirector.com\/pt\/atualizar-seu-navegador\/","url":"https:\/\/www.mdirector.com\/pt\/atualizar-seu-navegador\/","name":"Melhora a tua experi\u00eancia de navega\u00e7\u00e3o","isPartOf":{"@id":"https:\/\/www.mdirector.com\/pt\/#website"},"datePublished":"2023-07-19T07:02:48+00:00","dateModified":"2023-07-26T12:32:46+00:00","breadcrumb":{"@id":"https:\/\/www.mdirector.com\/pt\/atualizar-seu-navegador\/#breadcrumb"},"inLanguage":"pt","potentialAction":[{"@type":"ReadAction","target":["https:\/\/www.mdirector.com\/pt\/atualizar-seu-navegador\/"]}]},{"@type":"BreadcrumbList","@id":"https:\/\/www.mdirector.com\/pt\/atualizar-seu-navegador\/#breadcrumb","itemListElement":[{"@type":"ListItem","position":1,"name":"Inicio","item":"https:\/\/www.mdirector.com\/pt\/"},{"@type":"ListItem","position":2,"name":"Melhora a tua experi\u00eancia de navega\u00e7\u00e3o"}]},{"@type":"WebSite","@id":"https:\/\/www.mdirector.com\/pt\/#website","url":"https:\/\/www.mdirector.com\/pt\/","name":"MDirector","description":"","publisher":{"@id":"https:\/\/www.mdirector.com\/pt\/#organization"},"potentialAction":[{"@type":"SearchAction","target":{"@type":"EntryPoint","urlTemplate":"https:\/\/www.mdirector.com\/pt\/?s={search_term_string}"},"query-input":{"@type":"PropertyValueSpecification","valueRequired":true,"valueName":"search_term_string"}}],"inLanguage":"pt"},{"@type":"Organization","@id":"https:\/\/www.mdirector.com\/pt\/#organization","name":"MDirector","url":"https:\/\/www.mdirector.com\/pt\/","logo":{"@type":"ImageObject","inLanguage":"pt","@id":"https:\/\/www.mdirector.com\/pt\/#\/schema\/logo\/image\/","url":"https:\/\/www.mdirector.com\/wp-content\/uploads\/2023\/01\/mdirectorbimi-ok23-tiny-ps.svg","contentUrl":"https:\/\/www.mdirector.com\/wp-content\/uploads\/2023\/01\/mdirectorbimi-ok23-tiny-ps.svg","width":401,"height":401,"caption":"MDirector"},"image":{"@id":"https:\/\/www.mdirector.com\/pt\/#\/schema\/logo\/image\/"},"sameAs":["https:\/\/www.facebook.com\/MDirector.es","https:\/\/x.com\/emailMDirector","https:\/\/www.linkedin.com\/company\/1373906\/"]}]}},"multi-rating":{"mr_rating_results":[]},"_links":{"self":[{"href":"https:\/\/www.mdirector.com\/pt\/wp-json\/wp\/v2\/pages\/149320","targetHints":{"allow":["GET"]}}],"collection":[{"href":"https:\/\/www.mdirector.com\/pt\/wp-json\/wp\/v2\/pages"}],"about":[{"href":"https:\/\/www.mdirector.com\/pt\/wp-json\/wp\/v2\/types\/page"}],"author":[{"embeddable":true,"href":"https:\/\/www.mdirector.com\/pt\/wp-json\/wp\/v2\/users\/5"}],"replies":[{"embeddable":true,"href":"https:\/\/www.mdirector.com\/pt\/wp-json\/wp\/v2\/comments?post=149320"}],"version-history":[{"count":0,"href":"https:\/\/www.mdirector.com\/pt\/wp-json\/wp\/v2\/pages\/149320\/revisions"}],"wp:attachment":[{"href":"https:\/\/www.mdirector.com\/pt\/wp-json\/wp\/v2\/media?parent=149320"}],"curies":[{"name":"wp","href":"https:\/\/api.w.org\/{rel}","templated":true}]}}